{"id":4712,"date":"2022-11-14T14:58:33","date_gmt":"2022-11-14T13:58:33","guid":{"rendered":"https:\/\/antcube.shop\/produkt\/humus-ziegel-brick-650g-ergibt-8-9l\/"},"modified":"2026-04-15T09:42:37","modified_gmt":"2026-04-15T07:42:37","slug":"humus-ziegel-brick-650g-ergibt-8-9l","status":"publish","type":"product","link":"https:\/\/antcube.shop\/sl\/izdelek\/humus-ziegel-brick-650g-ergibt-8-9l\/","title":{"rendered":"Humusna opeka 650 g - nastane 8-9 l"},"content":{"rendered":"<p><strong>Vsebina \/ obseg:<\/strong> S 650 g dobite 8-10 litrov.<\/p>\n<p><strong>Opis:<\/strong> Humus Formicarium je sestavljen iz naravnega humusa iz kokosovih vlaken, ki je stisnjen v opeko. V kombinaciji z vodo humusna opeka nabrekne na pribli\u017eno 8-10-kratnik svoje prostornine. Ta humus formikarija, ki se lahko zakoplje, je odli\u010den za mravlje iz tropskih obmo\u010dij in se lahko uporablja tako v suhem kot v vla\u017enem stanju. Formikarijev humus je \u010disti naravni izdelek, za katerega je zagotovljeno, da ne vsebuje nobenih kemikalij, pesticidov in gnojil ter ga je mogo\u010de kompostirati 100%.<\/p>\n<p>- 100% iz obnovljivih surovin rastlinskega izvora<br \/>\n- visoka vpojnost<br \/>\n- velika zmogljivost shranjevanja vode<\/p>\n<p><strong>Navodila:<\/strong> opeko namo\u010dite v 4-5 litrov tople vode v posodi za pribli\u017eno 20-30 minut. \u010ce opeka \u0161e ni popolnoma raztopljena, preostanek razbijete z roko. Po potrebi iz humusa iztisnite odve\u010dno vodo.<\/p>","protected":false},"excerpt":{"rendered":"<p>Vsebina \/ prostornina: iz 650 g nastane 8-10 litrov. Opis: Humus Formicarium je sestavljen iz naravnega humusa iz kokosovih vlaken, ki je stisnjen v opeko. V kombinaciji z vodo humusna opeka nabrekne na pribli\u017eno 8-10-kratnik svoje prostornine. Humus formikarija, ki se lahko zakoplje, je odli\u010den za mravlje iz tropskih obmo\u010dij in se lahko uporablja tako v suhem stanju","protected":false},"featured_media":4811,"comment_status":"open","ping_status":"closed","template":"","meta":{"_acf_changed":false,"content-type":"","_monsterinsights_skip_tracking":false,"_monsterinsights_sitenote_active":false,"_monsterinsights_sitenote_note":"","_monsterinsights_sitenote_category":0},"product_brand":[],"product_cat":[96],"product_tag":[],"class_list":{"0":"post-4712","1":"product","2":"type-product","3":"status-publish","4":"has-post-thumbnail","6":"product_cat-soil","8":"first","9":"instock","10":"taxable","11":"shipping-taxable","12":"purchasable","13":"product-type-simple"},"acf":[],"aioseo_notices":[],"jetpack_sharing_enabled":true,"_links":{"self":[{"href":"https:\/\/antcube.shop\/sl\/wp-json\/wp\/v2\/product\/4712","targetHints":{"allow":["GET"]}}],"collection":[{"href":"https:\/\/antcube.shop\/sl\/wp-json\/wp\/v2\/product"}],"about":[{"href":"https:\/\/antcube.shop\/sl\/wp-json\/wp\/v2\/types\/product"}],"replies":[{"embeddable":true,"href":"https:\/\/antcube.shop\/sl\/wp-json\/wp\/v2\/comments?post=4712"}],"wp:featuredmedia":[{"embeddable":true,"href":"https:\/\/antcube.shop\/sl\/wp-json\/wp\/v2\/media\/4811"}],"wp:attachment":[{"href":"https:\/\/antcube.shop\/sl\/wp-json\/wp\/v2\/media?parent=4712"}],"wp:term":[{"taxonomy":"product_brand","embeddable":true,"href":"https:\/\/antcube.shop\/sl\/wp-json\/wp\/v2\/product_brand?post=4712"},{"taxonomy":"product_cat","embeddable":true,"href":"https:\/\/antcube.shop\/sl\/wp-json\/wp\/v2\/product_cat?post=4712"},{"taxonomy":"product_tag","embeddable":true,"href":"https:\/\/antcube.shop\/sl\/wp-json\/wp\/v2\/product_tag?post=4712"}],"curies":[{"name":"wp","href":"https:\/\/api.w.org\/{rel}","templated":true}]}}