{"id":4710,"date":"2022-11-14T14:58:00","date_gmt":"2022-11-14T13:58:00","guid":{"rendered":"https:\/\/antcube.shop\/produkt\/bodengrund-sand-lehm-weis-1000g\/"},"modified":"2026-04-02T18:12:12","modified_gmt":"2026-04-02T16:12:12","slug":"bodengrund-sand-lehm-weis-1000g","status":"publish","type":"product","link":"https:\/\/antcube.shop\/sl\/izdelek\/bodengrund-sand-lehm-weis-1000g\/","title":{"rendered":"Substrat - Pe\u0161\u010deno-pene\u010da bela - 1000g"},"content":{"rendered":"<p><strong>Vsebina:<\/strong> 1000g<\/p>\n<p><strong>Material:<\/strong> pesek, apno, apneno vezivo<\/p>\n<p><strong>Barva:<\/strong> bela<\/p>\n<p><strong>Razmerje me\u0161anja:<\/strong> diggable<\/p>\n<p><strong>Opis:<\/strong> Ta pripravljena me\u0161anica peska in gline je \u010disti naravni izdelek. Barvilo je iz belega apnenega peska. Mo\u010d je posledica vezane apnene me\u0161anice, ki je ne\u0161kodljiva za \u017eivali.<\/p>\n<p><strong>Uporaba:<\/strong> Kopanje zemlje, lahko se uporablja za gnezdo in areno! Ima ve\u010djo trdnost v primerjavi z be\u017e zemljo, tudi v vla\u017enem stanju.<\/p>\n<p><strong>Opomba:<\/strong> ker gre za povsem naravni izdelek, lahko pride do majhnih razlik v barvi in strukturi, na katere ne moremo vplivati.<\/p>\n<p><strong>Pomembno:<\/strong> Pred uporabo substrat navla\u017eite, da se me\u0161anica lahko zdru\u017ei in trdno oprime v mravlji\u0161\u010du. Poleg tega lahko presuh in pra\u0161en substrat povzro\u010di blokado dihalnih poti mravelj in v najslab\u0161em primeru zadu\u0161itev \u017eivali.<\/p>","protected":false},"excerpt":{"rendered":"<p>Naravni substrat - primeren za kopanje<\/p>","protected":false},"featured_media":5725,"comment_status":"open","ping_status":"closed","template":"","meta":{"_acf_changed":false,"content-type":"","_monsterinsights_skip_tracking":false,"_monsterinsights_sitenote_active":false,"_monsterinsights_sitenote_note":"","_monsterinsights_sitenote_category":0},"product_brand":[],"product_cat":[95,96],"product_tag":[],"class_list":{"0":"post-4710","1":"product","2":"type-product","3":"status-publish","4":"has-post-thumbnail","6":"product_cat-accessories-for-ants","7":"product_cat-soil","9":"first","10":"instock","11":"taxable","12":"shipping-taxable","13":"purchasable","14":"product-type-simple"},"acf":[],"aioseo_notices":[],"jetpack_sharing_enabled":true,"_links":{"self":[{"href":"https:\/\/antcube.shop\/sl\/wp-json\/wp\/v2\/product\/4710","targetHints":{"allow":["GET"]}}],"collection":[{"href":"https:\/\/antcube.shop\/sl\/wp-json\/wp\/v2\/product"}],"about":[{"href":"https:\/\/antcube.shop\/sl\/wp-json\/wp\/v2\/types\/product"}],"replies":[{"embeddable":true,"href":"https:\/\/antcube.shop\/sl\/wp-json\/wp\/v2\/comments?post=4710"}],"wp:featuredmedia":[{"embeddable":true,"href":"https:\/\/antcube.shop\/sl\/wp-json\/wp\/v2\/media\/5725"}],"wp:attachment":[{"href":"https:\/\/antcube.shop\/sl\/wp-json\/wp\/v2\/media?parent=4710"}],"wp:term":[{"taxonomy":"product_brand","embeddable":true,"href":"https:\/\/antcube.shop\/sl\/wp-json\/wp\/v2\/product_brand?post=4710"},{"taxonomy":"product_cat","embeddable":true,"href":"https:\/\/antcube.shop\/sl\/wp-json\/wp\/v2\/product_cat?post=4710"},{"taxonomy":"product_tag","embeddable":true,"href":"https:\/\/antcube.shop\/sl\/wp-json\/wp\/v2\/product_tag?post=4710"}],"curies":[{"name":"wp","href":"https:\/\/api.w.org\/{rel}","templated":true}]}}