{"id":4702,"date":"2022-11-14T14:55:34","date_gmt":"2022-11-14T13:55:34","guid":{"rendered":"https:\/\/antcube.shop\/produkt\/antcube-ameisenarenaeinsatz-s-20x20\/"},"modified":"2025-10-18T22:49:11","modified_gmt":"2025-10-18T20:49:11","slug":"antcube-ameisenarenaeinsatz-s-20x20","status":"publish","type":"product","link":"https:\/\/antcube.shop\/sl\/izdelek\/antcube-ameisenarenaeinsatz-s-20x20\/","title":{"rendered":"ANTCUBE vlo\u017eek za areno za mravlje - S - 20\u00d720"},"content":{"rendered":"<p><strong>Dimenzije:<\/strong><br \/>\nzunanja stran: 190 x 14 x 176 mm<br \/>\nnotranjost: 184 x 6 x 169 mm<\/p>\n<p><strong>Material:<\/strong> float steklo<\/p>\n<p><strong>Barva:<\/strong> prozorno<\/p>\n<p><strong>Vsebina:<\/strong><br \/>\n1x vlo\u017eek za mravlji\u0161\u010de<br \/>\n1x pokrov<br \/>\n1x pritrdilne to\u010dke 2 kosa.<\/p>\n<p><strong>Opis:<\/strong><br \/>\nTa vlo\u017eek za gnezdo se lahko namesti v mravlji\u0161\u010de ANTCUBE in napolni z materialom, primernim za kopanje (npr. me\u0161anica peska in gline ali Digfix). Posebnost je, da ga je mogo\u010de priro\u010dno odstraniti iz arene, npr. za prezimovanje z mravljami. Kot vhod in izhod ter za prezra\u010devanje sta v spodnjem delu dve 10 mm luknji. Za prezimovanje ju je mogo\u010de zapreti z 10 mm \u010depi. <strong>(niso vklju\u010deni)<\/strong>.<\/p>\n<p><strong>Opomba:<\/strong> Steklo je rezano v skladu z DIN 1249 z dovoljenim odstopanjem +\/- 1 mm. Za izjemno majhne vrste mravelj je nujna dodatna za\u0161\u010dita pred razbitjem.<\/p>\n<p>&nbsp;<\/p>","protected":false},"excerpt":{"rendered":"<p>Velikost: <strong><span style=\"color: #ff9900;\">S<\/span><\/strong><\/p>","protected":false},"featured_media":4998,"comment_status":"open","ping_status":"closed","template":"","meta":{"_acf_changed":false,"content-type":"","_monsterinsights_skip_tracking":false,"_monsterinsights_sitenote_active":false,"_monsterinsights_sitenote_note":"","_monsterinsights_sitenote_category":0},"product_brand":[],"product_cat":[91,94],"product_tag":[],"class_list":{"0":"post-4702","1":"product","2":"type-product","3":"status-publish","4":"has-post-thumbnail","6":"product_cat-formicarium-modules","7":"product_cat-arena-inset","9":"first","10":"outofstock","11":"taxable","12":"shipping-taxable","13":"purchasable","14":"product-type-simple"},"acf":[],"aioseo_notices":[],"jetpack_sharing_enabled":true,"_links":{"self":[{"href":"https:\/\/antcube.shop\/sl\/wp-json\/wp\/v2\/product\/4702","targetHints":{"allow":["GET"]}}],"collection":[{"href":"https:\/\/antcube.shop\/sl\/wp-json\/wp\/v2\/product"}],"about":[{"href":"https:\/\/antcube.shop\/sl\/wp-json\/wp\/v2\/types\/product"}],"replies":[{"embeddable":true,"href":"https:\/\/antcube.shop\/sl\/wp-json\/wp\/v2\/comments?post=4702"}],"wp:featuredmedia":[{"embeddable":true,"href":"https:\/\/antcube.shop\/sl\/wp-json\/wp\/v2\/media\/4998"}],"wp:attachment":[{"href":"https:\/\/antcube.shop\/sl\/wp-json\/wp\/v2\/media?parent=4702"}],"wp:term":[{"taxonomy":"product_brand","embeddable":true,"href":"https:\/\/antcube.shop\/sl\/wp-json\/wp\/v2\/product_brand?post=4702"},{"taxonomy":"product_cat","embeddable":true,"href":"https:\/\/antcube.shop\/sl\/wp-json\/wp\/v2\/product_cat?post=4702"},{"taxonomy":"product_tag","embeddable":true,"href":"https:\/\/antcube.shop\/sl\/wp-json\/wp\/v2\/product_tag?post=4702"}],"curies":[{"name":"wp","href":"https:\/\/api.w.org\/{rel}","templated":true}]}}