{"id":4699,"date":"2022-11-14T14:54:48","date_gmt":"2022-11-14T13:54:48","guid":{"rendered":"https:\/\/antcube.shop\/produkt\/antcube-gipsnest-40x20-stehend\/"},"modified":"2026-03-20T13:42:44","modified_gmt":"2026-03-20T12:42:44","slug":"antcube-gipsnest-40x20-stehend","status":"publish","type":"product","link":"https:\/\/antcube.shop\/sl\/izdelek\/antcube-gipsnest-40x20-stehend\/","title":{"rendered":"ANTCUBE - mav\u010dno gnezdo 40\u00d720 - stoje\u010de"},"content":{"rendered":"<p><strong>Dimenzije:<\/strong> 382 x 159 x 19,5 mm<\/p>\n<p><strong>Material:<\/strong> omet<\/p>\n<p>Primerno samo za na\u0161e mravlji\u0161\u010da velikosti L<\/p>\n<p><strong>Opis:<\/strong> Na\u0161e mav\u010dno gnezdo z vnaprej pripravljenimi prehodi in komorami je primerno za \u0161tevilne vrste mravelj, zlasti za vrste, ki gradijo gnezda na zelo pe\u0161\u010denih ali kamnitih tleh. Ima luknjo za dostop do gnezda. Omet ima lastnost vpijanja vode, zato se v njem zadr\u017euje dolo\u010dena koli\u010dina vlage. Kljub temu gnezda iz mavca ne smemo uporabljati trajno vla\u017enega, saj lahko sicer pride do plesni (zaradi ostankov hrane ali izlo\u010dkov mravelj). Zato je treba, \u010de je le mogo\u010de, v njem gojiti vrste iz precej suhih obmo\u010dij. To so na primer vrste iz sredozemskih ali pu\u0161\u010davskih obmo\u010dij.<\/p>","protected":false},"excerpt":{"rendered":"<p>Dimenzije: Velikost: 382 x 159 x 19,5 mm Material: mavec Primerna le za na\u0161e mravlji\u0161\u010da velikosti L Opis: Na\u0161e mav\u010dno gnezdo z vnaprej pripravljenimi prehodi in komorami je primerno za \u0161tevilne vrste mravelj, zlasti za vrste, ki gradijo gnezda na zelo pe\u0161\u010denih ali kamnitih tleh. Ima luknjo za dostop do gnezda. Mavec ima","protected":false},"featured_media":5031,"comment_status":"open","ping_status":"closed","template":"","meta":{"_acf_changed":false,"content-type":"","_monsterinsights_skip_tracking":false,"_monsterinsights_sitenote_active":false,"_monsterinsights_sitenote_note":"","_monsterinsights_sitenote_category":0},"product_brand":[],"product_cat":[87,90],"product_tag":[],"class_list":{"0":"post-4699","1":"product","2":"type-product","3":"status-publish","4":"has-post-thumbnail","6":"product_cat-nest-insets","7":"product_cat-gypsum","9":"first","10":"instock","11":"taxable","12":"shipping-taxable","13":"purchasable","14":"product-type-simple"},"acf":[],"aioseo_notices":[],"jetpack_sharing_enabled":true,"_links":{"self":[{"href":"https:\/\/antcube.shop\/sl\/wp-json\/wp\/v2\/product\/4699","targetHints":{"allow":["GET"]}}],"collection":[{"href":"https:\/\/antcube.shop\/sl\/wp-json\/wp\/v2\/product"}],"about":[{"href":"https:\/\/antcube.shop\/sl\/wp-json\/wp\/v2\/types\/product"}],"replies":[{"embeddable":true,"href":"https:\/\/antcube.shop\/sl\/wp-json\/wp\/v2\/comments?post=4699"}],"wp:featuredmedia":[{"embeddable":true,"href":"https:\/\/antcube.shop\/sl\/wp-json\/wp\/v2\/media\/5031"}],"wp:attachment":[{"href":"https:\/\/antcube.shop\/sl\/wp-json\/wp\/v2\/media?parent=4699"}],"wp:term":[{"taxonomy":"product_brand","embeddable":true,"href":"https:\/\/antcube.shop\/sl\/wp-json\/wp\/v2\/product_brand?post=4699"},{"taxonomy":"product_cat","embeddable":true,"href":"https:\/\/antcube.shop\/sl\/wp-json\/wp\/v2\/product_cat?post=4699"},{"taxonomy":"product_tag","embeddable":true,"href":"https:\/\/antcube.shop\/sl\/wp-json\/wp\/v2\/product_tag?post=4699"}],"curies":[{"name":"wp","href":"https:\/\/api.w.org\/{rel}","templated":true}]}}