{"id":4694,"date":"2022-11-14T14:53:29","date_gmt":"2022-11-14T13:53:29","guid":{"rendered":"https:\/\/antcube.shop\/produkt\/antcube-einbauarena-30x30x20\/"},"modified":"2026-04-20T14:51:25","modified_gmt":"2026-04-20T12:51:25","slug":"antcube-einbauarena-30x30x20","status":"publish","type":"product","link":"https:\/\/antcube.shop\/sl\/izdelek\/antcube-einbauarena-30x30x20\/","title":{"rendered":"ANTCUBE opremljena arena 30x30x20"},"content":{"rendered":"<p>ANTCUBE opremljena arena 30x30x20 cm z 2x 27 mm luknjo.<\/p>\n<p><strong>Dimenzije:<\/strong> 300 x 300 x 200 mm; debelina stekla 4 mm.<br \/>\n<strong>Material:<\/strong> float steklo<\/p>\n<p><strong>Povezava:<\/strong> 2x izvrtina 27 mm<\/p>\n<p><strong>Opis:<\/strong> ANTCUBE je bil zasnovan tako, da ga je mogo\u010de udobno namestiti tudi na manj\u0161e police. Tako se na primer odli\u010dno prilega polici Kallax. Odprtine (sredi\u0161\u010dna to\u010dka) so na sprednji strani (levo in desno) v vi\u0161ini 3 cm in na razdalji 3 cm od zunanjega roba. Zaradi polo\u017eaja 27 mm lukenj na sprednji strani (in ne na stranskih oknih, kot je obi\u010dajno) lahko preprosto dodate ve\u010d aren in mravlji\u0161\u010d, ne da bi izgubili prostor na straneh ali onemogo\u010dili dostop do vrat. Pokrov arene, za\u0161\u010ditni okvir za preboj, povezovalni elementi, kot so cevni ali cevni priklju\u010dki, so na voljo lo\u010deno.<\/p>\n<p><strong>Opomba:<\/strong> Steklo je rezano v skladu z DIN 1249 z dovoljenim odstopanjem +\/- 1 mm. Za izjemno majhne vrste mravelj je nujna dodatna za\u0161\u010dita pred razbitjem.<\/p>","protected":false},"excerpt":{"rendered":"<p>Priklju\u010dek: 2x izvrtina 27 mm<\/p>","protected":false},"featured_media":5042,"comment_status":"open","ping_status":"closed","template":"","meta":{"_acf_changed":false,"content-type":"","_monsterinsights_skip_tracking":false,"_monsterinsights_sitenote_active":false,"_monsterinsights_sitenote_note":"","_monsterinsights_sitenote_category":0},"product_brand":[],"product_cat":[85,86],"product_tag":[],"class_list":{"0":"post-4694","1":"product","2":"type-product","3":"status-publish","4":"has-post-thumbnail","6":"product_cat-ant-arenas","7":"product_cat-formicariums","9":"first","10":"instock","11":"taxable","12":"shipping-taxable","13":"purchasable","14":"product-type-simple"},"acf":[],"aioseo_notices":[],"jetpack_sharing_enabled":true,"_links":{"self":[{"href":"https:\/\/antcube.shop\/sl\/wp-json\/wp\/v2\/product\/4694","targetHints":{"allow":["GET"]}}],"collection":[{"href":"https:\/\/antcube.shop\/sl\/wp-json\/wp\/v2\/product"}],"about":[{"href":"https:\/\/antcube.shop\/sl\/wp-json\/wp\/v2\/types\/product"}],"replies":[{"embeddable":true,"href":"https:\/\/antcube.shop\/sl\/wp-json\/wp\/v2\/comments?post=4694"}],"wp:featuredmedia":[{"embeddable":true,"href":"https:\/\/antcube.shop\/sl\/wp-json\/wp\/v2\/media\/5042"}],"wp:attachment":[{"href":"https:\/\/antcube.shop\/sl\/wp-json\/wp\/v2\/media?parent=4694"}],"wp:term":[{"taxonomy":"product_brand","embeddable":true,"href":"https:\/\/antcube.shop\/sl\/wp-json\/wp\/v2\/product_brand?post=4694"},{"taxonomy":"product_cat","embeddable":true,"href":"https:\/\/antcube.shop\/sl\/wp-json\/wp\/v2\/product_cat?post=4694"},{"taxonomy":"product_tag","embeddable":true,"href":"https:\/\/antcube.shop\/sl\/wp-json\/wp\/v2\/product_tag?post=4694"}],"curies":[{"name":"wp","href":"https:\/\/api.w.org\/{rel}","templated":true}]}}