{"id":4692,"date":"2022-11-14T14:52:57","date_gmt":"2022-11-14T13:52:57","guid":{"rendered":"https:\/\/antcube.shop\/produkt\/antcube-arena-40x20x10-flach\/"},"modified":"2026-04-01T13:28:09","modified_gmt":"2026-04-01T11:28:09","slug":"antcube-arena-40x20x10-flach","status":"publish","type":"product","link":"https:\/\/antcube.shop\/sl\/izdelek\/antcube-arena-40x20x10-flach\/","title":{"rendered":"ANTCUBE - Arena 40x20x10 - ravna"},"content":{"rendered":"<p><strong>Dimenzije:<\/strong> 400 x 200 x 100 mm; debelina stekla 4 mm<\/p>\n<p><strong>Material:<\/strong> float steklo<\/p>\n<p><strong>Povezava:<\/strong> 2x luknja 27 mm<\/p>\n<p><strong>Opis:<\/strong><br \/>\nStekleno korito 40x20x10 cm z 2x 27 mm vrtanjem.<br \/>\nIzvrtina (sredi\u0161\u010dna to\u010dka) je na vi\u0161ini 3 cm.<\/p>\n<p><strong>Opomba:<\/strong> Steklo je rezano v skladu z DIN 1249 z dovoljenim odstopanjem +\/- 1 mm. Za izjemno majhne vrste mravelj je nujna dodatna za\u0161\u010dita pred razbitjem.<\/p>","protected":false},"excerpt":{"rendered":"<p><strong>Povezava:<\/strong> 2x luknja 27 mm<br \/>\n<strong>Velikost:<\/strong> S, M, L, XL<\/p>","protected":false},"featured_media":4981,"comment_status":"open","ping_status":"closed","template":"","meta":{"_acf_changed":false,"content-type":"","_monsterinsights_skip_tracking":false,"_monsterinsights_sitenote_active":false,"_monsterinsights_sitenote_note":"","_monsterinsights_sitenote_category":0},"product_brand":[],"product_cat":[85,86],"product_tag":[],"class_list":{"0":"post-4692","1":"product","2":"type-product","3":"status-publish","4":"has-post-thumbnail","6":"product_cat-ant-arenas","7":"product_cat-formicariums","9":"first","10":"instock","11":"taxable","12":"shipping-taxable","13":"purchasable","14":"product-type-simple"},"acf":[],"aioseo_notices":[],"jetpack_sharing_enabled":true,"_links":{"self":[{"href":"https:\/\/antcube.shop\/sl\/wp-json\/wp\/v2\/product\/4692","targetHints":{"allow":["GET"]}}],"collection":[{"href":"https:\/\/antcube.shop\/sl\/wp-json\/wp\/v2\/product"}],"about":[{"href":"https:\/\/antcube.shop\/sl\/wp-json\/wp\/v2\/types\/product"}],"replies":[{"embeddable":true,"href":"https:\/\/antcube.shop\/sl\/wp-json\/wp\/v2\/comments?post=4692"}],"wp:featuredmedia":[{"embeddable":true,"href":"https:\/\/antcube.shop\/sl\/wp-json\/wp\/v2\/media\/4981"}],"wp:attachment":[{"href":"https:\/\/antcube.shop\/sl\/wp-json\/wp\/v2\/media?parent=4692"}],"wp:term":[{"taxonomy":"product_brand","embeddable":true,"href":"https:\/\/antcube.shop\/sl\/wp-json\/wp\/v2\/product_brand?post=4692"},{"taxonomy":"product_cat","embeddable":true,"href":"https:\/\/antcube.shop\/sl\/wp-json\/wp\/v2\/product_cat?post=4692"},{"taxonomy":"product_tag","embeddable":true,"href":"https:\/\/antcube.shop\/sl\/wp-json\/wp\/v2\/product_tag?post=4692"}],"curies":[{"name":"wp","href":"https:\/\/api.w.org\/{rel}","templated":true}]}}