{"id":4687,"date":"2022-11-14T14:51:39","date_gmt":"2022-11-14T13:51:39","guid":{"rendered":"https:\/\/antcube.shop\/produkt\/durchgangsregler-50mm\/"},"modified":"2026-01-12T12:36:29","modified_gmt":"2026-01-12T11:36:29","slug":"durchgangsregler-50mm","status":"publish","type":"product","link":"https:\/\/antcube.shop\/sl\/izdelek\/durchgangsregler-50mm\/","title":{"rendered":"Regulator prehoda - 50 mm"},"content":{"rendered":"<p><strong>Dimenzije (Dx\u0160xV):<\/strong> 95x 76 x 20 mm<\/p>\n<p><strong>Material:<\/strong> Akril<\/p>\n<p><strong>Barva:<\/strong> Brezbarvno \/ prozorno \/ jasno<\/p>\n<p><strong>Vsebina:<\/strong> 1 kos (sestavljen iz 10 posameznih delov)<\/p>\n<p><strong>Opis:<\/strong><br \/>\nRegulator prehoda je priklju\u010den na cev.<br \/>\nPrehod je mogo\u010de odpreti ali zapreti z roko.<\/p>\n<p><strong>Uporaba:<\/strong><br \/>\nZa povezovanje akrilnih cevi premera 50 mm<\/p>\n<p><strong>Namig:<\/strong><br \/>\nRegulator prehoda mora biti trdno priklju\u010den na ustrezno cev. \u010ce je preohlapen, lahko cevko pove\u010date s prozornim trakom, da zagotovite tesno prileganje.<\/p>","protected":false},"excerpt":{"rendered":"<p>Dimenzije (Dx\u0160xV): 95x 76 x 20 mm Material: Material: akril Barva: brezbarvna \/ prozorna \/ \u010dista Vsebina: 1 kos (sestavljen iz 10 posameznih delov) Opis: 1 kos (sestavljen iz 10 posameznih delov): Regulator prehoda je priklju\u010den na cev. Prehod se lahko odpre ali zapre z roko. Uporaba: Napotek: Regulator prehoda mora biti trdno pritrjen.","protected":false},"featured_media":5074,"comment_status":"open","ping_status":"closed","template":"","meta":{"_acf_changed":false,"content-type":"","_monsterinsights_skip_tracking":false,"_monsterinsights_sitenote_active":false,"_monsterinsights_sitenote_note":"","_monsterinsights_sitenote_category":0},"product_brand":[],"product_cat":[345],"product_tag":[],"class_list":{"0":"post-4687","1":"product","2":"type-product","3":"status-publish","4":"has-post-thumbnail","6":"product_cat-pipe-connectors","8":"first","9":"instock","10":"taxable","11":"shipping-taxable","12":"purchasable","13":"product-type-simple"},"acf":[],"aioseo_notices":[],"jetpack_sharing_enabled":true,"_links":{"self":[{"href":"https:\/\/antcube.shop\/sl\/wp-json\/wp\/v2\/product\/4687","targetHints":{"allow":["GET"]}}],"collection":[{"href":"https:\/\/antcube.shop\/sl\/wp-json\/wp\/v2\/product"}],"about":[{"href":"https:\/\/antcube.shop\/sl\/wp-json\/wp\/v2\/types\/product"}],"replies":[{"embeddable":true,"href":"https:\/\/antcube.shop\/sl\/wp-json\/wp\/v2\/comments?post=4687"}],"wp:featuredmedia":[{"embeddable":true,"href":"https:\/\/antcube.shop\/sl\/wp-json\/wp\/v2\/media\/5074"}],"wp:attachment":[{"href":"https:\/\/antcube.shop\/sl\/wp-json\/wp\/v2\/media?parent=4687"}],"wp:term":[{"taxonomy":"product_brand","embeddable":true,"href":"https:\/\/antcube.shop\/sl\/wp-json\/wp\/v2\/product_brand?post=4687"},{"taxonomy":"product_cat","embeddable":true,"href":"https:\/\/antcube.shop\/sl\/wp-json\/wp\/v2\/product_cat?post=4687"},{"taxonomy":"product_tag","embeddable":true,"href":"https:\/\/antcube.shop\/sl\/wp-json\/wp\/v2\/product_tag?post=4687"}],"curies":[{"name":"wp","href":"https:\/\/api.w.org\/{rel}","templated":true}]}}