{"id":4685,"date":"2022-11-14T14:51:07","date_gmt":"2022-11-14T13:51:07","guid":{"rendered":"https:\/\/antcube.shop\/produkt\/formicarienunterlage-40x6cm\/"},"modified":"2026-04-13T16:46:51","modified_gmt":"2026-04-13T14:46:51","slug":"formicarienunterlage-40x6cm","status":"publish","type":"product","link":"https:\/\/antcube.shop\/sl\/izdelek\/formicarienunterlage-40x6cm\/","title":{"rendered":"Blazinica za formikarij - 40x6cm"},"content":{"rendered":"<p><strong>Dimenzije:<\/strong> 390 x 60 x 4 mm<\/p>\n<p><strong>Material:<\/strong> PE pena<\/p>\n<p><strong>Barva:<\/strong> siva<\/p>\n<p><strong>Vsebina:<\/strong> 1 kos.<\/p>\n<p><strong>Opis:<\/strong><br \/>\nPodloga za formikarij je izdelana iz mehke pene.<br \/>\nPred praskami \u0161\u010diti formikarij in pohi\u0161tvo, na katerem stoji formikarij.<br \/>\nPoleg tega slu\u017ei kot toplotna izolacija za izravnavo najmanj\u0161ih neravnin in \u0161\u010diti pred vibracijami.<\/p>","protected":false},"excerpt":{"rendered":"<p>Dimenzije: Material: 400 x 200 x 4 mm: PE pena Barva: siva Vsebina: Vsebina: 1 kos. Opis: Podloga za formikarij je izdelana iz mehke pene. Pred praskami \u0161\u010diti formikarij in pohi\u0161tvo, na katerem formikarij stoji. Poleg tega blazinica slu\u017ei kot toplotna izolacija za izravnavo","protected":false},"featured_media":5095,"comment_status":"open","ping_status":"closed","template":"","meta":{"_acf_changed":false,"content-type":"","_monsterinsights_skip_tracking":false,"_monsterinsights_sitenote_active":false,"_monsterinsights_sitenote_note":"","_monsterinsights_sitenote_category":0},"product_brand":[],"product_cat":[239],"product_tag":[],"class_list":{"0":"post-4685","1":"product","2":"type-product","3":"status-publish","4":"has-post-thumbnail","6":"product_cat-useful-additions","8":"first","9":"instock","10":"taxable","11":"shipping-taxable","12":"purchasable","13":"product-type-simple"},"acf":[],"aioseo_notices":[],"jetpack_sharing_enabled":true,"_links":{"self":[{"href":"https:\/\/antcube.shop\/sl\/wp-json\/wp\/v2\/product\/4685","targetHints":{"allow":["GET"]}}],"collection":[{"href":"https:\/\/antcube.shop\/sl\/wp-json\/wp\/v2\/product"}],"about":[{"href":"https:\/\/antcube.shop\/sl\/wp-json\/wp\/v2\/types\/product"}],"replies":[{"embeddable":true,"href":"https:\/\/antcube.shop\/sl\/wp-json\/wp\/v2\/comments?post=4685"}],"wp:featuredmedia":[{"embeddable":true,"href":"https:\/\/antcube.shop\/sl\/wp-json\/wp\/v2\/media\/5095"}],"wp:attachment":[{"href":"https:\/\/antcube.shop\/sl\/wp-json\/wp\/v2\/media?parent=4685"}],"wp:term":[{"taxonomy":"product_brand","embeddable":true,"href":"https:\/\/antcube.shop\/sl\/wp-json\/wp\/v2\/product_brand?post=4685"},{"taxonomy":"product_cat","embeddable":true,"href":"https:\/\/antcube.shop\/sl\/wp-json\/wp\/v2\/product_cat?post=4685"},{"taxonomy":"product_tag","embeddable":true,"href":"https:\/\/antcube.shop\/sl\/wp-json\/wp\/v2\/product_tag?post=4685"}],"curies":[{"name":"wp","href":"https:\/\/api.w.org\/{rel}","templated":true}]}}