{"id":4682,"date":"2022-11-14T14:42:29","date_gmt":"2022-11-14T13:42:29","guid":{"rendered":"https:\/\/antcube.shop\/produkt\/antcube-rote-folie-30x30-filter\/"},"modified":"2026-04-03T17:08:16","modified_gmt":"2026-04-03T15:08:16","slug":"antcube-rote-folie-30x30-filter","status":"publish","type":"product","link":"https:\/\/antcube.shop\/sl\/izdelek\/antcube-rote-folie-30x30-filter\/","title":{"rendered":"ANTCUBE - Rde\u010da folija 30\u00d730 - Filter"},"content":{"rendered":"<p><strong>Dimenzije:<\/strong> 29x24cm<\/p>\n<p><strong>Material:<\/strong> PVC<\/p>\n<p><strong>Opis:<\/strong> Rde\u010da prozorna folija je uporabljena, da mravljam daje ob\u010dutek podzemlja. Zato priporo\u010damo, da izdelek vsaj delno uporabite na obmo\u010dju gnezda. Kljub temu lahko mravlje v gnezdu dobro opazujete. Natan\u010dno izrezana za ANTCUBE \"Mravlji\u0161\u010de 30x30cm S\/M\/L - stoje\u010de\".<\/p>\n<p>Ta filtrirna folija ima bolj\u0161i u\u010dinek svetlobnega filtra kot obi\u010dajna pokrivna folija. Odporna na temperaturo do 180 \u00b0C<\/p>\n<p>Filtrirna folija se z lahkim pritiskom tudi sama dr\u017ei na kmetiji ali na obmo\u010dju gnezda. Za pritrditev je primeren tudi prozoren lepilni trak. Preprosto pritrdite z dvema majhnima trakovoma na zgornjih vogalih, da lahko folijo pozneje dvignete za bolj\u0161i pogled v obmo\u010dje gnezda.<\/p>","protected":false},"excerpt":{"rendered":"<p>Dimenzije: Material: 39x19cm: PVC Opis: Material: 39x19x19 cm: S samolepilno rde\u010do prozorno folijo so mravlje vtisnjene v podzemlje. Zato priporo\u010damo, da ta izdelek vsaj delno uporabite na obmo\u010dju gnezda. Kljub temu lahko mravlje v gnezdu dobro opazujete. Natan\u010dno izrezana za ANTCUBE \"Mravlji\u0161\u010de 40x20cm S\/M\/L - stoje\u010de\".","protected":false},"featured_media":5105,"comment_status":"open","ping_status":"closed","template":"","meta":{"_acf_changed":false,"content-type":"","_monsterinsights_skip_tracking":false,"_monsterinsights_sitenote_active":false,"_monsterinsights_sitenote_note":"","_monsterinsights_sitenote_category":0},"product_brand":[],"product_cat":[239],"product_tag":[],"class_list":{"0":"post-4682","1":"product","2":"type-product","3":"status-publish","4":"has-post-thumbnail","6":"product_cat-useful-additions","8":"first","9":"outofstock","10":"taxable","11":"shipping-taxable","12":"purchasable","13":"product-type-simple"},"acf":[],"aioseo_notices":[],"jetpack_sharing_enabled":true,"_links":{"self":[{"href":"https:\/\/antcube.shop\/sl\/wp-json\/wp\/v2\/product\/4682","targetHints":{"allow":["GET"]}}],"collection":[{"href":"https:\/\/antcube.shop\/sl\/wp-json\/wp\/v2\/product"}],"about":[{"href":"https:\/\/antcube.shop\/sl\/wp-json\/wp\/v2\/types\/product"}],"replies":[{"embeddable":true,"href":"https:\/\/antcube.shop\/sl\/wp-json\/wp\/v2\/comments?post=4682"}],"wp:featuredmedia":[{"embeddable":true,"href":"https:\/\/antcube.shop\/sl\/wp-json\/wp\/v2\/media\/5105"}],"wp:attachment":[{"href":"https:\/\/antcube.shop\/sl\/wp-json\/wp\/v2\/media?parent=4682"}],"wp:term":[{"taxonomy":"product_brand","embeddable":true,"href":"https:\/\/antcube.shop\/sl\/wp-json\/wp\/v2\/product_brand?post=4682"},{"taxonomy":"product_cat","embeddable":true,"href":"https:\/\/antcube.shop\/sl\/wp-json\/wp\/v2\/product_cat?post=4682"},{"taxonomy":"product_tag","embeddable":true,"href":"https:\/\/antcube.shop\/sl\/wp-json\/wp\/v2\/product_tag?post=4682"}],"curies":[{"name":"wp","href":"https:\/\/api.w.org\/{rel}","templated":true}]}}