{"id":4679,"date":"2022-11-14T14:41:41","date_gmt":"2022-11-14T13:41:41","guid":{"rendered":"https:\/\/antcube.shop\/produkt\/lehmfarbe-beige-100ml\/"},"modified":"2026-03-23T12:06:53","modified_gmt":"2026-03-23T11:06:53","slug":"lahmfarbe-beige-100ml","status":"publish","type":"product","link":"https:\/\/antcube.shop\/sl\/izdelek\/lahmfarbe-beige-100ml\/","title":{"rendered":"Glinena barva - be\u017e - 100ml"},"content":{"rendered":"<p><strong>Koli\u010dina:<\/strong> 100 ml<\/p>\n<p><strong>Opis:<\/strong> Ta me\u0161anica ni strupena in je razmeroma vodoodporna na ometu in betonu, sicer pa je topna v vodi.<\/p>\n<p><strong>Navodila za uporabo:\u00a0<\/strong><br \/>\nMe\u0161anica je pripravljena za uporabo in jo lahko s \u010dopi\u010dem takoj nanesete na omet ali porobeton.<br \/>\n100 ml zadostuje za pribli\u017eno 1\/4 m\u00b2 porobetona ali 1\/2 m\u00b2 ometa.<br \/>\nKo je povr\u0161ina mokra, jo lahko na primer posujete s peskom, da dose\u017eete \u0161e bolj naraven videz.<\/p>\n<p>&nbsp;<\/p>\n<p>&nbsp;<\/p>","protected":false},"excerpt":{"rendered":"<p>Koli\u010dina: Opis: 100ml: Ta me\u0161anica je nestrupena in relativno vodoodporna na ometu in betonu, sicer pa je topna v vodi. Navodila za uporabo: Ta me\u0161anica je pripravljena za uporabo in jo lahko s \u010dopi\u010dem takoj nanesete na omet ali porobeton. 100 ml zadostuje za pribli\u017eno 1\/4 m\u00b2 porobetona ali 1\/2 m\u00b2 ometa. Ko","protected":false},"featured_media":5004,"comment_status":"open","ping_status":"closed","template":"","meta":{"_acf_changed":false,"content-type":"","_monsterinsights_skip_tracking":false,"_monsterinsights_sitenote_active":false,"_monsterinsights_sitenote_note":"","_monsterinsights_sitenote_category":0},"product_brand":[],"product_cat":[237],"product_tag":[],"class_list":{"0":"post-4679","1":"product","2":"type-product","3":"status-publish","4":"has-post-thumbnail","6":"product_cat-tools","8":"first","9":"instock","10":"taxable","11":"shipping-taxable","12":"purchasable","13":"product-type-simple"},"acf":[],"aioseo_notices":[],"jetpack_sharing_enabled":true,"_links":{"self":[{"href":"https:\/\/antcube.shop\/sl\/wp-json\/wp\/v2\/product\/4679","targetHints":{"allow":["GET"]}}],"collection":[{"href":"https:\/\/antcube.shop\/sl\/wp-json\/wp\/v2\/product"}],"about":[{"href":"https:\/\/antcube.shop\/sl\/wp-json\/wp\/v2\/types\/product"}],"replies":[{"embeddable":true,"href":"https:\/\/antcube.shop\/sl\/wp-json\/wp\/v2\/comments?post=4679"}],"wp:featuredmedia":[{"embeddable":true,"href":"https:\/\/antcube.shop\/sl\/wp-json\/wp\/v2\/media\/5004"}],"wp:attachment":[{"href":"https:\/\/antcube.shop\/sl\/wp-json\/wp\/v2\/media?parent=4679"}],"wp:term":[{"taxonomy":"product_brand","embeddable":true,"href":"https:\/\/antcube.shop\/sl\/wp-json\/wp\/v2\/product_brand?post=4679"},{"taxonomy":"product_cat","embeddable":true,"href":"https:\/\/antcube.shop\/sl\/wp-json\/wp\/v2\/product_cat?post=4679"},{"taxonomy":"product_tag","embeddable":true,"href":"https:\/\/antcube.shop\/sl\/wp-json\/wp\/v2\/product_tag?post=4679"}],"curies":[{"name":"wp","href":"https:\/\/api.w.org\/{rel}","templated":true}]}}