{"id":4678,"date":"2022-11-14T14:41:24","date_gmt":"2022-11-14T13:41:24","guid":{"rendered":"https:\/\/antcube.shop\/produkt\/klebefilm-glasklar\/"},"modified":"2026-04-13T09:29:49","modified_gmt":"2026-04-13T07:29:49","slug":"klebefilm-glasklar","status":"publish","type":"product","link":"https:\/\/antcube.shop\/sl\/izdelek\/klebefilm-glasklar\/","title":{"rendered":"Kristalno prozorna lepilna folija"},"content":{"rendered":"<p><strong>Dimenzije (Dx\u0160xV):<\/strong> 10 m x19 mm<\/p>\n<p><strong>Material:<\/strong> polipropilen<\/p>\n<p><strong>Barva:<\/strong> kristalno \u010dista \/ prozorna<\/p>\n<p><strong>Vsebina:<\/strong><br \/>\n1x lepilna folija v roli<\/p>\n<p><strong>Opis:<\/strong><br \/>\nIdealno za pritrditev rde\u010de pokrivne folije ali fotografske hrbtne stene na formikarij.<br \/>\nIma visoko odpornost proti staranju, je zelo odporen na trganje in ima mo\u010dno lepilno mo\u010d.<br \/>\nPrimerno tudi za lepljenje steklenih stekel.<\/p>\n<p><strong>Uporaba:<\/strong><br \/>\nLepilni trak lahko prere\u017eete s \u0161karjami ali no\u017eem za rezanje.<br \/>\nPritrdite pokrivno folijo ali fotografijo nazaj na steklo formikarija in jo nato pritrdite z lepilnim trakom.<\/p>","protected":false},"excerpt":{"rendered":"<p>Dimenzije (Dx\u0160xV): 10m x19 mm Material: polipropilen Barva: kristalno \u010dista \/ prozorna Vsebina: Sestavni del: 1x zvitek samolepilne folije Opis: Idealno za pritrditev rde\u010de pokrivne folije ali fotografske hrbtne stene na formikarij. Ima visoko odpornost proti staranju, je zelo odporna proti trganju in ima mo\u010dno lepilno mo\u010d. Primerna je tudi za lepljenje steklenih stekel. Uporaba:","protected":false},"featured_media":5007,"comment_status":"open","ping_status":"closed","template":"","meta":{"_acf_changed":false,"content-type":"","_monsterinsights_skip_tracking":false,"_monsterinsights_sitenote_active":false,"_monsterinsights_sitenote_note":"","_monsterinsights_sitenote_category":0},"product_brand":[],"product_cat":[237],"product_tag":[],"class_list":{"0":"post-4678","1":"product","2":"type-product","3":"status-publish","4":"has-post-thumbnail","6":"product_cat-tools","8":"first","9":"instock","10":"taxable","11":"shipping-taxable","12":"purchasable","13":"product-type-simple"},"acf":[],"aioseo_notices":[],"jetpack_sharing_enabled":true,"_links":{"self":[{"href":"https:\/\/antcube.shop\/sl\/wp-json\/wp\/v2\/product\/4678","targetHints":{"allow":["GET"]}}],"collection":[{"href":"https:\/\/antcube.shop\/sl\/wp-json\/wp\/v2\/product"}],"about":[{"href":"https:\/\/antcube.shop\/sl\/wp-json\/wp\/v2\/types\/product"}],"replies":[{"embeddable":true,"href":"https:\/\/antcube.shop\/sl\/wp-json\/wp\/v2\/comments?post=4678"}],"wp:featuredmedia":[{"embeddable":true,"href":"https:\/\/antcube.shop\/sl\/wp-json\/wp\/v2\/media\/5007"}],"wp:attachment":[{"href":"https:\/\/antcube.shop\/sl\/wp-json\/wp\/v2\/media?parent=4678"}],"wp:term":[{"taxonomy":"product_brand","embeddable":true,"href":"https:\/\/antcube.shop\/sl\/wp-json\/wp\/v2\/product_brand?post=4678"},{"taxonomy":"product_cat","embeddable":true,"href":"https:\/\/antcube.shop\/sl\/wp-json\/wp\/v2\/product_cat?post=4678"},{"taxonomy":"product_tag","embeddable":true,"href":"https:\/\/antcube.shop\/sl\/wp-json\/wp\/v2\/product_tag?post=4678"}],"curies":[{"name":"wp","href":"https:\/\/api.w.org\/{rel}","templated":true}]}}