{"id":4661,"date":"2022-11-14T14:36:42","date_gmt":"2022-11-14T13:36:42","guid":{"rendered":"https:\/\/antcube.shop\/produkt\/spruhflasche-sprayer-05-liter-messingduse\/"},"modified":"2026-03-19T13:38:58","modified_gmt":"2026-03-19T12:38:58","slug":"spruhflasche-sprayer-05-liter-messingduse","status":"publish","type":"product","link":"https:\/\/antcube.shop\/sl\/izdelek\/spruhflasche-sprayer-05-liter-messingduse\/","title":{"rendered":"Razpr\u0161ilna steklenica z razpr\u0161ilnikom 0,5 litra - medeninasta \u0161oba"},"content":{"rendered":"<p><strong>Dimenzije:<\/strong> vi\u0161ina: 22 cm, prostornina: 0,50 litra<\/p>\n<p><strong>Barva:<\/strong> Bela<\/p>\n<p><strong>Opis:<\/strong> PVC stekleni\u010dka z medeninastim nastavkom - idealna za ro\u010dno vla\u017eenje formikarija.<\/p>","protected":false},"excerpt":{"rendered":"<p>Dimenzije: vi\u0161ina: 22 cm, prostornina: 0,50 litra Barva: bela Opis: Izdelek: PVC stekleni\u010dka z medeninastim nastavkom - idealna za ro\u010dno vla\u017eenje formikarija.<\/p>","protected":false},"featured_media":4827,"comment_status":"open","ping_status":"closed","template":"","meta":{"_acf_changed":false,"content-type":"","_monsterinsights_skip_tracking":false,"_monsterinsights_sitenote_active":false,"_monsterinsights_sitenote_note":"","_monsterinsights_sitenote_category":0},"product_brand":[],"product_cat":[237],"product_tag":[],"class_list":{"0":"post-4661","1":"product","2":"type-product","3":"status-publish","4":"has-post-thumbnail","6":"product_cat-tools","8":"first","9":"instock","10":"taxable","11":"shipping-taxable","12":"purchasable","13":"product-type-simple"},"acf":[],"aioseo_notices":[],"jetpack_sharing_enabled":true,"_links":{"self":[{"href":"https:\/\/antcube.shop\/sl\/wp-json\/wp\/v2\/product\/4661","targetHints":{"allow":["GET"]}}],"collection":[{"href":"https:\/\/antcube.shop\/sl\/wp-json\/wp\/v2\/product"}],"about":[{"href":"https:\/\/antcube.shop\/sl\/wp-json\/wp\/v2\/types\/product"}],"replies":[{"embeddable":true,"href":"https:\/\/antcube.shop\/sl\/wp-json\/wp\/v2\/comments?post=4661"}],"wp:featuredmedia":[{"embeddable":true,"href":"https:\/\/antcube.shop\/sl\/wp-json\/wp\/v2\/media\/4827"}],"wp:attachment":[{"href":"https:\/\/antcube.shop\/sl\/wp-json\/wp\/v2\/media?parent=4661"}],"wp:term":[{"taxonomy":"product_brand","embeddable":true,"href":"https:\/\/antcube.shop\/sl\/wp-json\/wp\/v2\/product_brand?post=4661"},{"taxonomy":"product_cat","embeddable":true,"href":"https:\/\/antcube.shop\/sl\/wp-json\/wp\/v2\/product_cat?post=4661"},{"taxonomy":"product_tag","embeddable":true,"href":"https:\/\/antcube.shop\/sl\/wp-json\/wp\/v2\/product_tag?post=4661"}],"curies":[{"name":"wp","href":"https:\/\/api.w.org\/{rel}","templated":true}]}}