{"id":4657,"date":"2022-11-14T14:35:36","date_gmt":"2022-11-14T13:35:36","guid":{"rendered":"https:\/\/antcube.shop\/produkt\/wustenhonig-wu-nachfullpack-10ml\/"},"modified":"2026-04-13T09:29:54","modified_gmt":"2026-04-13T07:29:54","slug":"wustenhonig-wu-nachfullpack-10ml","status":"publish","type":"product","link":"https:\/\/antcube.shop\/sl\/izdelek\/wustenhonig-wu-nachfullpack-10ml\/","title":{"rendered":"Pu\u0161\u010davski med (W\u00fc) - polnilno pakiranje 10ml"},"content":{"rendered":"<p><strong>Koli\u010dina:<\/strong> 10 ml<\/p>\n<p><strong>Opis:<\/strong> To je \u010disto naraven izdelek. Med izvira iz pu\u0161\u010dav, zato je idealen za vrste mravelj, ki \u017eivijo v pu\u0161\u010davah.<\/p>\n<p><strong>Uporaba:<\/strong> Cev za hranjenje lahko v formikarij vstavite v celoti, lahko pa po potrebi\/ glede na velikost kolonije dodate manj\u0161e koli\u010dine v posodo za hranjenje. Koli\u010dino hrane je treba porabiti v pribli\u017eno treh dneh, sicer obstaja nevarnost plesni, iz istega razloga pa pred polnjenjem o\u010distite posodo za hrano.<\/p>\n<p><strong>Uporaba:<\/strong><br \/>\nPu\u0161\u010davski med = za vrste medojedih mravelj (Meliphagidae).<br \/>\nJe dopolnilna krma (enkratna krma)<br \/>\n\u017divalim ga lahko ponudite v dostavljenem stanju. Ker vlaga zmanj\u0161a koncentracijo sladkorja in se za\u010dne proces fermentacije, je treba hrano zamenjati vsake tri dni. Pred ponovno uporabo temeljito o\u010distite posodo\/teko\u010dinko za hrano.<br \/>\nOdprto embala\u017eo je treba uporabljati tesno zaprto do navedenega datuma (datum uporabnosti).<\/p>\n<p><strong>Vsebuje:<\/strong> Sestavine medu na splo\u0161no, razmerja pa se razlikujejo glede na vrsto medu.<br \/>\n- pribli\u017eno 38 % sadnega sladkorja (fruktoza)<br \/>\n- pribli\u017eno 32 % dekstroza (glukoza)<br \/>\n- pribli\u017eno 20 % vode<br \/>\n- pribli\u017eno 5 % ve\u010d sladkorjev<br \/>\n- pribli\u017eno 5 vitaminov % (B1, B2, B6, C, H)<br \/>\nMinerali (kalij, kalcij, baker, \u017eelezo, natrij, magnezij, fosfor, cink in drugi elementi v sledovih) Aminokisline (prolin, levcin, fenilalanin, alanin, histidin, izolevcin, glutaminska kislina, arginin, asparaginska kislina itd.) Organske kisline Encimi (fermenti) Arome Inhibini (antibakterijske snovi) Cvetni prah<\/p>\n<p><strong>Shranjevanje:<\/strong> da bi zagotovili kakovost krme, jo je treba hraniti v temnem in suhem prostoru.<\/p>\n<p><strong>Obvestilo:<\/strong><br \/>\nInformacije o uporabi hranilnih cevi so na voljo tukaj: Povezava: .<br \/>\nDopolnilna krma za mravlje, ki se prehranjujejo z medom.<br \/>\nSestavo, analiti\u010dne sestavine, datum uporabnosti in \u0161tevilko serije najdete v navodilih za uporabo.<\/p>\n<p>Informacijska telefonska \u0161tevilka +49 30 439703870<\/p>\n<p>Pristojni veterinarski in \u017eivilski nadzorni organ:<br \/>\nVeterinarski urad Steglitz<br \/>\nK\u00f6nigin-Luise-Str. 92<br \/>\n14195 Berlin<\/p>","protected":false},"excerpt":{"rendered":"<p>Dodatna hrana<\/p>","protected":false},"featured_media":5052,"comment_status":"open","ping_status":"closed","template":"","meta":{"_acf_changed":false,"content-type":"","_monsterinsights_skip_tracking":false,"_monsterinsights_sitenote_active":false,"_monsterinsights_sitenote_note":"","_monsterinsights_sitenote_category":0},"product_brand":[],"product_cat":[115,116],"product_tag":[],"class_list":{"0":"post-4657","1":"product","2":"type-product","3":"status-publish","4":"has-post-thumbnail","6":"product_cat-food-and-feeding","7":"product_cat-food","9":"first","10":"instock","11":"taxable","12":"shipping-taxable","13":"purchasable","14":"product-type-simple"},"acf":[],"aioseo_notices":[],"jetpack_sharing_enabled":true,"_links":{"self":[{"href":"https:\/\/antcube.shop\/sl\/wp-json\/wp\/v2\/product\/4657","targetHints":{"allow":["GET"]}}],"collection":[{"href":"https:\/\/antcube.shop\/sl\/wp-json\/wp\/v2\/product"}],"about":[{"href":"https:\/\/antcube.shop\/sl\/wp-json\/wp\/v2\/types\/product"}],"replies":[{"embeddable":true,"href":"https:\/\/antcube.shop\/sl\/wp-json\/wp\/v2\/comments?post=4657"}],"wp:featuredmedia":[{"embeddable":true,"href":"https:\/\/antcube.shop\/sl\/wp-json\/wp\/v2\/media\/5052"}],"wp:attachment":[{"href":"https:\/\/antcube.shop\/sl\/wp-json\/wp\/v2\/media?parent=4657"}],"wp:term":[{"taxonomy":"product_brand","embeddable":true,"href":"https:\/\/antcube.shop\/sl\/wp-json\/wp\/v2\/product_brand?post=4657"},{"taxonomy":"product_cat","embeddable":true,"href":"https:\/\/antcube.shop\/sl\/wp-json\/wp\/v2\/product_cat?post=4657"},{"taxonomy":"product_tag","embeddable":true,"href":"https:\/\/antcube.shop\/sl\/wp-json\/wp\/v2\/product_tag?post=4657"}],"curies":[{"name":"wp","href":"https:\/\/api.w.org\/{rel}","templated":true}]}}