{"id":4655,"date":"2022-11-14T14:35:04","date_gmt":"2022-11-14T13:35:04","guid":{"rendered":"https:\/\/antcube.shop\/produkt\/zucker-honiglosung-zh-nachfullpack-10ml\/"},"modified":"2026-04-07T13:49:44","modified_gmt":"2026-04-07T11:49:44","slug":"zucker-honiglosung-zh-nachfullpack-10ml","status":"publish","type":"product","link":"https:\/\/antcube.shop\/sl\/izdelek\/zucker-honiglosung-zh-nachfullpack-10ml\/","title":{"rendered":"Raztopina sladkornega medu (ZH) - polnilno pakiranje 10ml"},"content":{"rendered":"<p><strong>Vsebina:<\/strong> 10 ml<\/p>\n<p><strong>Opis:<\/strong> To je izdelek, sestavljen iz razli\u010dnih ogljikovih hidratov (kot sta med in sladkor).<\/p>\n<p><strong>Uporaba:<\/strong> Cev za hrano lahko v formikarij namestite v celoti, lahko pa po potrebi\/ glede na velikost kolonije dodate manj\u0161e koli\u010dine v posodo za hrano. Koli\u010dino hrane je treba porabiti v pribli\u017eno treh dneh, sicer obstaja nevarnost plesni, in iz istega razloga pred polnjenjem o\u010distite posodo za hrano.<\/p>\n<p><strong>Uporaba:<\/strong><br \/>\nHrana z ogljikovimi hidrati = za vrste mravelj, ki jedo sladkor\/med.<br \/>\nJe dopolnilna krma (krmna me\u0161anica)<br \/>\nZme\u0161amo ga lahko s kapljico vode in moker zdr\u017ei 3 dni. Pred ponovno uporabo temeljito o\u010distite posodo za hranjenje.<br \/>\nOdprto embala\u017eo je treba uporabiti tesno zaprto (\u010de je shranjena v suhem prostoru) do navedenega datuma (datum uporabnosti).<\/p>\n<p><strong>Vsebuje:<\/strong><br \/>\nFruktoza 27 do 44%,<br \/>\nGlukoza 22 do 41%,<br \/>\nSaharoza do 5%,<br \/>\nmaltoze 4 do 14%,<br \/>\ndrugi ve\u010dkratni sladkorji 1 do 14%.<br \/>\n<strong>Ma\u0161\u010doba:<\/strong> 0g<br \/>\n<strong>Ogljikovi hidrati:<\/strong> 92g<br \/>\n<strong>Beljakovine:<\/strong> 0g<br \/>\n<strong>Sol:<\/strong> 0g<\/p>\n<p>Skladi\u0161\u010denje: za zagotovitev kakovosti krme jo je treba hraniti v temnem in suhem prostoru.<\/p>\n<p><strong>Obvestilo:<\/strong><br \/>\nInformacije o uporabi hranilnih cevi so na voljo tukaj: Povezava: .<br \/>\nSestavo, analiti\u010dne sestavine, datum uporabnosti in \u0161tevilko serije najdete v navodilih za uporabo.<\/p>\n<p>Informacijska telefonska \u0161tevilka +49 30 439703870<\/p>\n<p>Pristojni veterinarski in \u017eivilski nadzorni organ:<br \/>\nVeterinarski urad Steglitz<br \/>\nK\u00f6nigin-Luise-Str. 92<br \/>\n14195 Berlin<\/p>","protected":false},"excerpt":{"rendered":"<p>Dodatna hrana<\/p>","protected":false},"featured_media":5058,"comment_status":"open","ping_status":"closed","template":"","meta":{"_acf_changed":false,"content-type":"","_monsterinsights_skip_tracking":false,"_monsterinsights_sitenote_active":false,"_monsterinsights_sitenote_note":"","_monsterinsights_sitenote_category":0},"product_brand":[],"product_cat":[115,116],"product_tag":[],"class_list":{"0":"post-4655","1":"product","2":"type-product","3":"status-publish","4":"has-post-thumbnail","6":"product_cat-food-and-feeding","7":"product_cat-food","9":"first","10":"instock","11":"taxable","12":"shipping-taxable","13":"purchasable","14":"product-type-simple"},"acf":[],"aioseo_notices":[],"jetpack_sharing_enabled":true,"_links":{"self":[{"href":"https:\/\/antcube.shop\/sl\/wp-json\/wp\/v2\/product\/4655","targetHints":{"allow":["GET"]}}],"collection":[{"href":"https:\/\/antcube.shop\/sl\/wp-json\/wp\/v2\/product"}],"about":[{"href":"https:\/\/antcube.shop\/sl\/wp-json\/wp\/v2\/types\/product"}],"replies":[{"embeddable":true,"href":"https:\/\/antcube.shop\/sl\/wp-json\/wp\/v2\/comments?post=4655"}],"wp:featuredmedia":[{"embeddable":true,"href":"https:\/\/antcube.shop\/sl\/wp-json\/wp\/v2\/media\/5058"}],"wp:attachment":[{"href":"https:\/\/antcube.shop\/sl\/wp-json\/wp\/v2\/media?parent=4655"}],"wp:term":[{"taxonomy":"product_brand","embeddable":true,"href":"https:\/\/antcube.shop\/sl\/wp-json\/wp\/v2\/product_brand?post=4655"},{"taxonomy":"product_cat","embeddable":true,"href":"https:\/\/antcube.shop\/sl\/wp-json\/wp\/v2\/product_cat?post=4655"},{"taxonomy":"product_tag","embeddable":true,"href":"https:\/\/antcube.shop\/sl\/wp-json\/wp\/v2\/product_tag?post=4655"}],"curies":[{"name":"wp","href":"https:\/\/api.w.org\/{rel}","templated":true}]}}