{"id":4648,"date":"2022-11-14T14:33:14","date_gmt":"2022-11-14T13:33:14","guid":{"rendered":"https:\/\/antcube.shop\/produkt\/himbeerblatter-100g-getrocknet\/"},"modified":"2026-04-21T18:47:04","modified_gmt":"2026-04-21T16:47:04","slug":"himbeerblatter-100g-getrocknet","status":"publish","type":"product","link":"https:\/\/antcube.shop\/sl\/izdelek\/himbeerblatter-100g-getrocknet\/","title":{"rendered":"Malinovi listi 100 g - posu\u0161eni"},"content":{"rendered":"<p><strong>Vsebina:<\/strong><br \/>\n100 g posu\u0161enih malinovih listov<\/p>\n<p><strong>Opis:<\/strong><br \/>\nMalinovi listi kot goji\u0161\u010de za glive, ki jih gojijo vrste mravelj. Gre za povsem naraven izdelek.<\/p>\n<p><strong>Uporaba:<\/strong><br \/>\nMalinovi listi = za vrste mravelj, ki se razmno\u017eujejo z glivami.<br \/>\nSuhi listi slu\u017eijo le kot goji\u0161\u010de za glive listnih mravelj (priporo\u010dljivo je, da hkrati ponudite sladke teko\u010dine, ki nadomestijo manjkajo\u010de rastlinske sokove). Liste, ki jih je treba hraniti, preprosto polo\u017eite v komoro za suho hrano. Vendar imajo \u017eivali raje sve\u017ee liste. Posu\u0161eni listi so zato najprimernej\u0161i za premostitev obdobij, ko jih ni mogo\u010de ponuditi.<\/p>\n<p><strong>Shranjevanje:<\/strong><br \/>\nV suhem okolju<\/p>\n<p><strong>Vsebuje:<\/strong><br \/>\n100% posu\u0161eni listi malin<\/p>","protected":false},"excerpt":{"rendered":"<p>Dodatna hrana<\/p>","protected":false},"featured_media":5115,"comment_status":"open","ping_status":"closed","template":"","meta":{"_acf_changed":false,"content-type":"","_monsterinsights_skip_tracking":false,"_monsterinsights_sitenote_active":false,"_monsterinsights_sitenote_note":"","_monsterinsights_sitenote_category":0},"product_brand":[],"product_cat":[115,116],"product_tag":[],"class_list":{"0":"post-4648","1":"product","2":"type-product","3":"status-publish","4":"has-post-thumbnail","6":"product_cat-food-and-feeding","7":"product_cat-food","9":"first","10":"instock","11":"taxable","12":"shipping-taxable","13":"purchasable","14":"product-type-simple"},"acf":[],"aioseo_notices":[],"jetpack_sharing_enabled":true,"_links":{"self":[{"href":"https:\/\/antcube.shop\/sl\/wp-json\/wp\/v2\/product\/4648","targetHints":{"allow":["GET"]}}],"collection":[{"href":"https:\/\/antcube.shop\/sl\/wp-json\/wp\/v2\/product"}],"about":[{"href":"https:\/\/antcube.shop\/sl\/wp-json\/wp\/v2\/types\/product"}],"replies":[{"embeddable":true,"href":"https:\/\/antcube.shop\/sl\/wp-json\/wp\/v2\/comments?post=4648"}],"wp:featuredmedia":[{"embeddable":true,"href":"https:\/\/antcube.shop\/sl\/wp-json\/wp\/v2\/media\/5115"}],"wp:attachment":[{"href":"https:\/\/antcube.shop\/sl\/wp-json\/wp\/v2\/media?parent=4648"}],"wp:term":[{"taxonomy":"product_brand","embeddable":true,"href":"https:\/\/antcube.shop\/sl\/wp-json\/wp\/v2\/product_brand?post=4648"},{"taxonomy":"product_cat","embeddable":true,"href":"https:\/\/antcube.shop\/sl\/wp-json\/wp\/v2\/product_cat?post=4648"},{"taxonomy":"product_tag","embeddable":true,"href":"https:\/\/antcube.shop\/sl\/wp-json\/wp\/v2\/product_tag?post=4648"}],"curies":[{"name":"wp","href":"https:\/\/api.w.org\/{rel}","templated":true}]}}