{"id":4647,"date":"2022-11-14T14:32:59","date_gmt":"2022-11-14T13:32:59","guid":{"rendered":"https:\/\/antcube.shop\/produkt\/jelly-food-weises-protein-16g\/"},"modified":"2025-10-19T14:34:34","modified_gmt":"2025-10-19T12:34:34","slug":"zelatinasta-hrana-beljakovine-16g","status":"publish","type":"product","link":"https:\/\/antcube.shop\/sl\/izdelek\/zelatinasta-hrana-beljakovine-16g\/","title":{"rendered":"Beljakovine Jelly Food white 16g"},"content":{"rendered":"<p><strong>Koli\u010dina:<\/strong> 16g<\/p>\n<p><strong>Sestavine:<\/strong><br \/>\nSestava: voda, fruktozni sirup, sladkor<br \/>\nAnaliti\u010dne sestavine: Vlaga 65%<\/p>\n<p><strong>Uporaba:<\/strong><br \/>\nZa vrste mravelj, ki se prehranjujejo s sadjem.<br \/>\nKrmne me\u0161anice kot dopolnilna krma<br \/>\nMravljam, ki se prehranjujejo s sadjem, ga je treba ponuditi 2-3-krat na teden.<br \/>\n\u017divalim ga lahko ponudite v dostavljenem stanju. Pri sobni temperaturi lahko \u017eele hitro splesni. Zato je treba hrano zamenjati vsaj vsake 3 dni. Pred ponovno uporabo temeljito o\u010distite posodo za hrano.<\/p>\n<p><strong>Rok trajanja:<\/strong><br \/>\nV zaprtem stanju je rok uporabnosti \u017eeleja najmanj eno leto (glejte datum uporabnosti na embala\u017ei); odprtega ga je treba hraniti v hladilniku in porabiti v 5 do 7 dneh. Lahko ga tudi zamrznete v zamrzovalniku in po potrebi odmrznete manj\u0161e koli\u010dine.<\/p>\n<p><strong>Obvestilo:<\/strong><br \/>\nSestavo, analiti\u010dne sestavine, identifikacijsko \u0161tevilko serije in datum uporabnosti (BBD) najdete v navodilih za uporabo.<\/p>\n<p>Informacijska telefonska linija (faks): +49 2065-67290<\/p>\n<p>Pristojni veterinarski in \u017eivilski in\u0161pektorat:<br \/>\nUradni veterinar \/ veterinarski strokovnjak.<br \/>\nV restavraciji Schnabelhuck 6<br \/>\n47049 Duisburg<\/p>","protected":false},"excerpt":{"rendered":"<p>Dodatna hrana<\/p>","protected":false},"featured_media":5081,"comment_status":"open","ping_status":"closed","template":"","meta":{"_acf_changed":false,"content-type":"","_monsterinsights_skip_tracking":false,"_monsterinsights_sitenote_active":false,"_monsterinsights_sitenote_note":"","_monsterinsights_sitenote_category":0},"product_brand":[],"product_cat":[115,116],"product_tag":[],"class_list":{"0":"post-4647","1":"product","2":"type-product","3":"status-publish","4":"has-post-thumbnail","6":"product_cat-food-and-feeding","7":"product_cat-food","9":"first","10":"outofstock","11":"taxable","12":"shipping-taxable","13":"purchasable","14":"product-type-simple"},"acf":[],"aioseo_notices":[],"jetpack_sharing_enabled":true,"_links":{"self":[{"href":"https:\/\/antcube.shop\/sl\/wp-json\/wp\/v2\/product\/4647","targetHints":{"allow":["GET"]}}],"collection":[{"href":"https:\/\/antcube.shop\/sl\/wp-json\/wp\/v2\/product"}],"about":[{"href":"https:\/\/antcube.shop\/sl\/wp-json\/wp\/v2\/types\/product"}],"replies":[{"embeddable":true,"href":"https:\/\/antcube.shop\/sl\/wp-json\/wp\/v2\/comments?post=4647"}],"wp:featuredmedia":[{"embeddable":true,"href":"https:\/\/antcube.shop\/sl\/wp-json\/wp\/v2\/media\/5081"}],"wp:attachment":[{"href":"https:\/\/antcube.shop\/sl\/wp-json\/wp\/v2\/media?parent=4647"}],"wp:term":[{"taxonomy":"product_brand","embeddable":true,"href":"https:\/\/antcube.shop\/sl\/wp-json\/wp\/v2\/product_brand?post=4647"},{"taxonomy":"product_cat","embeddable":true,"href":"https:\/\/antcube.shop\/sl\/wp-json\/wp\/v2\/product_cat?post=4647"},{"taxonomy":"product_tag","embeddable":true,"href":"https:\/\/antcube.shop\/sl\/wp-json\/wp\/v2\/product_tag?post=4647"}],"curies":[{"name":"wp","href":"https:\/\/api.w.org\/{rel}","templated":true}]}}