{"id":4639,"date":"2022-11-14T14:30:55","date_gmt":"2022-11-14T13:30:55","guid":{"rendered":"https:\/\/antcube.shop\/produkt\/durchgangsschieber-s\/"},"modified":"2026-03-02T12:58:53","modified_gmt":"2026-03-02T11:58:53","slug":"durchgangsschieber-s","status":"publish","type":"product","link":"https:\/\/antcube.shop\/sl\/izdelek\/durchgangsschieber-s\/","title":{"rendered":"Preko zapornega ventila - S"},"content":{"rendered":"<p><strong>Dimenzije:<\/strong> 78 x 12 x 52 mm za cevi 10\/6 mm ali velikost mravlji\u0161\u010da S<\/p>\n<p><strong>Material:<\/strong> PMMA<\/p>\n<p><strong>Barve:<\/strong> prozorna, siva<\/p>\n<p><strong>Vsebina:<\/strong> 1x drsnik za prehod<\/p>\n<p><strong>Opis:<\/strong> Drsnik za prehod zapira ali odpira prehod mravelj v cevi ali med dvema formikarijema.<br \/>\nJe prozoren, zato lahko med zapiranjem preverite, ali so vmes mravlje. Zaporni ventil se uporablja tudi za nadzor in uravnavanje poti mravelj v ceveh.<\/p>\n<p><strong>Opomba o uporabi<\/strong><br \/>\nZaradi filigranske konstrukcije je treba pri pritrjevanju in odpenjanju cevi upo\u0161tevati naslednje:<br \/>\n\u010ce se cevke zelo te\u017eko namestijo na pu\u0161e priklju\u010dka, jih je treba rahlo podrgniti s kapljico na\u0161ega olja ali pra\u0161ka za za\u0161\u010dito pred izbruhom. Nato je treba cev potisniti na pu\u0161e z vrtenjem ali vija\u010denjem, ne da bi pu\u0161o obremenjevali z gibi navzgor in navzdol. Enako velja za odstranjevanje cevi s prehodnega drsnika. Ne odtrgajte jih kar tako!<\/p>","protected":false},"excerpt":{"rendered":"<p>Dimenzije: Velikost: 78 x 12 x 52 mm za cevi 10\/6 mm ali mravlji\u0161\u010de velikosti S: PMMA Barve: prozorna, siva Vsebina: Opis: 1x drsnik za prehod: Prehodni drsnik zapira ali odpira prehod za mravlje v cevki ali med dvema formikarijema. Je prozoren, zato lahko preverite, ali so mravlje v vmesnem prostoru.","protected":false},"featured_media":5170,"comment_status":"open","ping_status":"closed","template":"","meta":{"_acf_changed":false,"content-type":"","_monsterinsights_skip_tracking":false,"_monsterinsights_sitenote_active":false,"_monsterinsights_sitenote_note":"","_monsterinsights_sitenote_category":0},"product_brand":[],"product_cat":[121],"product_tag":[],"class_list":{"0":"post-4639","1":"product","2":"type-product","3":"status-publish","4":"has-post-thumbnail","6":"product_cat-connectors","8":"first","9":"instock","10":"taxable","11":"shipping-taxable","12":"purchasable","13":"product-type-simple"},"acf":[],"aioseo_notices":[],"jetpack_sharing_enabled":true,"_links":{"self":[{"href":"https:\/\/antcube.shop\/sl\/wp-json\/wp\/v2\/product\/4639","targetHints":{"allow":["GET"]}}],"collection":[{"href":"https:\/\/antcube.shop\/sl\/wp-json\/wp\/v2\/product"}],"about":[{"href":"https:\/\/antcube.shop\/sl\/wp-json\/wp\/v2\/types\/product"}],"replies":[{"embeddable":true,"href":"https:\/\/antcube.shop\/sl\/wp-json\/wp\/v2\/comments?post=4639"}],"wp:featuredmedia":[{"embeddable":true,"href":"https:\/\/antcube.shop\/sl\/wp-json\/wp\/v2\/media\/5170"}],"wp:attachment":[{"href":"https:\/\/antcube.shop\/sl\/wp-json\/wp\/v2\/media?parent=4639"}],"wp:term":[{"taxonomy":"product_brand","embeddable":true,"href":"https:\/\/antcube.shop\/sl\/wp-json\/wp\/v2\/product_brand?post=4639"},{"taxonomy":"product_cat","embeddable":true,"href":"https:\/\/antcube.shop\/sl\/wp-json\/wp\/v2\/product_cat?post=4639"},{"taxonomy":"product_tag","embeddable":true,"href":"https:\/\/antcube.shop\/sl\/wp-json\/wp\/v2\/product_tag?post=4639"}],"curies":[{"name":"wp","href":"https:\/\/api.w.org\/{rel}","templated":true}]}}