{"id":4638,"date":"2022-11-14T14:30:39","date_gmt":"2022-11-14T13:30:39","guid":{"rendered":"https:\/\/antcube.shop\/produkt\/durchgangsschieber-m\/"},"modified":"2026-04-01T13:28:12","modified_gmt":"2026-04-01T11:28:12","slug":"durchgangsschieber-m","status":"publish","type":"product","link":"https:\/\/antcube.shop\/sl\/izdelek\/durchgangsschieber-m\/","title":{"rendered":"Preko zapornega ventila - M"},"content":{"rendered":"<p><strong>Dimenzije:<\/strong> 78 x 17 x 53 mm za cevke 14\/10 mm ali velikost mravlji\u0161\u010da M<\/p>\n<p><strong>Material:<\/strong> PMMA<\/p>\n<p><strong>Barve:<\/strong> prozorna, siva<\/p>\n<p><strong>Vsebina:<\/strong> 1x drsnik za prehod<\/p>\n<p><strong>Opis:<\/strong> Drsnik za prehod zapira ali odpira prehod mravelj v cevi ali med dvema formikarijema.<br \/>\nJe prozoren, zato lahko ob zapiranju preverite, ali so vmes mravlje. Zasun se uporablja tudi za nadzor in uravnavanje pretoka mravelj v ceveh.<\/p>\n<p><strong>Opomba o uporabi<\/strong><br \/>\nZaradi filigranske konstrukcije je treba pri pritrjevanju in odpenjanju cevi upo\u0161tevati naslednje:<br \/>\n\u010ce se cevke zelo te\u017eko namestijo na pu\u0161e priklju\u010dka, jih je treba rahlo podrgniti s kapljico na\u0161ega olja ali pra\u0161ka za za\u0161\u010dito pred izbruhom. Nato je treba cev potisniti na pu\u0161e z vrtenjem ali vija\u010denjem, ne da bi pu\u0161o obremenjevali z gibi navzgor in navzdol. Enako velja za odstranjevanje cevi s prehodnega drsnika. Ne vleci jih preprosto s sebe!<\/p>\n<p><strong>Informacije o posodobitvi:<\/strong><br \/>\n15.12.2020 Izbolj\u0161anje izdelka: Palice so oja\u010dane za 3 mm.<\/p>","protected":false},"excerpt":{"rendered":"<p>Dimenzije: M Material: 78 x 17 x 53 mm za 14\/10 mm cevi ali mravlji\u0161\u010de velikosti M: PMMA Barve: prozorna, siva Vsebina: Opis: 1x drsnik za prehode: Prehodni drsnik zapira ali odpira prehod za mravlje v cevki ali med dvema formikarijema. Je prozoren, tako da lahko preverite, ali so mravlje v vmesnem prostoru.","protected":false},"featured_media":5172,"comment_status":"open","ping_status":"closed","template":"","meta":{"_acf_changed":false,"content-type":"","_monsterinsights_skip_tracking":false,"_monsterinsights_sitenote_active":false,"_monsterinsights_sitenote_note":"","_monsterinsights_sitenote_category":0},"product_brand":[],"product_cat":[121],"product_tag":[],"class_list":{"0":"post-4638","1":"product","2":"type-product","3":"status-publish","4":"has-post-thumbnail","6":"product_cat-connectors","8":"first","9":"instock","10":"taxable","11":"shipping-taxable","12":"purchasable","13":"product-type-simple"},"acf":[],"aioseo_notices":[],"jetpack_sharing_enabled":true,"_links":{"self":[{"href":"https:\/\/antcube.shop\/sl\/wp-json\/wp\/v2\/product\/4638","targetHints":{"allow":["GET"]}}],"collection":[{"href":"https:\/\/antcube.shop\/sl\/wp-json\/wp\/v2\/product"}],"about":[{"href":"https:\/\/antcube.shop\/sl\/wp-json\/wp\/v2\/types\/product"}],"replies":[{"embeddable":true,"href":"https:\/\/antcube.shop\/sl\/wp-json\/wp\/v2\/comments?post=4638"}],"wp:featuredmedia":[{"embeddable":true,"href":"https:\/\/antcube.shop\/sl\/wp-json\/wp\/v2\/media\/5172"}],"wp:attachment":[{"href":"https:\/\/antcube.shop\/sl\/wp-json\/wp\/v2\/media?parent=4638"}],"wp:term":[{"taxonomy":"product_brand","embeddable":true,"href":"https:\/\/antcube.shop\/sl\/wp-json\/wp\/v2\/product_brand?post=4638"},{"taxonomy":"product_cat","embeddable":true,"href":"https:\/\/antcube.shop\/sl\/wp-json\/wp\/v2\/product_cat?post=4638"},{"taxonomy":"product_tag","embeddable":true,"href":"https:\/\/antcube.shop\/sl\/wp-json\/wp\/v2\/product_tag?post=4638"}],"curies":[{"name":"wp","href":"https:\/\/api.w.org\/{rel}","templated":true}]}}