{"id":4637,"date":"2022-11-14T14:30:23","date_gmt":"2022-11-14T13:30:23","guid":{"rendered":"https:\/\/antcube.shop\/produkt\/durchgangsschieber-l\/"},"modified":"2026-03-30T12:22:09","modified_gmt":"2026-03-30T10:22:09","slug":"durchgangsschieber-l","status":"publish","type":"product","link":"https:\/\/antcube.shop\/sl\/izdelek\/durchgangsschieber-l\/","title":{"rendered":"Preko zapornega ventila - L"},"content":{"rendered":"<p><strong>Dimenzije:<\/strong> 78 x 27 x 53 mm za cevi 14\/16\/18\/20 mm ali mravlji\u0161\u010de velikosti L<\/p>\n<p>cev 14\/10 je tesno vpeta v 14-milimetrsko vti\u010dnico<br \/>\nCev 20\/16 je pritrjena na prvi 16-milimetrski korak.<br \/>\nCev 22\/18 je pritrjena na drugi 20-milimetrski korak.<br \/>\ncev 24\/20 je ohlapno name\u0161\u010dena na drugi 20-milimetrski stopnici.<\/p>\n<p><strong>Material:<\/strong> PMMA<\/p>\n<p><strong>Barve:<\/strong> kristalno \u010dista, siva<\/p>\n<p><strong>Vsebina:<\/strong> 1x drsnik skozi luknjo<\/p>\n<p><strong>Opis:<\/strong> Drsnik za prehod zapira ali odpira prehod mravelj v cevi ali med dvema formikarijema.<br \/>\nJe prozoren, zato lahko ob zapiranju preverite, ali so vmes mravlje. Zasun se uporablja tudi za nadzor in uravnavanje pretoka mravelj v ceveh.<\/p>\n<p>Opomba o uporabi<br \/>\nZaradi filigranske konstrukcije je treba pri pritrjevanju ali odpenjanju cevi upo\u0161tevati naslednje:<br \/>\n\u010ce se cevke zelo te\u017eko namestijo na pu\u0161e priklju\u010dka, jih je treba rahlo podrgniti s kapljico na\u0161ega olja ali pra\u0161ka za za\u0161\u010dito pred izbruhom. Nato je treba cev potisniti na pu\u0161e z vrtenjem ali vija\u010denjem, ne da bi pu\u0161o obremenjevali z gibi navzgor in navzdol. Enako velja za odstranjevanje cevi s prehodnega drsnika. Ne odtrgajte jih kar tako!<\/p>\n<p><strong>Posodobitev:<\/strong><br \/>\n15.12.2020 Izbolj\u0161anje izdelka: Palice so oja\u010dane za 3 mm.<\/p>","protected":false},"excerpt":{"rendered":"<p>Dimenzije: 14\/10 je tesno vpeta v 14 mm vti\u010dnico 20\/16 je pritrjena na prvi 16 mm korak 22\/18 je pritrjena na drugi 20 mm korak 24\/20 je ohlapno pritrjena na drugi 20 mm korak Material: 78 x 27 x 53 mm za 14\/16\/18\/20 mm cevke ali mravlji\u0161\u010de velikosti L PMMA Barve: kristalna","protected":false},"featured_media":5606,"comment_status":"open","ping_status":"closed","template":"","meta":{"_acf_changed":false,"content-type":"","_monsterinsights_skip_tracking":false,"_monsterinsights_sitenote_active":false,"_monsterinsights_sitenote_note":"","_monsterinsights_sitenote_category":0},"product_brand":[],"product_cat":[121],"product_tag":[],"class_list":{"0":"post-4637","1":"product","2":"type-product","3":"status-publish","4":"has-post-thumbnail","6":"product_cat-connectors","8":"first","9":"instock","10":"taxable","11":"shipping-taxable","12":"purchasable","13":"product-type-simple"},"acf":[],"aioseo_notices":[],"jetpack_sharing_enabled":true,"_links":{"self":[{"href":"https:\/\/antcube.shop\/sl\/wp-json\/wp\/v2\/product\/4637","targetHints":{"allow":["GET"]}}],"collection":[{"href":"https:\/\/antcube.shop\/sl\/wp-json\/wp\/v2\/product"}],"about":[{"href":"https:\/\/antcube.shop\/sl\/wp-json\/wp\/v2\/types\/product"}],"replies":[{"embeddable":true,"href":"https:\/\/antcube.shop\/sl\/wp-json\/wp\/v2\/comments?post=4637"}],"wp:featuredmedia":[{"embeddable":true,"href":"https:\/\/antcube.shop\/sl\/wp-json\/wp\/v2\/media\/5606"}],"wp:attachment":[{"href":"https:\/\/antcube.shop\/sl\/wp-json\/wp\/v2\/media?parent=4637"}],"wp:term":[{"taxonomy":"product_brand","embeddable":true,"href":"https:\/\/antcube.shop\/sl\/wp-json\/wp\/v2\/product_brand?post=4637"},{"taxonomy":"product_cat","embeddable":true,"href":"https:\/\/antcube.shop\/sl\/wp-json\/wp\/v2\/product_cat?post=4637"},{"taxonomy":"product_tag","embeddable":true,"href":"https:\/\/antcube.shop\/sl\/wp-json\/wp\/v2\/product_tag?post=4637"}],"curies":[{"name":"wp","href":"https:\/\/api.w.org\/{rel}","templated":true}]}}