{"id":4632,"date":"2022-11-14T14:29:05","date_gmt":"2022-11-14T13:29:05","guid":{"rendered":"https:\/\/antcube.shop\/produkt\/antcube-ameisenfarm-m-30x30-stehend\/"},"modified":"2026-04-20T16:40:47","modified_gmt":"2026-04-20T14:40:47","slug":"antcube-ameisenfarm-m-30x30-stehend","status":"publish","type":"product","link":"https:\/\/antcube.shop\/sl\/izdelek\/antcube-ameisenfarm-m-30x30-stehend\/","title":{"rendered":"ANTCUBE - mravlji\u0161\u010de - M - 30\u00d730 - stoje\u010de"},"content":{"rendered":"<p><strong>Dimenzije (Dx\u0160xV):\u00a0<\/strong><br \/>\nzunanjost: 332x58x299 mm<br \/>\nnotranjost: 284x10x290 mm<\/p>\n<p><strong>Material:<\/strong><br \/>\nPlavajo\u010de steklo, plastika<\/p>\n<p><strong>Barva:<\/strong><br \/>\nkristalno \u010dista<\/p>\n<p><strong>Vsebina:<\/strong><br \/>\n1x mravlji\u0161\u010de ANTCUBE - razmik med plo\u0161\u010dami 10 mm.<br \/>\n1x pokrov za mravlji\u0161\u010de M 30\u00d72<br \/>\n2x vti\u010d 4 mm<\/p>\n<p><strong>povezava:<\/strong><br \/>\n2x 8\/10 x 10 mm vti\u010dnica<br \/>\n2x 4 mm luknje s 4 mm \u010depi<\/p>\n<p><strong>Opis:<\/strong><br \/>\nTa popolnoma prozorna mravlji\u0161\u010da so primerna za vrste mravelj velikosti M.<\/p>\n<p><strong>Opombe o proizvodnji<\/strong><br \/>\nSteklo je bru\u0161eno v skladu z DIN 1249 s toleranco +\/- 1 mm. Za izjemno majhne vrste mravelj je nujna dodatna za\u0161\u010dita pred prelomom.<\/p>\n<p><strong>Opomba o kmetiji<\/strong><br \/>\nPri pritrjevanju ali odpenjanju cevi upo\u0161tevajte naslednje:<br \/>\n\u010ce se cevke zelo te\u017eko namestijo na pu\u0161e priklju\u010dka, jih je treba rahlo podrgniti s kapljico na\u0161ega olja ali pra\u0161ka za za\u0161\u010dito pred izbruhom. Nato je treba cev potisniti na pu\u0161e z vrtenjem ali vija\u010denjem, ne da bi pu\u0161o obremenjevali z gibi navzgor in navzdol. Enako velja za odstranjevanje cevi s priklju\u010dne pu\u0161e kmetije. Ne odtrgajte je kar tako!<\/p>","protected":false},"excerpt":{"rendered":"<p><strong>Povezava:<\/strong> Vti\u010dnica 2x 8\/10 mm + pokrov <strong>Razdalja med plo\u0161\u010dami:<\/strong> Notranjost 10 mm \/ zunanjost 18 mm<br \/>\n<strong>Velikost:<\/strong> <strong><span style=\"color: #339966;\">M<\/span><\/strong><\/p>","protected":false},"featured_media":5182,"comment_status":"open","ping_status":"closed","template":"","meta":{"_acf_changed":false,"content-type":"","_monsterinsights_skip_tracking":false,"_monsterinsights_sitenote_active":false,"_monsterinsights_sitenote_note":"","_monsterinsights_sitenote_category":0},"product_brand":[],"product_cat":[80,82],"product_tag":[],"class_list":{"0":"post-4632","1":"product","2":"type-product","3":"status-publish","4":"has-post-thumbnail","6":"product_cat-antfarms","7":"product_cat-antfarms-m","9":"first","10":"instock","11":"taxable","12":"shipping-taxable","13":"purchasable","14":"product-type-simple"},"acf":[],"aioseo_notices":[],"jetpack_sharing_enabled":true,"_links":{"self":[{"href":"https:\/\/antcube.shop\/sl\/wp-json\/wp\/v2\/product\/4632","targetHints":{"allow":["GET"]}}],"collection":[{"href":"https:\/\/antcube.shop\/sl\/wp-json\/wp\/v2\/product"}],"about":[{"href":"https:\/\/antcube.shop\/sl\/wp-json\/wp\/v2\/types\/product"}],"replies":[{"embeddable":true,"href":"https:\/\/antcube.shop\/sl\/wp-json\/wp\/v2\/comments?post=4632"}],"wp:featuredmedia":[{"embeddable":true,"href":"https:\/\/antcube.shop\/sl\/wp-json\/wp\/v2\/media\/5182"}],"wp:attachment":[{"href":"https:\/\/antcube.shop\/sl\/wp-json\/wp\/v2\/media?parent=4632"}],"wp:term":[{"taxonomy":"product_brand","embeddable":true,"href":"https:\/\/antcube.shop\/sl\/wp-json\/wp\/v2\/product_brand?post=4632"},{"taxonomy":"product_cat","embeddable":true,"href":"https:\/\/antcube.shop\/sl\/wp-json\/wp\/v2\/product_cat?post=4632"},{"taxonomy":"product_tag","embeddable":true,"href":"https:\/\/antcube.shop\/sl\/wp-json\/wp\/v2\/product_tag?post=4632"}],"curies":[{"name":"wp","href":"https:\/\/api.w.org\/{rel}","templated":true}]}}