{"id":4628,"date":"2022-11-14T14:28:01","date_gmt":"2022-11-14T13:28:01","guid":{"rendered":"https:\/\/antcube.shop\/produkt\/antcube-ameisenfarm-m-30x30-wand\/"},"modified":"2026-03-26T09:28:48","modified_gmt":"2026-03-26T08:28:48","slug":"antcube-ameisenfarm-m-30x30-wand","status":"publish","type":"product","link":"https:\/\/antcube.shop\/sl\/izdelek\/antcube-ameisenfarm-m-30x30-wand\/","title":{"rendered":"ANTCUBE - Mravlji\u0161\u010de - M - 30\u00d730 - stena"},"content":{"rendered":"<p><strong>Dimenzije (DxV):\u00a0<\/strong><br \/>\n<strong>Zunaj:<\/strong> 32,5 x 32,5 cm \/ Notranjost: 29,2 x 29,2 cm<\/p>\n<p><strong>Material:<\/strong><br \/>\nPlavajo\u010de steklo, les, PMMA<\/p>\n<p><strong>Barva:<\/strong><br \/>\nkristalno \u010dista, bela<\/p>\n<p><strong>Vsebina:<\/strong><br \/>\n1x Kmetija Ant 10 mm razmik med plo\u0161\u010dami s stensko monta\u017eo.<br \/>\n1x pokrov<br \/>\n1x lesen okvir, pobarvan v beli barvi, z magnetno klju\u010davnico<br \/>\n2x distan\u010dne palice za vlo\u017eke za gnezda<br \/>\n6x vijaki in zati\u010di (za leseno \/ kamnito steno)<\/p>\n<p><strong>povezava:<\/strong><br \/>\n2x 8\/10 x 10 mm vti\u010dnica<\/p>\n<p><strong>Opis:<\/strong><br \/>\nTe mravlji\u0161\u010da so zasnovana za namestitev na steno in jih je mogo\u010de enostavno namestiti na lesene in kamnite stene.<br \/>\nOkvir je izdelan iz pravega naravnega lesa, premazan z belo barvo in ima sodoben, brez\u010dasen dizajn.<br \/>\nTa okvir lahko odstranite, da odprete kmetijo, in ga z magnetnim dr\u017ealom ponovno pritrdite na kmetijo.<\/p>\n<p><strong>Navodila za monta\u017eo:<\/strong><br \/>\nZa pritrditev 6 \u010depov \"S6\" v steno potrebujete vrtalnik s 6 mm svedrom (za les ali kamen, odvisno od materiala).<br \/>\nV steno je treba izvrtati luknje globine 40 mm, da se poglobijo zati\u010di z vijaki 4x30 mm.<\/p>\n<p><strong>Opombe o proizvodnji<\/strong><br \/>\nSteklo je bru\u0161eno v skladu z DIN 1249 s toleranco +\/- 1 mm. Za izjemno majhne vrste mravelj je nujna dodatna za\u0161\u010dita pred prelomom.<\/p>\n<p><strong>Opomba o kmetiji<\/strong><br \/>\nPri name\u0161\u010danju ali odstranjevanju cevi upo\u0161tevajte naslednje:<br \/>\n\u010ce se cevke zelo te\u017eko namestijo na pu\u0161e priklju\u010dka, jih je treba rahlo podrgniti s kapljico na\u0161ega olja ali pra\u0161ka za za\u0161\u010dito pred izbruhom. Nato je treba cev potisniti na pu\u0161e z vrtenjem ali vija\u010denjem, ne da bi pu\u0161o obremenjevali z gibi navzgor in navzdol. Enako velja za odstranjevanje cevi s priklju\u010dne pu\u0161e kmetije. Ne odtrgajte je kar tako!<\/p>","protected":false},"excerpt":{"rendered":"<p><strong>Povezava:<\/strong> vti\u010dnica 2x 8\/10 mm; <strong>razmik med plo\u0161\u010dami:<\/strong> notranjost 10 mm<br \/>\n<strong>Velikost:<\/strong> <strong><span style=\"color: #339966;\">M<\/span><\/strong><\/p>","protected":false},"featured_media":5188,"comment_status":"open","ping_status":"closed","template":"","meta":{"_acf_changed":false,"content-type":"","_monsterinsights_skip_tracking":false,"_monsterinsights_sitenote_active":false,"_monsterinsights_sitenote_note":"","_monsterinsights_sitenote_category":0},"product_brand":[],"product_cat":[80,82],"product_tag":[],"class_list":{"0":"post-4628","1":"product","2":"type-product","3":"status-publish","4":"has-post-thumbnail","6":"product_cat-antfarms","7":"product_cat-antfarms-m","9":"first","10":"instock","11":"taxable","12":"shipping-taxable","13":"purchasable","14":"product-type-simple"},"acf":[],"aioseo_notices":[],"jetpack_sharing_enabled":true,"_links":{"self":[{"href":"https:\/\/antcube.shop\/sl\/wp-json\/wp\/v2\/product\/4628","targetHints":{"allow":["GET"]}}],"collection":[{"href":"https:\/\/antcube.shop\/sl\/wp-json\/wp\/v2\/product"}],"about":[{"href":"https:\/\/antcube.shop\/sl\/wp-json\/wp\/v2\/types\/product"}],"replies":[{"embeddable":true,"href":"https:\/\/antcube.shop\/sl\/wp-json\/wp\/v2\/comments?post=4628"}],"wp:featuredmedia":[{"embeddable":true,"href":"https:\/\/antcube.shop\/sl\/wp-json\/wp\/v2\/media\/5188"}],"wp:attachment":[{"href":"https:\/\/antcube.shop\/sl\/wp-json\/wp\/v2\/media?parent=4628"}],"wp:term":[{"taxonomy":"product_brand","embeddable":true,"href":"https:\/\/antcube.shop\/sl\/wp-json\/wp\/v2\/product_brand?post=4628"},{"taxonomy":"product_cat","embeddable":true,"href":"https:\/\/antcube.shop\/sl\/wp-json\/wp\/v2\/product_cat?post=4628"},{"taxonomy":"product_tag","embeddable":true,"href":"https:\/\/antcube.shop\/sl\/wp-json\/wp\/v2\/product_tag?post=4628"}],"curies":[{"name":"wp","href":"https:\/\/api.w.org\/{rel}","templated":true}]}}