{"id":4626,"date":"2022-11-14T14:27:28","date_gmt":"2022-11-14T13:27:28","guid":{"rendered":"https:\/\/antcube.shop\/produkt\/bundle-offer-starter-set-kork-camponotus-nicobarensis-cricket-jam\/"},"modified":"2026-04-25T16:20:14","modified_gmt":"2026-04-25T14:20:14","slug":"paket-ponudba-zacetni-set-kork-camponotus-nicobarensis-cricket-jam","status":"publish","type":"product","link":"https:\/\/antcube.shop\/sl\/izdelek\/paket-ponudba-zacetni-set-kork-camponotus-nicobarensis-cricket-jam\/","title":{"rendered":"Ponudba sve\u017enja - Camponotus nicobarensis"},"content":{"rendered":"<p><span data-text-color=\"secondary\"><strong>Paketna ponudba z mravlji\u0161\u010dem Camponotus nicobarensis (matica + 5\u201310 delavk + zarod), za\u010detnim kompletom iz plute, 2x podlogami za formikarij, 10 ml pakiranjem za dopolnitev me\u0161anice medene rose in kozar\u010dkom na\u0161e posebne kriketove marmelade 25 g (vla\u017ene beljakovine).<\/strong><\/span><\/p>\n<p><span data-text-color=\"alert\"><strong>Samo do porabe zalog.<\/strong><\/span><\/p>\n<p><strong>Vse, kar potrebujete za kolonijo mravelj Camponotus nicobarensis<\/strong><br \/>\nTa paket vsebuje vse, kar potrebujete za uspe\u0161no pre\u017eivetje kolonije Camponotus nicobarensis v prvih mesecih. Je prilagodljivo raz\u0161irljiv in izrecno primeren za za\u010detnike v gojenju mravelj.<\/p>\n<p><strong>Vrsta mravelj Camponotus nicobarensis<\/strong><br \/>\nCamponotus nicobarensis je razmeroma velika vrsta rodu Camponotus in se za razliko od drugih vrst Camponotus dokaj hitro razvija. Zato je zelo primerna za za\u010detnike v mravlji\u0161\u010darstvu. Poleg tega ji ni treba hibernirati, zato jo lahko pozimi brez te\u017eav opazujemo doma. V naravi med drugim \u017eivi v polpu\u0161\u010davah in stepah jugovzhodne Azije, pa tudi na bolj vla\u017enih obmo\u010djih. Zaradi zelo velikega obmo\u010dja raz\u0161irjenosti je toleranten na temperaturo in vlago.<\/p>\n<p><strong>Hrana za Camponotus nicobarensis<\/strong><br \/>\nCamponotus nicobarensis se hrani z medeno vodo in majhnimi \u017eivimi ali mrtvimi \u017eu\u017eelkami, zlahka pa sprejme tudi sadje. Kot alternativo \u017eu\u017eelkam lahko dajemo tudi na\u0161e beljakovinske nadomestke. Vendar so za razvoj kolonije bolj\u0161e \"sve\u017ee\" beljakovine, kot je na\u0161a marmelada Cricket Jam. Zagotoviti je treba tudi sve\u017eo vodo.<\/p>\n<p><strong>Formikarij za Camponotus nicobarensis<\/strong><br \/>\nCamponotus nicobarensis je najbolje gojiti v na\u0161ih za\u010detnih kompletih L s plutovinastim vlo\u017ekom za gnezdo. \u017divi v naravi, obi\u010dajno v gnilem lesu, vendar za gradnjo gnezda z veseljem uporabi katero koli obliko naravne votline. Na\u0161i plutovinasti vlo\u017eki za gnezda so zaradi podobnosti z gnilim lesom najprimernej\u0161i za gojenje v formikariju.<\/p>\n<p><strong>Vsebina:<\/strong><br \/>\n1x Camponotus nicobarensis (kraljica + 5-10 delavk + mladi\u010di)<\/p>\n<div>1x Cvr\u010dkova marmelada 25g<\/div>\n<div>1x Honeydew Mix (HT) - polnilno pakiranje 10ml<\/div>\n<div>1x podstavek za formikarij - 20x20cm<\/div>\n<div>1x podstavek za formikarij - 20x6cm<\/div>\n<div><\/div>\n<div>1x ANTCUBE - Arena 20x20x10 - ravna<\/div>\n<div>1x okvir za mravlji\u0161\u010de 20\u00d720<\/div>\n<div>1x pokrov za mravlji\u0161\u010de 20\u00d720<\/div>\n<div>4x pritrdilna to\u010dka za pokrov arene<\/div>\n<div>1x ANTCUBE - mravlji\u0161\u010de - L - 20\u00d720 - pokon\u010den<\/div>\n<div><\/div>\n<div>1x ANTCUBE - plutovinasto gnezdo 20\u00d720 - pokon\u010dno<\/div>\n<div>1x 0,5 m prozorna cev 20\/16 mm<\/div>\n<div>1x ANTCUBE - Rde\u010da folija 20\u00d720 - filter<\/div>\n<div>1x samolepilne sponke - prozorne 2 kosa.<\/div>\n<div>1x substrat - pe\u0161\u010deno-glinast be\u017e - 1000g<\/div>\n<div><\/div>\n<div>2x Grid insert acrylic &#8211; 50 mm with sealing ring<\/div>\n<div>1x Grid insert acrylic &#8211; 27 mm with sealing ring<\/div>\n<div>1x pokrov\u010dek mre\u017ee - 16 mm - nerjave\u010de jeklo<\/div>\n<div><\/div>\n<div>1x priklju\u010dek za cev rezervoarja 27-14,16,20 mm - prozoren<\/div>\n<div>1x Foil thermometer &#8211; farm<\/div>\n<div>1x Foil thermometer Display<\/div>\n<div>1x drinking clear 5ml &#8211; sponge<\/div>\n<div>1x Feeding dish white rectangle &#8211; 3 compartments<\/div>\n<div>1x Drinking trough 2ml &#8211; 360 Degrees<\/div>\n<div>1x Olje za za\u0161\u010dito pred mravljami 10ml<\/div>\n<div>1x pinceta iz vzmetnega jekla - \u0161iroka - mehka<\/div>\n<div>1x pinceta plasti\u010dna prozorna<\/div>\n<div>1x plasti\u010dna pipeta 3ml<\/div>\n<div>1x ro\u010dna lupa - 2x - 30 mm<\/div>\n<div>1x penasti brisalec 150x18x2,5 mm<\/div>\n<p><strong>Opis Za\u010detni komplet:<\/strong><br \/>\nTa za\u010detni set iz plute s pripravljenimi hodniki in komorami je primeren za razli\u010dne vrste mravelj, zlasti za vrste, ki gnezdijo v (odmrlem) lesu.<\/p>\n<p>\"ANTCUBE - plutovinasto gnezdo\" lahko vstavite v popolnoma prozorno kmetijo. Alternativno lahko uporabite tudi substrat \"Sand-clay beige\", s katerim napolnite farmo ali zaprete nekatere komore plutovega gnezda. Po potrebi lahko prek 50 mm lukenj v pokrovu priklju\u010dite dodatne module, npr. lo\u010deno dostopne meglenke, ventilatorje ali lu\u010di. Druga mo\u017enost je, da so ustrezni mre\u017eni vlo\u017eki in formikarijski zama\u0161ki za zapiranje odprtin vklju\u010deni v obseg dobave. Po \u017eelji lahko formikarij deluje tudi odprt, tako da na vrh preprosto namestite odstranljiv okvir in na rob nanesete olje za za\u0161\u010dito pred ube\u017eanjem mravelj.<\/p>\n<p><strong>Pomembno:<\/strong> Pred uporabo substrat navla\u017eite, da se me\u0161anica lahko pove\u017ee in trdno oprime v mravlji\u0161\u010du. \u010ce je substrat presuh in pra\u0161en, se lahko dihalne poti mravelj zama\u0161ijo, v najslab\u0161em primeru pa se lahko \u017eivali zadu\u0161ijo.<\/p>\n<p><strong>Priporo\u010dilo:<\/strong> Priporo\u010damo 2 mm visok sloj substrata, da se \u017eivali ne morejo zakopati v areno in namesto tega uporabljajo v ta namen predvideno farmo.<\/p>\n<p><strong>Opombe o proizvodnji stekla<\/strong><br \/>\nSteklo se re\u017ee po velikosti v skladu z DIN 1249 s toleranco +\/- 1 mm. Za izjemno majhne vrste mravelj je nujna dodatna za\u0161\u010dita pred razbitjem.<\/p>\n<p><strong>Opombe o kmetiji<\/strong><br \/>\nGnezdo se lahko uporablja le v suhem formikariju. \u010ce je gnezdo stalno vla\u017eno, lahko material splesni.<\/p>\n<p><strong>Pri name\u0161\u010danju ali odstranjevanju cevi upo\u0161tevajte naslednje:<\/strong><br \/>\n\u010ce se cev zelo te\u017eko prilega priklju\u010dni vti\u010dnici, vti\u010dnico rahlo natrite s kapljico na\u0161ega olja ali pra\u0161ka proti razbijanju. Nato je treba cev potisniti na vti\u010dnico z vrtenjem ali vija\u010denjem, ne da bi vti\u010dnico obremenjevali z gibi navzgor in navzdol. Enako velja za odstranjevanje cevi iz priklju\u010dne vti\u010dnice na kmetiji. Ne potegnite je preprosto s sebe!<\/p>\n<p><strong>Navodila: <\/strong>(Razli\u010dica 2023, posodobljena razli\u010dica za leto 2024 bo na voljo najpozneje do 04\/2024)<br \/>\n<span data-sheets-root=\"1\" data-sheets-value=\"{&quot;1&quot;:2,&quot;2&quot;:&quot;DE Gebrauchsanweisung Starter Set Kork (PDF 3,80 MB)&quot;}\" data-sheets-userformat=\"{&quot;2&quot;:513,&quot;3&quot;:{&quot;1&quot;:0},&quot;12&quot;:0}\" data-sheets-hyperlink=\"https:\/\/www.antstore.net\/shop\/images\/info\/de\/Gebrauchsanweisung Starter Set Kork.pdf\" data-sheets-hyperlinkruns=\"{&quot;1&quot;:3,&quot;2&quot;:&quot;https:\/\/www.antstore.net\/shop\/images\/info\/de\/Gebrauchsanweisung Starter Set Kork.pdf&quot;}\uee10{&quot;1&quot;:38}\"><a class=\"in-cell-link\" href=\"https:\/\/www.antstore.net\/shop\/images\/info\/de\/Gebrauchsanweisung Starter Set Kork.pdf\" target=\"_blank\" rel=\"noopener\">- DE <\/a><a class=\"in-cell-link\" href=\"https:\/\/www.antstore.net\/shop\/images\/info\/de\/Gebrauchsanweisung Starter Set Kork.pdf\" target=\"_blank\" rel=\"noopener\">Za\u010detni komplet Kork<\/a><a class=\"in-cell-link\" href=\"https:\/\/www.antstore.net\/shop\/images\/info\/de\/Gebrauchsanweisung Starter Set Kork.pdf\" target=\"_blank\" rel=\"noopener\"> (PDF 3,80 MB)<\/a><\/span><br \/>\n<a href=\"https:\/\/www.antstore.net\/shop\/images\/info\/en\/Instructions%20for%20use%20-%20Starter%20Set%20Cork.pdf\">- SL Navodila za uporabo - za\u010detni set pluta (PDF 3,79 MB)<\/a><br \/>\n<a href=\"https:\/\/www.antstore.net\/shop\/images\/info\/es\/Manual%20de%20instrucciones%20-%20Set%20de%20inicio%20de%20corcho.pdf\">- ES Manual de instrucciones - Set de inicio de corcho (PDF 3,79 MB)<\/a><br \/>\n<a href=\"https:\/\/www.antstore.net\/shop\/images\/info\/fr\/Manuel%20d'instruction%20-%20Kit%20de%20d%C3%A9marrage%20en%20li%C3%A8ge.pdf\">- FR Navodila za uporabo - Komplet za popravilo v li\u00e8ge (PDF 3,79 MB)<\/a><\/p>\n<p><strong>Opombe o d\u017eemu za kriket:<\/strong><br \/>\nNa\u0161a marmelada za \u010dri\u010dke je enostaven na\u010din, kako mravljam zagotoviti sve\u017ee konzervirano beljakovinsko hrano, ne da bi jim bilo treba hraniti \u017eive \u017eu\u017eelke. Vsebovani \u010dri\u010dki (Acheta domesticus) so bili ne\u017eno kuhani, da se ohranijo hranilne vrednosti, okus in aroma. Poleg tega se na ta na\u010din zmeh\u010da hitinska lupina \u017eu\u017eelk, da se la\u017eje prebavi. Veziva kolagenskih beljakovin se razgradi, tako da jih mravlje lahko bolje izkoristijo. Konzerve Acheta domesticus imajo enako hranilno vrednost kot \u017eivi \u010dri\u010dki, vendar so la\u017eje prebavljive.<\/p>\n<p>Cricket Jam ni primeren za lov na vrste mravelj, ki potrebujejo \u017eivo hrano (npr. ponirki (velike mravlje), kot sta Harpegnathos ali Odontomachus).<\/p>\n<p><strong>Dodatne prednosti:<\/strong><br \/>\nZagotovljeno brez pr\u0161ic<br \/>\nLahko se razdeli po porcijah in razred\u010di z vodo<br \/>\nSterilizirano in vakuumsko pakirano<br \/>\nBrez dodatkov<br \/>\nCvr\u010dki iz trajnostne ekolo\u0161ke vzreje, hranjeni z organskimi odpadki<\/p>\n<p><strong>Opomba:<\/strong><br \/>\nV hladilniku lahko hranite pribli\u017eno \u0161tiri dni po odprtju. \u010ce je zamrznjen, je rok trajanja dalj\u0161i.<br \/>\n<strong>Pozornost:<\/strong> Najprej jih razdelite, nato zamrznite.<\/p>\n<p><strong>Opomba o medeni rosnici:<\/strong><br \/>\nVsebina: Vsebnost: 10 ml<br \/>\nTo je naravni proizvod, ki smo ga po obse\u017enih testiranjih v na\u0161em laboratoriju izpopolnili in razvili v hrano, ki jo mravlje zelo dobro sprejemajo. Razlog za to je, da nepredelanega medu v njegovi koncentrirani prvotni obliki mravlje in njihova presnova ne sprejemajo dobro.<br \/>\nNa\u0161a medi\u010dina je bila nabrana v neonesna\u017eenih divjih gorskih gozdovih Bolgarije. Medena rosa se proizvaja le zelo omejen \u010das, pribli\u017eno dva meseca poleti. Zato je zelo redek. Zaradi posebnih zna\u010dilnosti tal v gozdovih in podnebja se v listih dreves shranjujejo bistvena hranila, ki jih absorbirajo afide. Zato je ta me\u0161anica medi\u010dine tako za\u017eelena za mravlje.<\/p>\n<p><strong>Uporaba:<\/strong><br \/>\nKoli\u010dino hrane je treba zau\u017eiti v pribli\u017eno 3 dneh.<\/p>\n<p><strong>Opis:<\/strong><br \/>\nMedena rosa se v nasprotju s cvetli\u010dnim medom pridobiva iz izlo\u010dkov \u017eu\u017eelk, ki sesajo na rastlinah, na primer m\u0161ic. Medena rosa je priljubljen vir hrane za \u0161tevilne \u017eu\u017eelke, kot so mravlje, \u010debele in \u010dmrlji. \u010cebele in \u010dmrlji ga li\u017eejo z listov ali iglic razli\u010dnih dreves. Mravlje, kot je Lasius niger, dobesedno hranijo afide. Branijo jih celo pred plenilci in jih prena\u0161ajo na sve\u017ee poganjke.<\/p>\n<p>Medena rosa je pri mravljah \u0161e posebej priljubljena zaradi nekoliko druga\u010dnih sestavin. Glavna sladkorja v medici sta saharoza in fruktoza, v manj\u0161ih koli\u010dinah pa najdemo tudi maltozo, trehalozo, melezitozo, rafinozo in druge oligosaharide. Poleg sladkorja in vode vsebuje tudi esencialne aminokisline, minerale, elemente v sledovih, adenozine, fosfate in druge sestavine, kot so vitamini.<\/p>\n<p><strong>Uporaba:<\/strong><br \/>\nZa vrste medojedih mravelj (Meliphagidae)<br \/>\nTo je dopolnilna krma<br \/>\n\u017divalim ga lahko ponudite kot zalogo. Ker se koncentracija sladkorja zaradi vlage zmanj\u0161a in se za\u010dne proces fermentacije, je treba hrano zamenjati vsake tri dni. Pred ponovno uporabo temeljito o\u010distite posodo\/teko\u010dinko za hranjenje.<br \/>\nPo odprtju je treba embala\u017eo hraniti tesno zaprto do izteka roka uporabnosti.<\/p>\n<p><strong>Hranilne vrednosti na 100 g:<\/strong><br \/>\npribli\u017eno 2,7 % ma\u0161\u010dobe<br \/>\nod tega nasi\u010denih pribli\u017eno 0,45 %<br \/>\npribli\u017eno 95 % ogljikovih hidratov<br \/>\nod tega pribli\u017eno 71 % sladkorja<br \/>\npribli\u017eno 2,85% beljakovin<br \/>\nMinerali (kalij, kalcij, baker, \u017eelezo, natrij, magnezij, fosfor, cink in drugi elementi v sledovih) Aminokisline (prolin, levcin, fenilalanin, alanin, histidin, izolevcin, glutaminska kislina, arginin, asparaginska kislina itd.) Organske kisline Encimi (fermenti) Arome Inhibini (antibakterijske snovi) Cvetovi Cvetni prah<\/p>\n<p><strong>Shranjevanje:<\/strong><br \/>\nDa bi zagotovili kakovost krme, jo je treba hraniti v temnem in suhem prostoru.<\/p>\n<p><strong>Opomba:<\/strong><br \/>\nDopolnilna krma za mravlje, ki se prehranjujejo z medom.<br \/>\nSestavo, analiti\u010dne sestavine, datum uporabnosti in \u0161tevilko serije najdete v navodilih za uporabo.<\/p>\n<p>Informacijska telefonska \u0161tevilka +49 30 439703870<\/p>\n<p>Pristojni veterinarski in \u017eivilski in\u0161pektorat:<br \/>\nVeterinarski urad Steglitz<br \/>\nK\u00f6nigin-Luise-Str. 92<br \/>\n14195 Berlin<\/p>","protected":false},"excerpt":{"rendered":"<p>Komplet je sestavljen iz 33 delov<br \/>\nVelikost: <span style=\"color: #0000ff;\"><strong>L<\/strong><\/span><\/p>","protected":false},"featured_media":7121,"comment_status":"open","ping_status":"closed","template":"","meta":{"_acf_changed":false,"content-type":"","_monsterinsights_skip_tracking":false,"_monsterinsights_sitenote_active":false,"_monsterinsights_sitenote_note":"","_monsterinsights_sitenote_category":0},"product_brand":[],"product_cat":[355,73,76,89],"product_tag":[],"class_list":{"0":"post-4626","1":"product","2":"type-product","3":"status-publish","4":"has-post-thumbnail","6":"product_cat-bundle-offers","7":"product_cat-starter-sets","8":"product_cat-starter-sets-cork","9":"product_cat-cork","11":"first","12":"instock","13":"taxable","14":"shipping-taxable","15":"purchasable","16":"product-type-simple"},"acf":[],"aioseo_notices":[],"jetpack_sharing_enabled":true,"_links":{"self":[{"href":"https:\/\/antcube.shop\/sl\/wp-json\/wp\/v2\/product\/4626","targetHints":{"allow":["GET"]}}],"collection":[{"href":"https:\/\/antcube.shop\/sl\/wp-json\/wp\/v2\/product"}],"about":[{"href":"https:\/\/antcube.shop\/sl\/wp-json\/wp\/v2\/types\/product"}],"replies":[{"embeddable":true,"href":"https:\/\/antcube.shop\/sl\/wp-json\/wp\/v2\/comments?post=4626"}],"wp:featuredmedia":[{"embeddable":true,"href":"https:\/\/antcube.shop\/sl\/wp-json\/wp\/v2\/media\/7121"}],"wp:attachment":[{"href":"https:\/\/antcube.shop\/sl\/wp-json\/wp\/v2\/media?parent=4626"}],"wp:term":[{"taxonomy":"product_brand","embeddable":true,"href":"https:\/\/antcube.shop\/sl\/wp-json\/wp\/v2\/product_brand?post=4626"},{"taxonomy":"product_cat","embeddable":true,"href":"https:\/\/antcube.shop\/sl\/wp-json\/wp\/v2\/product_cat?post=4626"},{"taxonomy":"product_tag","embeddable":true,"href":"https:\/\/antcube.shop\/sl\/wp-json\/wp\/v2\/product_tag?post=4626"}],"curies":[{"name":"wp","href":"https:\/\/api.w.org\/{rel}","templated":true}]}}