{"id":4625,"date":"2022-11-14T14:21:09","date_gmt":"2022-11-14T13:21:09","guid":{"rendered":"https:\/\/antcube.shop\/produkt\/acrylglas-xt-rohr-50-46mm-1m\/"},"modified":"2026-04-20T09:58:13","modified_gmt":"2026-04-20T07:58:13","slug":"acrylglas-xt-rohr-50-46mm-1m","status":"publish","type":"product","link":"https:\/\/antcube.shop\/sl\/izdelek\/acrylglas-xt-rohr-50-46mm-1m\/","title":{"rendered":"Cev za mravlje - kristalno \u010dista - 50 mm - 1 m"},"content":{"rendered":"<p><strong>Dimenzije:<\/strong> zunanji premer 50 mm, dol\u017eina: 1 m<\/p>\n<p><strong>Material:<\/strong> akrilno steklo<\/p>\n<p><strong>Barva:<\/strong> transparenten, jasen<\/p>\n<p><strong>Opis:<\/strong> Na formikarij se lahko priklju\u010di s pomo\u010djo adapterjev ali pove\u017ee ve\u010d formikarijev skupaj.<\/p>\n<p><strong>Opomba:<\/strong> Zaradi pakiranja je mogo\u010de enometrske cevi prerezati na pol in po \u017eelji naro\u010diti z ustreznim kosom cevi. \u010ce \u017eelite, da so cevi v vsakem primeru dobavljene kot enometrske cevi, morate to izbrati kot dodatno mo\u017enost.<\/p>","protected":false},"excerpt":{"rendered":"<p>Dimenzije: zunanji premer 50 mm, dol\u017eina: 1 m Material: akrilno steklo Barva: prozorna, \u010dista Opis: Lahko se priklju\u010di na formikarij s pomo\u010djo adapterjev ali pove\u017ee ve\u010d formikarijev skupaj. Opomba: Zaradi pakiranja je mogo\u010de 1 m cevi prerezati na pol in po \u017eelji naro\u010diti z ustreznim kosom cevi. \u010ce \u017eelite imeti","protected":false},"featured_media":5122,"comment_status":"open","ping_status":"closed","template":"","meta":{"_acf_changed":false,"content-type":"","_monsterinsights_skip_tracking":false,"_monsterinsights_sitenote_active":false,"_monsterinsights_sitenote_note":"","_monsterinsights_sitenote_category":0},"product_brand":[],"product_cat":[119,120],"product_tag":[],"class_list":{"0":"post-4625","1":"product","2":"type-product","3":"status-publish","4":"has-post-thumbnail","6":"product_cat-formicarium-components","7":"product_cat-hoses","9":"first","10":"instock","11":"taxable","12":"shipping-taxable","13":"purchasable","14":"product-type-simple"},"acf":[],"aioseo_notices":[],"jetpack_sharing_enabled":true,"_links":{"self":[{"href":"https:\/\/antcube.shop\/sl\/wp-json\/wp\/v2\/product\/4625","targetHints":{"allow":["GET"]}}],"collection":[{"href":"https:\/\/antcube.shop\/sl\/wp-json\/wp\/v2\/product"}],"about":[{"href":"https:\/\/antcube.shop\/sl\/wp-json\/wp\/v2\/types\/product"}],"replies":[{"embeddable":true,"href":"https:\/\/antcube.shop\/sl\/wp-json\/wp\/v2\/comments?post=4625"}],"wp:featuredmedia":[{"embeddable":true,"href":"https:\/\/antcube.shop\/sl\/wp-json\/wp\/v2\/media\/5122"}],"wp:attachment":[{"href":"https:\/\/antcube.shop\/sl\/wp-json\/wp\/v2\/media?parent=4625"}],"wp:term":[{"taxonomy":"product_brand","embeddable":true,"href":"https:\/\/antcube.shop\/sl\/wp-json\/wp\/v2\/product_brand?post=4625"},{"taxonomy":"product_cat","embeddable":true,"href":"https:\/\/antcube.shop\/sl\/wp-json\/wp\/v2\/product_cat?post=4625"},{"taxonomy":"product_tag","embeddable":true,"href":"https:\/\/antcube.shop\/sl\/wp-json\/wp\/v2\/product_tag?post=4625"}],"curies":[{"name":"wp","href":"https:\/\/api.w.org\/{rel}","templated":true}]}}