{"id":4613,"date":"2022-11-01T18:09:28","date_gmt":"2022-11-01T17:09:28","guid":{"rendered":"https:\/\/antcube.shop\/produkt\/antcube-starter-set-vivarium-30x30x30-cube\/"},"modified":"2026-04-01T11:20:15","modified_gmt":"2026-04-01T09:20:15","slug":"vivarij-plantcube-20x20x20-biom","status":"publish","type":"product","link":"https:\/\/antcube.shop\/sl\/izdelek\/vivarij-plantcube-20x20x20-biom\/","title":{"rendered":"PLANTCUBE - Vivarij 20x20x20 Biom"},"content":{"rendered":"<p><b>Vsebina:<\/b><b><br \/>\n<\/b><span style=\"font-weight: 400;\">1x PLANTCUBE Vivarij 20x20x20 Biom<\/span><span style=\"font-weight: 400;\"><br \/>\n<\/span><span style=\"font-weight: 400;\">2x \u010depi za 10 mm luknjo<\/span><\/p>\n<p><span style=\"font-weight: 400;\">Steklena kocka 20x20x20cm z 2x stransko 27mm luknjo in 2x stransko 10mm luknjo<\/span><span style=\"font-weight: 400;\"><br \/>\n<\/span><span style=\"font-weight: 400;\">Odprtina 27 mm (sredi\u0161\u010dna to\u010dka) je na vi\u0161ini 8,5 cm.\u00a0<\/span><\/p>\n<p><b>Dimenzije:<\/b><span style=\"font-weight: 400;\"> 200 x 200 x 200 mm; debelina stekla 4 mm<\/span><\/p>\n<p><b>Material:<\/b><span style=\"font-weight: 400;\"> float steklo<\/span><\/p>\n<p><b>Stranske odprtine:<\/b><b><br \/>\n<\/b><span style=\"font-weight: 400;\">2x luknja 27 mm<\/span><span style=\"font-weight: 400;\"><br \/>\n<\/span><span style=\"font-weight: 400;\">2x luknja 10 mm<\/span><\/p>\n<p><span style=\"font-weight: 400;\">Z na\u0161imi vivariji PLANTCUBE lahko oblikujete lastno \u017eivo umetnino za svojo dnevno sobo. V PLANTCUBE lahko gojite tudi majhne \u017eivali, zato va\u0161a ustvarjalnost ni omejena.<\/span><\/p>\n<p><span style=\"font-weight: 400;\">\u010ce \u017eelite izvedeti ve\u010d o PLANTCUBE ali prebrati na\u0161 vodnik po korakih za postavitev vivarija, obi\u0161\u010dite naslednjo povezavo: <a href=\"http:\/\/antcube.shop\/PLANTCUBE\">antcube.shop\/PLANTCUBE<\/a><\/span><\/p>\n<p><b>PLANTCUBE prilagodite svojim potrebam ali potrebam svojih rastlin in \u017eivali:<\/b><\/p>\n<p><span style=\"font-weight: 400;\">Dve 10 mm luknjici na strani, ki sta na vi\u0161ini 2 cm (na sredini) od dna, sta namenjeni odvajanju odve\u010dne vode. Za odvajanje vode lahko na primer uporabite na\u0161o prozorno cev 10\/06 mm. Dve 27 mm luknji lahko zaprete s \u010depi ali pa slu\u017eita kot dodatno prezra\u010devanje, \u010de sta opremljeni z mre\u017eastimi vlo\u017eki. Tu lahko prek akrilne cevi celo pove\u017eete dve nastavitvi. \u010ce imate v vivariju \u017eivali, se lahko prosto gibljejo iz ene v drugo postavitev.<\/span><\/p>\n<p><b>Kako spremeniti svoj PLANTCUBE v bioaktivni ekosistem?:<\/b><\/p>\n<p><b>Ustvarite drena\u017eni sloj:<\/b><\/p>\n<p><span style=\"font-weight: 400;\">Za podporo rastlinam morate v vivariju najprej zgraditi drena\u017eno plast. Priporo\u010damo vam, da uporabite 2-3 cm glinenih zrnc (4-8 mm), saj so lahka. Preden jih vstavite, jih obvezno operite pod teko\u010do vodo, da odstranite prah.\u00a0<\/span><\/p>\n<p><span style=\"font-weight: 400;\">Na glinene granule lahko polo\u017eite drena\u017eno tkanino, da lo\u010dite drena\u017eo od podlage.<\/span><\/p>\n<p><b>Katere rastline in zemljo uporabiti:<\/b><\/p>\n<p><span style=\"font-weight: 400;\">Vse to je odvisno od vrste ekosistema, ki ga \u017eelite ustvariti. \u010ce \u017eelite zgraditi pu\u0161\u010davski ali precej suh vivarij, boste potrebovali rastline, ki dobro uspevajo v tak\u0161nem podnebju, in ustrezno zemljo, v kateri rade rastejo. Za tropske vivarije je seveda enako. Poskusite uporabiti rastline iz podobnih regij in\/ali podnebja, da bodo vse dobro uspele v isti vrsti tal in podnebja. Dobra trgovina z rastlinami bi morala vedno imeti informacije o ustreznem podnebju in tleh za rastline, ki jih prodaja.<\/span><\/p>\n<p><b>Pomembno:<\/b><span style=\"font-weight: 400;\"> \u010ce \u017eelite imeti rastline in \u017eivali skupaj, nikoli ne smete uporabljati rastlin, za katere ne veste, ali so bile v stiku z gnojili ali pesticidi. Uporabljajte le rastline iz trgovin s terariji ali podobnih trgovin, za katere je zagotovljeno, da so popolnoma brez pesticidov in gnojil. Ti lahko sicer povzro\u010dijo smrt \u017eivali.<\/span><\/p>\n<p><b>Uvedite \"\u010distilno ekipo\", ki bo poskrbela za bioaktivnost va\u0161ega vivarija<\/b><\/p>\n<p><b>Kaj je bioaktivno? <\/b><span style=\"font-weight: 400;\">Kaj je bioaktivno? To je najbli\u017eje samopreskrbni nastavitvi. Gre za dodajanje ustrezne me\u0161anice zemlje in organskega materiala, da se lahko tvori mikroflora, ter potrebne mikro favne, da se v va\u0161em vivariju ustvari krog hranil.<\/span><\/p>\n<p><span style=\"font-weight: 400;\">Na\u0161 nasvet: Vedno dodajte majhne \u017eivali, kot so \u0161kr\u017eatki in izopodi. Ti niso le dober \"neskon\u010den\" vir hrane, \u010de \u017eelite v svojem vivariju gojiti druge \u017eivali. Zlasti se hranijo s plesnimi, ki lahko nastanejo zaradi visoke vlage, in bogatijo zemljo s hranilnimi snovmi, kar omogo\u010da zdravo rast rastlin.<\/span><\/p>\n<p><span style=\"font-weight: 400;\">V zemljo dodajte nekaj oglja, ki pomaga mikrobom pri naseljevanju. Mah in plutovinasto lubje ali beli gnili les poleg listja niso le naravnega videza v va\u0161i postavitvi, ampak tudi hranijo va\u0161o \"\u010distilno ekipo\", jim nudijo skrivali\u0161\u010da in mesta za razmno\u017eevanje ter se zlahka razgradijo v hranila za va\u0161e rastline.<\/span><\/p>\n<p><b>V naravi je vse v ravnovesju<\/b><\/p>\n<p><span style=\"font-weight: 400;\">Vendar pa ni priporo\u010dljivo uporabljati dolo\u010denih vrst izopodov, ne da bi jim dodali kaj, kar jih lovi, saj populacija izopodov brez plenilcev, kot so na primer mravlje, rada uide izpod nadzora in rastline v va\u0161em vivariju hitro postanejo neza\u017eelen vir hrane. V naravi je vse v ravnovesju.<\/span><\/p>\n<p><b>Dodatne informacije:<\/b><\/p>\n<p><span style=\"font-weight: 400;\">Steklo je bru\u0161eno v skladu z DIN 1249 s toleranco +\/- 1 mm. Za izjemno majhne vrste mravelj je nujna dodatna za\u0161\u010dita pred prelomom.<\/span><\/p>","protected":false},"excerpt":{"rendered":"<p>Priklju\u010dek: 2x izvrtina 27 mm<br \/>\n2x izvrtina 10 mm<\/p>","protected":false},"featured_media":12297,"comment_status":"open","ping_status":"closed","template":"","meta":{"_acf_changed":false,"content-type":"","_monsterinsights_skip_tracking":false,"_monsterinsights_sitenote_active":false,"_monsterinsights_sitenote_note":"","_monsterinsights_sitenote_category":0},"product_brand":[483],"product_cat":[341],"product_tag":[],"class_list":{"0":"post-4613","1":"product","2":"type-product","3":"status-publish","4":"has-post-thumbnail","6":"product_brand-plantcube","7":"product_cat-vivariums","9":"first","10":"instock","11":"taxable","12":"shipping-taxable","13":"purchasable","14":"product-type-simple"},"acf":[],"aioseo_notices":[],"jetpack_sharing_enabled":true,"_links":{"self":[{"href":"https:\/\/antcube.shop\/sl\/wp-json\/wp\/v2\/product\/4613","targetHints":{"allow":["GET"]}}],"collection":[{"href":"https:\/\/antcube.shop\/sl\/wp-json\/wp\/v2\/product"}],"about":[{"href":"https:\/\/antcube.shop\/sl\/wp-json\/wp\/v2\/types\/product"}],"replies":[{"embeddable":true,"href":"https:\/\/antcube.shop\/sl\/wp-json\/wp\/v2\/comments?post=4613"}],"wp:featuredmedia":[{"embeddable":true,"href":"https:\/\/antcube.shop\/sl\/wp-json\/wp\/v2\/media\/12297"}],"wp:attachment":[{"href":"https:\/\/antcube.shop\/sl\/wp-json\/wp\/v2\/media?parent=4613"}],"wp:term":[{"taxonomy":"product_brand","embeddable":true,"href":"https:\/\/antcube.shop\/sl\/wp-json\/wp\/v2\/product_brand?post=4613"},{"taxonomy":"product_cat","embeddable":true,"href":"https:\/\/antcube.shop\/sl\/wp-json\/wp\/v2\/product_cat?post=4613"},{"taxonomy":"product_tag","embeddable":true,"href":"https:\/\/antcube.shop\/sl\/wp-json\/wp\/v2\/product_tag?post=4613"}],"curies":[{"name":"wp","href":"https:\/\/api.w.org\/{rel}","templated":true}]}}