{"id":4610,"date":"2022-11-01T18:08:42","date_gmt":"2022-11-01T17:08:42","guid":{"rendered":"https:\/\/antcube.shop\/produkt\/formicarienunterlage-30x30cm\/"},"modified":"2026-03-30T10:29:22","modified_gmt":"2026-03-30T08:29:22","slug":"formicarienunterlage-30x30cm","status":"publish","type":"product","link":"https:\/\/antcube.shop\/sl\/izdelek\/formicarienunterlage-30x30cm\/","title":{"rendered":"Podloga za formikarij - 30x30cm"},"content":{"rendered":"<p><strong>Dimenzije:<\/strong> 300 x 300 x 4 mm<\/p>\n<p><strong>Material:<\/strong> PE pena<\/p>\n<p><strong>Barva:<\/strong> siva<\/p>\n<p><strong>Vsebina:<\/strong> 1 kos.<\/p>\n<p><strong>Opis:<\/strong><br \/>\nPodloga za formikarij je izdelana iz mehke pene.<br \/>\nPred praskami \u0161\u010diti formikarij in pohi\u0161tvo, na katerem stoji formikarij.<br \/>\nPoleg tega slu\u017ei kot toplotna izolacija za izravnavo najmanj\u0161ih neravnin in \u0161\u010diti pred vibracijami.<\/p>","protected":false},"excerpt":{"rendered":"<p>Dimenzije: Material: 400 x 200 x 4 mm: PE pena Barva: siva Vsebina: Vsebina: 1 kos. Opis: Podloga za formikarij je izdelana iz mehke pene. Pred praskami \u0161\u010diti formikarij in pohi\u0161tvo, na katerem formikarij stoji. Poleg tega blazinica slu\u017ei kot toplotna izolacija za izravnavo","protected":false},"featured_media":4803,"comment_status":"open","ping_status":"closed","template":"","meta":{"_acf_changed":false,"content-type":"","_monsterinsights_skip_tracking":false,"_monsterinsights_sitenote_active":false,"_monsterinsights_sitenote_note":"","_monsterinsights_sitenote_category":0},"product_brand":[],"product_cat":[239],"product_tag":[],"class_list":{"0":"post-4610","1":"product","2":"type-product","3":"status-publish","4":"has-post-thumbnail","6":"product_cat-useful-additions","8":"first","9":"instock","10":"taxable","11":"shipping-taxable","12":"purchasable","13":"product-type-simple"},"acf":[],"aioseo_notices":[],"jetpack_sharing_enabled":true,"_links":{"self":[{"href":"https:\/\/antcube.shop\/sl\/wp-json\/wp\/v2\/product\/4610","targetHints":{"allow":["GET"]}}],"collection":[{"href":"https:\/\/antcube.shop\/sl\/wp-json\/wp\/v2\/product"}],"about":[{"href":"https:\/\/antcube.shop\/sl\/wp-json\/wp\/v2\/types\/product"}],"replies":[{"embeddable":true,"href":"https:\/\/antcube.shop\/sl\/wp-json\/wp\/v2\/comments?post=4610"}],"wp:featuredmedia":[{"embeddable":true,"href":"https:\/\/antcube.shop\/sl\/wp-json\/wp\/v2\/media\/4803"}],"wp:attachment":[{"href":"https:\/\/antcube.shop\/sl\/wp-json\/wp\/v2\/media?parent=4610"}],"wp:term":[{"taxonomy":"product_brand","embeddable":true,"href":"https:\/\/antcube.shop\/sl\/wp-json\/wp\/v2\/product_brand?post=4610"},{"taxonomy":"product_cat","embeddable":true,"href":"https:\/\/antcube.shop\/sl\/wp-json\/wp\/v2\/product_cat?post=4610"},{"taxonomy":"product_tag","embeddable":true,"href":"https:\/\/antcube.shop\/sl\/wp-json\/wp\/v2\/product_tag?post=4610"}],"curies":[{"name":"wp","href":"https:\/\/api.w.org\/{rel}","templated":true}]}}