{"id":4609,"date":"2022-11-01T18:08:27","date_gmt":"2022-11-01T17:08:27","guid":{"rendered":"https:\/\/antcube.shop\/produkt\/ameisenarena-abdeckung-30x30\/"},"modified":"2026-04-08T08:47:57","modified_gmt":"2026-04-08T06:47:57","slug":"ameisenarena-abdeckung-30x30","status":"publish","type":"product","link":"https:\/\/antcube.shop\/sl\/izdelek\/ameisenarena-abdeckung-30x30\/","title":{"rendered":"Prevleka za mravlji\u0161\u010de 30\u00d730"},"content":{"rendered":"<p><strong>Dimenzije (Dx\u0160xV):<\/strong> 30x30x0,4 cm<\/p>\n<p><strong>Material:<\/strong> float steklo<\/p>\n<p><strong>Barva:<\/strong> kristalno \u010dista \/ prozorna<\/p>\n<p><strong>Vsebina:<\/strong><br \/>\n1x pokrov za mravlji\u0161\u010de<br \/>\n1x pritrdilne to\u010dke \u00e0 4 kosi.<\/p>\n<p><strong>Opis:<\/strong><br \/>\nPokrov iz stekla za mravlji\u0161\u010de kot za\u0161\u010dita pred pobegom.<\/p>\n<p><strong>Uporaba:<\/strong><br \/>\nStekleno pokrivalo za mravlji\u0161\u010de se namesti na mravlji\u0161\u010de in takoj slu\u017ei tudi za uravnavanje klime.<br \/>\nV 50-milimetrske odprtine je mogo\u010de vstaviti razli\u010dne module za nadzor klime, npr. prezra\u010devalne re\u0161etke, razsvetljavo ali vla\u017eenje zraka.<br \/>\nDa bi prepre\u010dili pobeg mravelj skozi odprtine, je treba na spodnjo stran okrog odprtin nanesti za\u0161\u010dito za pobeg (olje, pra\u0161ek ali lak).<\/p>\n<p><strong>Obvestilo:<\/strong><br \/>\nKer je izdelek narejen iz stekla in je zato dovzeten za razbitje, je treba z njim ravnati zelo previdno.<\/p>","protected":false},"excerpt":{"rendered":"<p>Dimenzije (Dx\u0160xV): 30x30x0,4 cm Material: float steklo Barva: kristalno \u010dista \/ prozorna Vsebina: Vsebuje: 1x pokrov za mravlji\u0161\u010de 1x pritrdilne to\u010dke \u00e0 4 kosi. Opis: Pokrov iz stekla za mravlji\u0161\u010de kot za\u0161\u010dita pred pobegom. Uporaba: Pokrov za mravlji\u0161\u010de iz stekla se namesti na mravlji\u0161\u010de in takoj slu\u017ei tudi za","protected":false},"featured_media":4800,"comment_status":"open","ping_status":"closed","template":"","meta":{"_acf_changed":false,"content-type":"","_monsterinsights_skip_tracking":false,"_monsterinsights_sitenote_active":false,"_monsterinsights_sitenote_note":"","_monsterinsights_sitenote_category":0},"product_brand":[],"product_cat":[91,92],"product_tag":[],"class_list":{"0":"post-4609","1":"product","2":"type-product","3":"status-publish","4":"has-post-thumbnail","6":"product_cat-formicarium-modules","7":"product_cat-arena-cover","9":"first","10":"instock","11":"taxable","12":"shipping-taxable","13":"purchasable","14":"product-type-simple"},"acf":[],"aioseo_notices":[],"jetpack_sharing_enabled":true,"_links":{"self":[{"href":"https:\/\/antcube.shop\/sl\/wp-json\/wp\/v2\/product\/4609","targetHints":{"allow":["GET"]}}],"collection":[{"href":"https:\/\/antcube.shop\/sl\/wp-json\/wp\/v2\/product"}],"about":[{"href":"https:\/\/antcube.shop\/sl\/wp-json\/wp\/v2\/types\/product"}],"replies":[{"embeddable":true,"href":"https:\/\/antcube.shop\/sl\/wp-json\/wp\/v2\/comments?post=4609"}],"wp:featuredmedia":[{"embeddable":true,"href":"https:\/\/antcube.shop\/sl\/wp-json\/wp\/v2\/media\/4800"}],"wp:attachment":[{"href":"https:\/\/antcube.shop\/sl\/wp-json\/wp\/v2\/media?parent=4609"}],"wp:term":[{"taxonomy":"product_brand","embeddable":true,"href":"https:\/\/antcube.shop\/sl\/wp-json\/wp\/v2\/product_brand?post=4609"},{"taxonomy":"product_cat","embeddable":true,"href":"https:\/\/antcube.shop\/sl\/wp-json\/wp\/v2\/product_cat?post=4609"},{"taxonomy":"product_tag","embeddable":true,"href":"https:\/\/antcube.shop\/sl\/wp-json\/wp\/v2\/product_tag?post=4609"}],"curies":[{"name":"wp","href":"https:\/\/api.w.org\/{rel}","templated":true}]}}