{"id":4605,"date":"2022-11-01T18:07:07","date_gmt":"2022-11-01T17:07:07","guid":{"rendered":"https:\/\/antcube.shop\/produkt\/formicariengranulat-1000ml-schwarz\/"},"modified":"2026-04-02T18:12:06","modified_gmt":"2026-04-02T16:12:06","slug":"formicariengranulat-1000ml-schwarz","status":"publish","type":"product","link":"https:\/\/antcube.shop\/sl\/izdelek\/formicariengranulat-1000ml-schwarz\/","title":{"rendered":"Formicarium granule 1000ml - \u010drne"},"content":{"rendered":"<p><strong>Vsebina:<\/strong> 1000 ml (ustreza ~600 g)<\/p>\n<p><strong>Velikost zrn:<\/strong> 1 - 8 mm<\/p>\n<p><strong>Barva:<\/strong> \u010drna<\/p>\n<p><strong>Osnovni material:<\/strong> posebna me\u0161anica visokokakovostnih vulkanskih kamnov<\/p>\n<p><strong>Opis:<\/strong> Material zadr\u017euje vlago in zagotavlja dobro prezra\u010devanje tal v formikariju, kar prepre\u010duje zamakanje in gnitje. Granuliran sloj je treba uporabiti pribli\u017eno 1-2 cm kot najni\u017eji sloj tal na kmetiji.<\/p>\n<p><strong>Lastnosti:<\/strong><br \/>\n- anorganski, mineralni izdelek<br \/>\n- biolo\u0161ko in kemi\u010dno nevtralen<br \/>\n- strukturno stabilen<br \/>\n- shranjuje vlago.<\/p>","protected":false},"excerpt":{"rendered":"<p>Za podlago iz gozda ali de\u017eevnega gozda<\/p>","protected":false},"featured_media":5733,"comment_status":"open","ping_status":"closed","template":"","meta":{"_acf_changed":false,"content-type":"","_monsterinsights_skip_tracking":false,"_monsterinsights_sitenote_active":false,"_monsterinsights_sitenote_note":"","_monsterinsights_sitenote_category":0},"product_brand":[],"product_cat":[101,100,241],"product_tag":[],"class_list":{"0":"post-4605","1":"product","2":"type-product","3":"status-publish","4":"has-post-thumbnail","6":"product_cat-forest","7":"product_cat-rainforest","8":"product_cat-granules","10":"first","11":"instock","12":"taxable","13":"shipping-taxable","14":"purchasable","15":"product-type-simple"},"acf":[],"aioseo_notices":[],"jetpack_sharing_enabled":true,"_links":{"self":[{"href":"https:\/\/antcube.shop\/sl\/wp-json\/wp\/v2\/product\/4605","targetHints":{"allow":["GET"]}}],"collection":[{"href":"https:\/\/antcube.shop\/sl\/wp-json\/wp\/v2\/product"}],"about":[{"href":"https:\/\/antcube.shop\/sl\/wp-json\/wp\/v2\/types\/product"}],"replies":[{"embeddable":true,"href":"https:\/\/antcube.shop\/sl\/wp-json\/wp\/v2\/comments?post=4605"}],"wp:featuredmedia":[{"embeddable":true,"href":"https:\/\/antcube.shop\/sl\/wp-json\/wp\/v2\/media\/5733"}],"wp:attachment":[{"href":"https:\/\/antcube.shop\/sl\/wp-json\/wp\/v2\/media?parent=4605"}],"wp:term":[{"taxonomy":"product_brand","embeddable":true,"href":"https:\/\/antcube.shop\/sl\/wp-json\/wp\/v2\/product_brand?post=4605"},{"taxonomy":"product_cat","embeddable":true,"href":"https:\/\/antcube.shop\/sl\/wp-json\/wp\/v2\/product_cat?post=4605"},{"taxonomy":"product_tag","embeddable":true,"href":"https:\/\/antcube.shop\/sl\/wp-json\/wp\/v2\/product_tag?post=4605"}],"curies":[{"name":"wp","href":"https:\/\/api.w.org\/{rel}","templated":true}]}}