{"id":4604,"date":"2022-11-01T18:06:48","date_gmt":"2022-11-01T17:06:48","guid":{"rendered":"https:\/\/antcube.shop\/produkt\/formicariengranulat-1000ml-beige\/"},"modified":"2026-04-05T13:01:18","modified_gmt":"2026-04-05T11:01:18","slug":"formicariengranulat-1000ml-beige","status":"publish","type":"product","link":"https:\/\/antcube.shop\/sl\/izdelek\/formicariengranulat-1000ml-beige\/","title":{"rendered":"Formicarium granule 1000ml - be\u017e"},"content":{"rendered":"<p><strong>Vsebina:<\/strong> 1000 ml (ustreza ~ 900 g)<\/p>\n<p><strong>Velikost zrn:<\/strong> 1 - 8 mm<\/p>\n<p><strong>Barva:<\/strong> be\u017e<\/p>\n<p><strong>Osnovni material:<\/strong> posebna me\u0161anica visokokakovostnih glin in kamnin<\/p>\n<p><strong>Opis:<\/strong> Material zadr\u017euje vlago in zagotavlja dobro prezra\u010devanje tal v formikariju, kar prepre\u010duje zamakanje in gnitje. Granuliran sloj je treba uporabiti pribli\u017eno 1-2 cm kot najni\u017eji sloj tal na kmetiji.<\/p>\n<p><strong>Lastnosti:<\/strong><br \/>\n- anorganski, mineralni izdelek<br \/>\n- biolo\u0161ko in kemi\u010dno nevtralen<br \/>\n- strukturno stabilen<br \/>\n- shranjuje vlago.<\/p>\n<p>&nbsp;<\/p>","protected":false},"excerpt":{"rendered":"<p>Za travnata ali pu\u0161\u010davska tla<\/p>","protected":false},"featured_media":5731,"comment_status":"open","ping_status":"closed","template":"","meta":{"_acf_changed":false,"content-type":"","_monsterinsights_skip_tracking":false,"_monsterinsights_sitenote_active":false,"_monsterinsights_sitenote_note":"","_monsterinsights_sitenote_category":0},"product_brand":[],"product_cat":[241],"product_tag":[],"class_list":{"0":"post-4604","1":"product","2":"type-product","3":"status-publish","4":"has-post-thumbnail","6":"product_cat-granules","8":"first","9":"instock","10":"taxable","11":"shipping-taxable","12":"purchasable","13":"product-type-simple"},"acf":[],"aioseo_notices":[],"jetpack_sharing_enabled":true,"_links":{"self":[{"href":"https:\/\/antcube.shop\/sl\/wp-json\/wp\/v2\/product\/4604","targetHints":{"allow":["GET"]}}],"collection":[{"href":"https:\/\/antcube.shop\/sl\/wp-json\/wp\/v2\/product"}],"about":[{"href":"https:\/\/antcube.shop\/sl\/wp-json\/wp\/v2\/types\/product"}],"replies":[{"embeddable":true,"href":"https:\/\/antcube.shop\/sl\/wp-json\/wp\/v2\/comments?post=4604"}],"wp:featuredmedia":[{"embeddable":true,"href":"https:\/\/antcube.shop\/sl\/wp-json\/wp\/v2\/media\/5731"}],"wp:attachment":[{"href":"https:\/\/antcube.shop\/sl\/wp-json\/wp\/v2\/media?parent=4604"}],"wp:term":[{"taxonomy":"product_brand","embeddable":true,"href":"https:\/\/antcube.shop\/sl\/wp-json\/wp\/v2\/product_brand?post=4604"},{"taxonomy":"product_cat","embeddable":true,"href":"https:\/\/antcube.shop\/sl\/wp-json\/wp\/v2\/product_cat?post=4604"},{"taxonomy":"product_tag","embeddable":true,"href":"https:\/\/antcube.shop\/sl\/wp-json\/wp\/v2\/product_tag?post=4604"}],"curies":[{"name":"wp","href":"https:\/\/api.w.org\/{rel}","templated":true}]}}