{"id":4373,"date":"2022-06-20T09:12:57","date_gmt":"2022-06-20T07:12:57","guid":{"rendered":"https:\/\/antcube.shop\/produkt\/cricket-jam\/"},"modified":"2026-04-15T17:09:25","modified_gmt":"2026-04-15T15:09:25","slug":"cricket-jam","status":"publish","type":"product","link":"https:\/\/antcube.shop\/sl\/izdelek\/cricket-jam\/","title":{"rendered":"Cricket Jam"},"content":{"rendered":"<p><strong>Neto te\u017ea:<\/strong> 25 g na kozarec<br \/>\npretla\u010deni in du\u0161eni \u010dri\u010dki<\/p>\n<p>enojni dovod<\/p>\n<p><strong>Opis:<\/strong><br \/>\nNa\u0161i blan\u0161irani \u010dri\u010dki so enostaven na\u010din, kako mravljam zagotoviti sve\u017ee konzervirano beljakovinsko hrano, ne da bi jim bilo treba hraniti \u017eive \u017eu\u017eelke. Prilo\u017eeni cvr\u010dki (Acheta domesticus) so bili ne\u017eno blan\u0161irani, da se ohranijo hranilna vrednost, okus in aroma. Poleg tega se na ta na\u010din zmeh\u010da tudi hitinska lupina \u017eu\u017eelk, tako da se la\u017eje prebavi. Spojine kolagenskih beljakovin se razgradijo, tako da jih mravlje lahko bolje izkoristijo. Konzerve Acheta domesticus imajo enako hranilno vrednost kot \u017eivi \u010dri\u010dki, vendar so la\u017eje prebavljive. V nasprotju z zamrznjenimi ali posu\u0161enimi \u010dri\u010dki, pri katerih se izgubi pribli\u017eno 60% beljakovin, se vsebovane beljakovine lahko predelajo na skoraj 100%.<\/p>\n<p>Cricket Jam ni primeren za lov na vrste mravelj, ki potrebujejo \u017eivo hrano (npr. ponirke (prvobitne mravlje), kot sta Harpegnathos ali Odontomachus).<\/p>\n<p><strong>Druge prednosti:<\/strong><\/p>\n<p>Zagotovljeno brez pr\u0161ic<\/p>\n<p>Lahko se porcionira in razred\u010di z vodo.<\/p>\n<p>Sterilizirano in vakuumirano<br \/>\nBrez dodatkov<br \/>\nCvr\u010dki iz trajnostne izklju\u010dno biolo\u0161ke vzreje, hranjeni z organskimi odpadki<\/p>\n<p><strong>Prehranske informacije:<\/strong><br \/>\nSurove beljakovine: 20%<br \/>\nSurova ma\u0161\u010doba: 7%<br \/>\nSurova vlaknina: 22%<br \/>\nPepel: 4%<br \/>\nVlaga: 46%<\/p>\n<p><strong>Obvestilo:<\/strong><br \/>\nKo ga odprete, ga lahko v hladilniku hranite pribli\u017eno \u0161tiri dni. \u010ce je zamrznjen, je rok trajanja dalj\u0161i.<br \/>\n<strong>Pozornost:<\/strong> Najprej jih razdelite, nato pa zamrznite.<\/p>","protected":false},"excerpt":{"rendered":"<p>Enkratno podajanje<\/p>","protected":false},"featured_media":4378,"comment_status":"open","ping_status":"closed","template":"","meta":{"_acf_changed":false,"content-type":"","_monsterinsights_skip_tracking":false,"_monsterinsights_sitenote_active":false,"_monsterinsights_sitenote_note":"","_monsterinsights_sitenote_category":0},"product_brand":[],"product_cat":[257,115,116],"product_tag":[],"class_list":{"0":"post-4373","1":"product","2":"type-product","3":"status-publish","4":"has-post-thumbnail","6":"product_cat-new-innovatve-products","7":"product_cat-food-and-feeding","8":"product_cat-food","10":"first","11":"instock","12":"taxable","13":"shipping-taxable","14":"purchasable","15":"product-type-simple"},"acf":[],"aioseo_notices":[],"jetpack_sharing_enabled":true,"_links":{"self":[{"href":"https:\/\/antcube.shop\/sl\/wp-json\/wp\/v2\/product\/4373","targetHints":{"allow":["GET"]}}],"collection":[{"href":"https:\/\/antcube.shop\/sl\/wp-json\/wp\/v2\/product"}],"about":[{"href":"https:\/\/antcube.shop\/sl\/wp-json\/wp\/v2\/types\/product"}],"replies":[{"embeddable":true,"href":"https:\/\/antcube.shop\/sl\/wp-json\/wp\/v2\/comments?post=4373"}],"wp:featuredmedia":[{"embeddable":true,"href":"https:\/\/antcube.shop\/sl\/wp-json\/wp\/v2\/media\/4378"}],"wp:attachment":[{"href":"https:\/\/antcube.shop\/sl\/wp-json\/wp\/v2\/media?parent=4373"}],"wp:term":[{"taxonomy":"product_brand","embeddable":true,"href":"https:\/\/antcube.shop\/sl\/wp-json\/wp\/v2\/product_brand?post=4373"},{"taxonomy":"product_cat","embeddable":true,"href":"https:\/\/antcube.shop\/sl\/wp-json\/wp\/v2\/product_cat?post=4373"},{"taxonomy":"product_tag","embeddable":true,"href":"https:\/\/antcube.shop\/sl\/wp-json\/wp\/v2\/product_tag?post=4373"}],"curies":[{"name":"wp","href":"https:\/\/api.w.org\/{rel}","templated":true}]}}