{"id":4372,"date":"2022-06-20T09:12:42","date_gmt":"2022-06-20T07:12:42","guid":{"rendered":"https:\/\/antcube.shop\/produkt\/ganze-blanchierte-heimchen\/"},"modified":"2026-04-19T18:42:23","modified_gmt":"2026-04-19T16:42:23","slug":"ganze-blanchierte-heimchen","status":"publish","type":"product","link":"https:\/\/antcube.shop\/sl\/izdelek\/ganze-blanchierte-heimchen\/","title":{"rendered":"Blan\u0161irani celi \u010dri\u010dki"},"content":{"rendered":"<p><strong>Neto te\u017ea:<\/strong> 10 g na kozarec<br \/>\nblan\u0161irani srednje veliki \u010dri\u010dki v kosu<\/p>\n<p>enojni dovod<\/p>\n<p><strong>Opis:<\/strong><br \/>\nNa\u0161i blan\u0161irani \u010dri\u010dki so enostaven na\u010din, kako mravljam zagotoviti sve\u017ee konzervirano beljakovinsko hrano, ne da bi jim bilo treba hraniti \u017eive \u017eu\u017eelke. Prilo\u017eeni cvr\u010dki (Acheta domesticus) so bili ne\u017eno blan\u0161irani, da se ohranijo hranilna vrednost, okus in aroma. Poleg tega se na ta na\u010din zmeh\u010da tudi hitinska lupina \u017eu\u017eelk, tako da se la\u017eje prebavi. Spojine kolagenskih beljakovin se razgradijo, tako da jih mravlje lahko bolje izkoristijo. Konzerve Acheta domesticus imajo enako hranilno vrednost kot \u017eivi \u010dri\u010dki, vendar so la\u017eje prebavljive. V nasprotju z zamrznjenimi ali posu\u0161enimi \u010dri\u010dki, pri katerih se izgubi pribli\u017eno 60% beljakovin, se vsebovane beljakovine lahko predelajo na skoraj 100%.<\/p>\n<p>Blan\u0161irani cvr\u010dki niso primerni za lov na vrste mravelj, ki potrebujejo \u017eivo hrano (npr. ponirki (prvobitne mravlje), kot sta Harpegnathos ali Odontomachus).<\/p>\n<p><strong>Druge prednosti:<\/strong><\/p>\n<p>Zagotovljeno brez pr\u0161ic<br \/>\nPorcijsko<br \/>\nSterilizirano in vakuumirano<br \/>\nBrez dodatkov<br \/>\n\u010cri\u010dki iz trajnostne \u010diste ekolo\u0161ke reje, hranjeni z organskimi odpadki<\/p>\n<p><strong>Prehranske informacije:<\/strong><br \/>\nSurove beljakovine: 20%<br \/>\nSurova ma\u0161\u010doba: 7%<br \/>\nSurova vlaknina: 22%<br \/>\nPepel: 4%<br \/>\nVlaga: 46%<\/p>\n<p><strong>Obvestilo:<\/strong><br \/>\nPo odprtju se v hladilniku ohrani pribli\u017eno \u0161tiri dni. \u010ce ga zamrznete, je rok trajanja dalj\u0161i.<br \/>\n<strong>Pozornost:<\/strong> Najprej jih razdelite, nato zamrznite. Tako je mogo\u010da tudi enkratna odstranitev (IQF).<\/p>","protected":false},"excerpt":{"rendered":"<p>enojni dovod<\/p>","protected":false},"featured_media":4375,"comment_status":"open","ping_status":"closed","template":"","meta":{"_acf_changed":false,"content-type":"","_monsterinsights_skip_tracking":false,"_monsterinsights_sitenote_active":false,"_monsterinsights_sitenote_note":"","_monsterinsights_sitenote_category":0},"product_brand":[],"product_cat":[257,115,116],"product_tag":[],"class_list":{"0":"post-4372","1":"product","2":"type-product","3":"status-publish","4":"has-post-thumbnail","6":"product_cat-new-innovatve-products","7":"product_cat-food-and-feeding","8":"product_cat-food","10":"first","11":"instock","12":"taxable","13":"shipping-taxable","14":"purchasable","15":"product-type-simple"},"acf":[],"aioseo_notices":[],"jetpack_sharing_enabled":true,"_links":{"self":[{"href":"https:\/\/antcube.shop\/sl\/wp-json\/wp\/v2\/product\/4372","targetHints":{"allow":["GET"]}}],"collection":[{"href":"https:\/\/antcube.shop\/sl\/wp-json\/wp\/v2\/product"}],"about":[{"href":"https:\/\/antcube.shop\/sl\/wp-json\/wp\/v2\/types\/product"}],"replies":[{"embeddable":true,"href":"https:\/\/antcube.shop\/sl\/wp-json\/wp\/v2\/comments?post=4372"}],"wp:featuredmedia":[{"embeddable":true,"href":"https:\/\/antcube.shop\/sl\/wp-json\/wp\/v2\/media\/4375"}],"wp:attachment":[{"href":"https:\/\/antcube.shop\/sl\/wp-json\/wp\/v2\/media?parent=4372"}],"wp:term":[{"taxonomy":"product_brand","embeddable":true,"href":"https:\/\/antcube.shop\/sl\/wp-json\/wp\/v2\/product_brand?post=4372"},{"taxonomy":"product_cat","embeddable":true,"href":"https:\/\/antcube.shop\/sl\/wp-json\/wp\/v2\/product_cat?post=4372"},{"taxonomy":"product_tag","embeddable":true,"href":"https:\/\/antcube.shop\/sl\/wp-json\/wp\/v2\/product_tag?post=4372"}],"curies":[{"name":"wp","href":"https:\/\/api.w.org\/{rel}","templated":true}]}}