{"id":4343,"date":"2022-06-08T14:36:54","date_gmt":"2022-06-08T12:36:54","guid":{"rendered":"https:\/\/antcube.shop\/produkt\/naturbusch-auf-schieferplatte-gros\/"},"modified":"2025-10-19T15:15:12","modified_gmt":"2025-10-19T13:15:12","slug":"naturbusch-auf-schieferplatte-gros","status":"publish","type":"product","link":"https:\/\/antcube.shop\/sl\/izdelek\/naturbusch-auf-schieferplatte-gros\/","title":{"rendered":"Okrasno grmi\u010devje"},"content":{"rendered":"<p>Velikost \/ vi\u0161ina 17 cm do 19 cm, premer ~ 10 cm do 12 cm, idealno za arene 30x30x30 cm in ve\u010d.<br \/>\nTe\u017ea od 50 do 80 gramov<\/p>\n<p>Okrasni izdelek, sestavljen iz naravno posu\u0161enega lesenega grma in osnove iz umetne smole (osnovna plo\u0161\u010da).<br \/>\nTa okrasni grm je bil ro\u010dno izdelan v Nem\u010diji, zato ga odlikuje trajnost.<\/p>\n<p><strong>POZOR:<\/strong> Ne postavljajte ga v zelo vla\u017eno okolje (nad 60% vlage). Grm lahko za\u010dne plesneti. Z zelo dobrim prezra\u010devanjem lahko grm postavite v bolj vla\u017ene formikarije.<\/p>\n<p>Nekatere okrasne grmovnice zaradi svoje vi\u0161ine ne stojijo same v formikariju. V tem primeru pomaga, \u010de podlago nekoliko prekrijete s substratom ali izdelek postavite blizu zunanjega okna.<\/p>\n<p><span data-text-color=\"alert\"><strong>POMEMBNA OPOMBA O \u010cLANKU:<\/strong><\/span><br \/>\nKer gre za naravni izdelek \/ unikat, tukaj\u0161nje slike niso popolnoma enake izdelku, ki ga boste prejeli. Velikost, oblika in barva mini drevesa ter osnovna plo\u0161\u010da iz kamnitega skrilavca se razlikujejo. Zagotavljamo le najve\u010djo vi\u0161ino izdelka.<\/p>\n<p>Z naro\u010dilom tega izdelka se strinjate z zgoraj navedenimi mo\u017enimi spremembami velikosti, oblike in barve izdelka ob nakupu.<\/p>","protected":false},"excerpt":{"rendered":"<p>Velikost: 17-19 cm visok<\/p>","protected":false},"featured_media":6380,"comment_status":"open","ping_status":"closed","template":"","meta":{"_acf_changed":false,"content-type":"","_monsterinsights_skip_tracking":false,"_monsterinsights_sitenote_active":false,"_monsterinsights_sitenote_note":"","_monsterinsights_sitenote_category":0},"product_brand":[],"product_cat":[99,101,102],"product_tag":[],"class_list":{"0":"post-4343","1":"product","2":"type-product","3":"status-publish","4":"has-post-thumbnail","6":"product_cat-desert","7":"product_cat-forest","8":"product_cat-meadow","10":"first","11":"outofstock","12":"taxable","13":"shipping-taxable","14":"purchasable","15":"product-type-simple"},"acf":[],"aioseo_notices":[],"jetpack_sharing_enabled":true,"_links":{"self":[{"href":"https:\/\/antcube.shop\/sl\/wp-json\/wp\/v2\/product\/4343","targetHints":{"allow":["GET"]}}],"collection":[{"href":"https:\/\/antcube.shop\/sl\/wp-json\/wp\/v2\/product"}],"about":[{"href":"https:\/\/antcube.shop\/sl\/wp-json\/wp\/v2\/types\/product"}],"replies":[{"embeddable":true,"href":"https:\/\/antcube.shop\/sl\/wp-json\/wp\/v2\/comments?post=4343"}],"wp:featuredmedia":[{"embeddable":true,"href":"https:\/\/antcube.shop\/sl\/wp-json\/wp\/v2\/media\/6380"}],"wp:attachment":[{"href":"https:\/\/antcube.shop\/sl\/wp-json\/wp\/v2\/media?parent=4343"}],"wp:term":[{"taxonomy":"product_brand","embeddable":true,"href":"https:\/\/antcube.shop\/sl\/wp-json\/wp\/v2\/product_brand?post=4343"},{"taxonomy":"product_cat","embeddable":true,"href":"https:\/\/antcube.shop\/sl\/wp-json\/wp\/v2\/product_cat?post=4343"},{"taxonomy":"product_tag","embeddable":true,"href":"https:\/\/antcube.shop\/sl\/wp-json\/wp\/v2\/product_tag?post=4343"}],"curies":[{"name":"wp","href":"https:\/\/api.w.org\/{rel}","templated":true}]}}