{"id":4342,"date":"2022-06-08T14:36:40","date_gmt":"2022-06-08T12:36:40","guid":{"rendered":"https:\/\/antcube.shop\/produkt\/naturbusch-auf-schieferplatte-klein\/"},"modified":"2026-04-06T16:26:17","modified_gmt":"2026-04-06T14:26:17","slug":"naturbusch-auf-schieferplatte-klein","status":"publish","type":"product","link":"https:\/\/antcube.shop\/sl\/izdelek\/naturbusch-auf-schieferplatte-klein\/","title":{"rendered":"Naravni grm na skrilavcu - majhen"},"content":{"rendered":"<p>Velikost \/ vi\u0161ina do 9 cm, idealna za arene 20x20x10 cm.<br \/>\nTe\u017ea od 200 do 600 gramov<\/p>\n<p>Okrasni izdelek, sestavljen iz povsem naravnih sestavin, iz posu\u0161enega lesenega grma in plo\u0161\u010de iz skrilavca (osnovna plo\u0161\u010da). Oba neobdelana naravna izdelka.<br \/>\nTo mini drevo je bilo ro\u010dno izdelano v Nem\u010diji, zato ga odlikuje trajnost.<\/p>\n<p><strong>POZOR:<\/strong> Ne postavljajte ga v zelo vla\u017eno okolje (nad 60% vlage). Grm lahko za\u010dne plesneti. Z zelo dobrim prezra\u010devanjem lahko grm postavite v bolj vla\u017ene formikarije.<\/p>\n<p><strong>POMEMBNA OPOMBA O IZDELKU:<\/strong><br \/>\nKer gre za naravni izdelek \/ unikat, tukaj\u0161nje slike niso popolnoma enake izdelku, ki ga boste prejeli. Velikost, oblika in barva mini drevesa ter osnovna plo\u0161\u010da iz kamnitega skrilavca se razlikujejo. Zagotavljamo le najve\u010djo vi\u0161ino izdelka.<\/p>\n<p>Z naro\u010dilom tega izdelka se strinjate z zgoraj navedenimi mo\u017enimi spremembami velikosti, oblike in barve izdelka ob nakupu.<\/p>","protected":false},"excerpt":{"rendered":"<p>Velikost: 18x15x9<\/p>","protected":false},"featured_media":4355,"comment_status":"open","ping_status":"closed","template":"","meta":{"_acf_changed":false,"content-type":"","_monsterinsights_skip_tracking":false,"_monsterinsights_sitenote_active":false,"_monsterinsights_sitenote_note":"","_monsterinsights_sitenote_category":0},"product_brand":[],"product_cat":[99,101,102],"product_tag":[],"class_list":{"0":"post-4342","1":"product","2":"type-product","3":"status-publish","4":"has-post-thumbnail","6":"product_cat-desert","7":"product_cat-forest","8":"product_cat-meadow","10":"first","11":"instock","12":"taxable","13":"shipping-taxable","14":"purchasable","15":"product-type-simple"},"acf":[],"aioseo_notices":[],"jetpack_sharing_enabled":true,"_links":{"self":[{"href":"https:\/\/antcube.shop\/sl\/wp-json\/wp\/v2\/product\/4342","targetHints":{"allow":["GET"]}}],"collection":[{"href":"https:\/\/antcube.shop\/sl\/wp-json\/wp\/v2\/product"}],"about":[{"href":"https:\/\/antcube.shop\/sl\/wp-json\/wp\/v2\/types\/product"}],"replies":[{"embeddable":true,"href":"https:\/\/antcube.shop\/sl\/wp-json\/wp\/v2\/comments?post=4342"}],"wp:featuredmedia":[{"embeddable":true,"href":"https:\/\/antcube.shop\/sl\/wp-json\/wp\/v2\/media\/4355"}],"wp:attachment":[{"href":"https:\/\/antcube.shop\/sl\/wp-json\/wp\/v2\/media?parent=4342"}],"wp:term":[{"taxonomy":"product_brand","embeddable":true,"href":"https:\/\/antcube.shop\/sl\/wp-json\/wp\/v2\/product_brand?post=4342"},{"taxonomy":"product_cat","embeddable":true,"href":"https:\/\/antcube.shop\/sl\/wp-json\/wp\/v2\/product_cat?post=4342"},{"taxonomy":"product_tag","embeddable":true,"href":"https:\/\/antcube.shop\/sl\/wp-json\/wp\/v2\/product_tag?post=4342"}],"curies":[{"name":"wp","href":"https:\/\/api.w.org\/{rel}","templated":true}]}}