{"id":4286,"date":"2022-04-28T15:48:56","date_gmt":"2022-04-28T13:48:56","guid":{"rendered":"https:\/\/antcube.shop\/produkt\/reagenzglas-200x25-mm\/"},"modified":"2026-04-24T19:39:12","modified_gmt":"2026-04-24T17:39:12","slug":"reagenzglas-200x25-mm","status":"publish","type":"product","link":"https:\/\/antcube.shop\/sl\/izdelek\/reagenzglas-200x25-mm\/","title":{"rendered":"Preskusna steklena cev 200 \u00d7 25 mm"},"content":{"rendered":"<p><b>Velikost:<\/b><br \/>\nDol\u017eina: 200 mm<br \/>\nPremer: 25 mm (zunanji)<br \/>\nDebelina 1 mm<\/p>\n<p><b>Opis:<\/b> Epruveta iz natrijevega stekla z debelimi stenami in robom. Lahko se dlje \u010dasa uporablja kot gnezdilna komora, tako da se do 1\/3 napolni z vodo in zatesni z vpojnim bomba\u017eem. Primerna je tudi kot transportna posoda.<\/p>","protected":false},"excerpt":{"rendered":"<p>Velikost: (zunanji) Debelina 1mm Opis: Dol\u017eina: 200mm Premer: 25mm (zunanji) Debelina 1mm Vro\u010de steklene epruvete iz natrijevega stekla z debelimi stenami in obodom. Lahko se dlje \u010dasa uporablja kot gnezditvena komora, tako da se 1\/3 napolni z vodo in zatesni z vpojnim bomba\u017eem. Primerna je tudi kot transportna posoda.<\/p>","protected":false},"featured_media":4289,"comment_status":"open","ping_status":"closed","template":"","meta":{"_acf_changed":false,"content-type":"","_monsterinsights_skip_tracking":false,"_monsterinsights_sitenote_active":false,"_monsterinsights_sitenote_note":"","_monsterinsights_sitenote_category":0},"product_brand":[],"product_cat":[237],"product_tag":[],"class_list":{"0":"post-4286","1":"product","2":"type-product","3":"status-publish","4":"has-post-thumbnail","6":"product_cat-tools","8":"first","9":"instock","10":"taxable","11":"shipping-taxable","12":"purchasable","13":"product-type-simple"},"acf":[],"aioseo_notices":[],"jetpack_sharing_enabled":true,"_links":{"self":[{"href":"https:\/\/antcube.shop\/sl\/wp-json\/wp\/v2\/product\/4286","targetHints":{"allow":["GET"]}}],"collection":[{"href":"https:\/\/antcube.shop\/sl\/wp-json\/wp\/v2\/product"}],"about":[{"href":"https:\/\/antcube.shop\/sl\/wp-json\/wp\/v2\/types\/product"}],"replies":[{"embeddable":true,"href":"https:\/\/antcube.shop\/sl\/wp-json\/wp\/v2\/comments?post=4286"}],"wp:featuredmedia":[{"embeddable":true,"href":"https:\/\/antcube.shop\/sl\/wp-json\/wp\/v2\/media\/4289"}],"wp:attachment":[{"href":"https:\/\/antcube.shop\/sl\/wp-json\/wp\/v2\/media?parent=4286"}],"wp:term":[{"taxonomy":"product_brand","embeddable":true,"href":"https:\/\/antcube.shop\/sl\/wp-json\/wp\/v2\/product_brand?post=4286"},{"taxonomy":"product_cat","embeddable":true,"href":"https:\/\/antcube.shop\/sl\/wp-json\/wp\/v2\/product_cat?post=4286"},{"taxonomy":"product_tag","embeddable":true,"href":"https:\/\/antcube.shop\/sl\/wp-json\/wp\/v2\/product_tag?post=4286"}],"curies":[{"name":"wp","href":"https:\/\/api.w.org\/{rel}","templated":true}]}}