{"id":4258,"date":"2022-04-28T14:00:36","date_gmt":"2022-04-28T12:00:36","guid":{"rendered":"https:\/\/antcube.shop\/produkt\/ameisen-inkubator\/"},"modified":"2026-02-09T16:16:28","modified_gmt":"2026-02-09T15:16:28","slug":"ameisen-inkubator","status":"publish","type":"product","link":"https:\/\/antcube.shop\/sl\/izdelek\/ameisen-inkubator\/","title":{"rendered":"Inkubator za mravlje"},"content":{"rendered":"<p><strong>Velikost:\u00a0<\/strong>Velikost enote: 40 \u00d7 39,5 \u00d7 48 cm; notranjost: 32 \u00d7 22,5 \u00d7 37 cm<\/p>\n<p><strong>Barva:<\/strong> \u010crna<\/p>\n<p><strong>Tehni\u010dne specifikacije:<\/strong><br \/>\nNapetost: 220-240 V, 50 Hz<br \/>\nMo\u010d: 70 W<br \/>\nDol\u017eina omre\u017enega kabla: 1.60m<br \/>\nTemperaturno obmo\u010dje: 5\u00b0C - 40\u00b0C<\/p>\n<p><strong>Material:<\/strong> Kovina, steklo<\/p>\n<p><strong>Opis:<\/strong><br \/>\nTa inkubator za mravlje ni primeren le za vzgojo kolonij mravelj iz tropskih obmo\u010dij, temve\u010d tudi za kolonije mravelj v hibernaciji.<br \/>\nIma regulator temperature z digitalnim zaslonom in odstranljivo vmesno polico za ve\u010d prostora. Temperaturo lahko nastavite in spreminjate po potrebi. Naprava lahko hladi (do pribli\u017eno 5 \u00b0C) in greje (do pribli\u017eno 40 \u00b0C). Nastavljivo temperaturno obmo\u010dje je pribli\u017eno 5 \u00b0C-40 \u00b0C. Zato se lahko uporablja tudi za prezimovanje doma\u010dih mravelj.<\/p>\n<p><strong>Prednosti:<\/strong><br \/>\nPogosto se soo\u010date z vpra\u0161anjem, kako shraniti mravlje za hibernacijo brez zapletov pri pravi temperaturi. Hladilnik je tako ali tako prepoln, na balkonu je lahko za \u017eivali prehladno, v kleti pa je prav tako tesno ali pa nimate dovolj nadzora.<br \/>\n<strong>Tu je re\u0161itev:<\/strong> \u017divali lahko pustite prezimovati v inkubatorju z na\u0161imi stojali za gnezda v epruvetah, v tem primeru tudi do 100 kolonij naenkrat, ali skupaj s celotnim formikarijem ANTCUBE. Na primer, na\u0161 ANTCUBE Arena Combi se v celoti prilega notranjosti. Toda tudi za\u010detni set z areno 20x20x10 in dvema gnezdoma 20\u00d720 bi imel dovolj prostora.<br \/>\nZ avtomobilom je mogo\u010de tudi skladi\u0161\u010denje in prevoz, na primer med poletom roja, premestitvijo ali prevozom posebej ob\u010dutljivih mravelj.<br \/>\nPrakti\u010dna stojala za epruvete so na voljo v treh razli\u010dnih velikostih. Tukaj je na\u0161e priporo\u010dilo:<\/p>\n<p><strong>Priporo\u010dilo:<\/strong><br \/>\nProstor v inkubatorju je primeren za:<br \/>\nDo 24x epruvete s cvr\u010dkom\/ ali 24x \u0161katla za zbiranje transparentna 115x115x55<br \/>\nZa mravlje v gnezditvenih ceveh priporo\u010damo stojala za shranjevanje gnezditvenih cevi.<br \/>\nPrilagodite se notranjosti:<br \/>\n- stojalo za gnezditvene cevi za 16 mm = 12 kosov ali 120 gnezditvenih cevi s premerom 16 mm<br \/>\n- Stojalo za vgradne cevi za 18 mm = 12 kosov ali 120 vgradnih cevi s premerom 18 mm<br \/>\n- Stojalo za vgradne cevi za 25 mm = 9 kosov oz. 54 vgradnih cevi s premerom 25 mm<\/p>\n<p><strong>Opomba:<\/strong><br \/>\n- Naprave ne postavljajte na neposredno son\u010dno svetlobo ali ob vir toplote, saj nihanje zunanje temperature vpliva na notranjo temperaturo.<br \/>\n- Napravo postavite na suho mesto, kjer je temperatura \u010dim bolj konstantna.<br \/>\n- Ventilatorji se morajo prosto vrteti.<br \/>\n- Zra\u010dne povr\u0161ine morajo ostati \u010diste.<br \/>\n- Redno preverjajte po\u0161kodbe -&gt; \u010de so prisotne, takoj ustavite delovanje.<br \/>\n- Inkubator lahko dvojno za\u0161\u010ditite z dodatnim sistemom Thermo Control II ali Thermo Control Pro II. Ustrezen priklju\u010dek se nahaja na zadnji strani naprave.<\/p>\n<p><strong>Opomba: <\/strong>20.01.2025 - Posodobitev izdelka - nov model<\/p>","protected":false},"excerpt":{"rendered":"<p>Velikost: Velikost enote: 40 \u00d7 39,5 \u00d7 48 cm; notranjost: 32 \u00d7 22,5 \u00d7 37 cm Barva: \u010drna Tehni\u010dne specifikacije: Napetost: 220-240 V, 50 Hz Mo\u010d: 70 W Dol\u017eina omre\u017enega kabla: 1,60 m Temperaturno obmo\u010dje: 5\u00b0C - 40\u00b0C Material: 1: Kovina, steklo Opis: Kovina, steklo: Ta inkubator za mravlje ni primeren le za vzgojo kolonij mravelj iz tropskih obmo\u010dij, temve\u010d tudi za kolonije mravelj v hibernaciji. Ima [...]","protected":false},"featured_media":11099,"comment_status":"open","ping_status":"closed","template":"","meta":{"_acf_changed":false,"content-type":"","_monsterinsights_skip_tracking":false,"_monsterinsights_sitenote_active":false,"_monsterinsights_sitenote_note":"","_monsterinsights_sitenote_category":0},"product_brand":[],"product_cat":[237],"product_tag":[],"class_list":{"0":"post-4258","1":"product","2":"type-product","3":"status-publish","4":"has-post-thumbnail","6":"product_cat-tools","8":"first","9":"outofstock","10":"taxable","11":"shipping-taxable","12":"purchasable","13":"product-type-simple"},"acf":[],"aioseo_notices":[],"jetpack_sharing_enabled":true,"_links":{"self":[{"href":"https:\/\/antcube.shop\/sl\/wp-json\/wp\/v2\/product\/4258","targetHints":{"allow":["GET"]}}],"collection":[{"href":"https:\/\/antcube.shop\/sl\/wp-json\/wp\/v2\/product"}],"about":[{"href":"https:\/\/antcube.shop\/sl\/wp-json\/wp\/v2\/types\/product"}],"replies":[{"embeddable":true,"href":"https:\/\/antcube.shop\/sl\/wp-json\/wp\/v2\/comments?post=4258"}],"wp:featuredmedia":[{"embeddable":true,"href":"https:\/\/antcube.shop\/sl\/wp-json\/wp\/v2\/media\/11099"}],"wp:attachment":[{"href":"https:\/\/antcube.shop\/sl\/wp-json\/wp\/v2\/media?parent=4258"}],"wp:term":[{"taxonomy":"product_brand","embeddable":true,"href":"https:\/\/antcube.shop\/sl\/wp-json\/wp\/v2\/product_brand?post=4258"},{"taxonomy":"product_cat","embeddable":true,"href":"https:\/\/antcube.shop\/sl\/wp-json\/wp\/v2\/product_cat?post=4258"},{"taxonomy":"product_tag","embeddable":true,"href":"https:\/\/antcube.shop\/sl\/wp-json\/wp\/v2\/product_tag?post=4258"}],"curies":[{"name":"wp","href":"https:\/\/api.w.org\/{rel}","templated":true}]}}