{"id":4175,"date":"2022-03-14T17:24:15","date_gmt":"2022-03-14T16:24:15","guid":{"rendered":"https:\/\/antcube.shop\/produkt\/candy-ant-snack-20g\/"},"modified":"2026-04-04T06:34:17","modified_gmt":"2026-04-04T04:34:17","slug":"sladkarije-ant-snack-20g","status":"publish","type":"product","link":"https:\/\/antcube.shop\/sl\/izdelek\/sladkarije-ant-snack-20g\/","title":{"rendered":"Prigrizek Candy Ant Snack - 20g"},"content":{"rendered":"<p><strong>Vsebina:<\/strong><br \/>\n20g<\/p>\n<p><strong>Opis:<\/strong><br \/>\nTo je \u010disto naraven izdelek. Na\u0161 prigrizek Candy Ant Snack iz ekolo\u0161ko pridelanih mravelj Acheta domesticus, prevle\u010denih z ekolo\u0161kim medom.<br \/>\nEnostavno prebavljiv. Zaradi visokokakovostnih beljakovin je skoraj popolna hrana (nadome\u0161\u010da med\/sladkor in beljakovine) za ve\u010dino vrst mravelj, kot so Lasius sp., Camponotus sp., Messor sp. itd. Mravlje ga obo\u017eujejo. Ne nadome\u0161\u010da sve\u017ee vode, ki jo potrebujejo mravlje. Prav tako ne nadomesti potrebe po \u017eivih beljakovinah, kot so majhne \u017eu\u017eelke.<\/p>\n<p>Ta dopolnilna krma je polna mo\u010dnih beljakovin in vsebuje pribli\u017eno 50% \u010distih naravnih beljakovin.<br \/>\nPoleg tega je bil izdelek hranjen z organskimi rastlinskimi odpadki brez pesticidov, kar ima visoko ekolo\u0161ko vrednost, saj se za njegovo proizvodnjo porabi manj energije in vode.<\/p>\n<p>Dodana vrednost za vse ljubitelje mravelj je kombinacija naravnih beljakovin in premaza z naravnim medom. Mravlje to obo\u017eujejo in potrebujejo za dober razvoj mladi\u010dev in zdravo rast kolonije.<\/p>\n<p><strong>Uporaba:<\/strong><br \/>\nZa hranjenje je treba prigrizek Candy Ant Snack razdeliti na manj\u0161e obroke ali ga raztopiti v vodi.<\/p>\n<p><strong>Vsebuje:<\/strong><br \/>\nNaravno posu\u0161ena Acheta domesticus, premazana z ekolo\u0161kim medom. Ni namenjen za prehrano ljudi. Samo za mravlje.<br \/>\nPribli\u017eno razmerje me\u0161anja 70% Acheta domesticus in 30% medu.<\/p>\n<p><strong>Shranjevanje:<\/strong><br \/>\nLahko se ponovno zapre. Shranjujte v temnem, hladnem in suhem prostoru.<\/p>\n<p><strong>Opomba:<\/strong><br \/>\nDodatna hrana za mravlje.<br \/>\nSestavo, analiti\u010dne sestavine, datum uporabnosti in \u0161tevilko serije najdete v navodilih za uporabo.<\/p>\n<p>Informacijska telefonska \u0161tevilka +49 30 439703870<\/p>\n<p>Pristojni veterinarski in \u017eivilski in\u0161pektorat:<br \/>\nVeterinarski urad Steglitz<br \/>\nK\u00f6nigin-Luise-Str. 92<br \/>\n14195 Berlin<\/p>","protected":false},"excerpt":{"rendered":"<p>Dodatna hrana<\/p>","protected":false},"featured_media":4182,"comment_status":"open","ping_status":"closed","template":"","meta":{"_acf_changed":false,"content-type":"","_monsterinsights_skip_tracking":false,"_monsterinsights_sitenote_active":false,"_monsterinsights_sitenote_note":"","_monsterinsights_sitenote_category":0},"product_brand":[],"product_cat":[115,116],"product_tag":[],"class_list":{"0":"post-4175","1":"product","2":"type-product","3":"status-publish","4":"has-post-thumbnail","6":"product_cat-food-and-feeding","7":"product_cat-food","9":"first","10":"instock","11":"taxable","12":"shipping-taxable","13":"purchasable","14":"product-type-simple"},"acf":[],"aioseo_notices":[],"jetpack_sharing_enabled":true,"_links":{"self":[{"href":"https:\/\/antcube.shop\/sl\/wp-json\/wp\/v2\/product\/4175","targetHints":{"allow":["GET"]}}],"collection":[{"href":"https:\/\/antcube.shop\/sl\/wp-json\/wp\/v2\/product"}],"about":[{"href":"https:\/\/antcube.shop\/sl\/wp-json\/wp\/v2\/types\/product"}],"replies":[{"embeddable":true,"href":"https:\/\/antcube.shop\/sl\/wp-json\/wp\/v2\/comments?post=4175"}],"wp:featuredmedia":[{"embeddable":true,"href":"https:\/\/antcube.shop\/sl\/wp-json\/wp\/v2\/media\/4182"}],"wp:attachment":[{"href":"https:\/\/antcube.shop\/sl\/wp-json\/wp\/v2\/media?parent=4175"}],"wp:term":[{"taxonomy":"product_brand","embeddable":true,"href":"https:\/\/antcube.shop\/sl\/wp-json\/wp\/v2\/product_brand?post=4175"},{"taxonomy":"product_cat","embeddable":true,"href":"https:\/\/antcube.shop\/sl\/wp-json\/wp\/v2\/product_cat?post=4175"},{"taxonomy":"product_tag","embeddable":true,"href":"https:\/\/antcube.shop\/sl\/wp-json\/wp\/v2\/product_tag?post=4175"}],"curies":[{"name":"wp","href":"https:\/\/api.w.org\/{rel}","templated":true}]}}