{"id":4165,"date":"2022-02-28T11:41:35","date_gmt":"2022-02-28T10:41:35","guid":{"rendered":"https:\/\/antcube.shop\/produkt\/fixier-punkte-8-st\/"},"modified":"2026-04-05T12:30:31","modified_gmt":"2026-04-05T10:30:31","slug":"fixier-punkte-8-st","status":"publish","type":"product","link":"https:\/\/antcube.shop\/sl\/izdelek\/fixier-punkte-8-st\/","title":{"rendered":"Pritrdilne to\u010dke - 8 kosov"},"content":{"rendered":"<p><strong>Dimenzije (Dx\u0160xV):<\/strong> 12x12x3 mm (s trapezno obliko na vrhu 10x10 mm).<\/p>\n<p><strong>Material:<\/strong> poliuretan brez plastifikatorjev z lepilnim akrilatom<\/p>\n<p><strong>Barva:<\/strong> prozorno<\/p>\n<p><strong>Vsebina:<\/strong><br \/>\n8x fiksacijske to\u010dke<\/p>\n<p><strong>Opis:<\/strong> Za pokrov za mravlji\u0161\u010de. Pritrdilne to\u010dke so prilepljene na spodnji del pokrova, da ne zdrsne z arene. To\u010dke se lahko uporabljajo tudi kot noge za areno in tudi za notranje kon\u010dne vlo\u017eke arene, da se za\u0161\u010ditijo pred prevra\u010danjem.<\/p>","protected":false},"excerpt":{"rendered":"<p>Dimenzije (Dx\u0160xV): 12x12x3 mm (skozi trapezno obliko na vrhu 10x10 mm). Material: poliuretan brez meh\u010dalcev z lepilnim akrilatom Barva: prozorna Vsebina: Vsebuje: 8x pritrdilne to\u010dke Opis: Za pokrivalo za mravlji\u0161\u010da. Pritrdilne to\u010dke so prilepljene na spodnji del pokrova, da ne zdrsne z arene. To\u010dke se lahko uporabljajo tudi kot","protected":false},"featured_media":4178,"comment_status":"open","ping_status":"closed","template":"","meta":{"_acf_changed":false,"content-type":"","_monsterinsights_skip_tracking":false,"_monsterinsights_sitenote_active":false,"_monsterinsights_sitenote_note":"","_monsterinsights_sitenote_category":0},"product_brand":[],"product_cat":[92,237],"product_tag":[],"class_list":{"0":"post-4165","1":"product","2":"type-product","3":"status-publish","4":"has-post-thumbnail","6":"product_cat-arena-cover","7":"product_cat-tools","9":"first","10":"instock","11":"taxable","12":"shipping-taxable","13":"purchasable","14":"product-type-simple"},"acf":[],"aioseo_notices":[],"jetpack_sharing_enabled":true,"_links":{"self":[{"href":"https:\/\/antcube.shop\/sl\/wp-json\/wp\/v2\/product\/4165","targetHints":{"allow":["GET"]}}],"collection":[{"href":"https:\/\/antcube.shop\/sl\/wp-json\/wp\/v2\/product"}],"about":[{"href":"https:\/\/antcube.shop\/sl\/wp-json\/wp\/v2\/types\/product"}],"replies":[{"embeddable":true,"href":"https:\/\/antcube.shop\/sl\/wp-json\/wp\/v2\/comments?post=4165"}],"wp:featuredmedia":[{"embeddable":true,"href":"https:\/\/antcube.shop\/sl\/wp-json\/wp\/v2\/media\/4178"}],"wp:attachment":[{"href":"https:\/\/antcube.shop\/sl\/wp-json\/wp\/v2\/media?parent=4165"}],"wp:term":[{"taxonomy":"product_brand","embeddable":true,"href":"https:\/\/antcube.shop\/sl\/wp-json\/wp\/v2\/product_brand?post=4165"},{"taxonomy":"product_cat","embeddable":true,"href":"https:\/\/antcube.shop\/sl\/wp-json\/wp\/v2\/product_cat?post=4165"},{"taxonomy":"product_tag","embeddable":true,"href":"https:\/\/antcube.shop\/sl\/wp-json\/wp\/v2\/product_tag?post=4165"}],"curies":[{"name":"wp","href":"https:\/\/api.w.org\/{rel}","templated":true}]}}