{"id":4145,"date":"2022-02-14T15:54:25","date_gmt":"2022-02-14T14:54:25","guid":{"rendered":"https:\/\/antcube.shop\/produkt\/ant-nuggets-20g\/"},"modified":"2026-04-01T17:55:15","modified_gmt":"2026-04-01T15:55:15","slug":"mravljincji-samorogi-20g","status":"publish","type":"product","link":"https:\/\/antcube.shop\/sl\/izdelek\/mravljincji-samorogi-20g\/","title":{"rendered":"mravljinci - 20g"},"content":{"rendered":"<p><strong>Vsebina:<\/strong><br \/>\n20g<\/p>\n<p><strong>Opis:<\/strong><br \/>\nTo je \u010disto naraven izdelek. \u010cebelarji so na\u0161e mravljince skrbno nabrali v divji naravi Bolgarije. Zaradi naravne fermentacije so lahko prebavljivi. Zaradi visokokakovostnih beljakovin je skoraj popolna hrana (nadome\u0161\u010da med\/sladkor in beljakovine) za ve\u010dino vrst mravelj, kot so Lasius sp., Camponotus sp. ali Messor sp., in celo listne mravlje jo obo\u017eujejo. Ne nadome\u0161\u010da sve\u017ee vode, ki jo mravlje potrebujejo. Prav tako ne nadomesti potrebe po \u017eivih beljakovinah, kot so majhne \u017eu\u017eelke.<\/p>\n<p><strong>Uporaba:<\/strong><br \/>\nZa hranjenje je treba mravljince razdeliti na manj\u0161e obroke ali jih raztopiti v vodi.<\/p>\n<p><strong>Vsebuje:<\/strong><br \/>\n100% naravno fermentiran cvetni prah. Ni namenjen za prehrano ljudi. Samo za mravlje.<\/p>\n<p><strong>Shranjevanje:<\/strong><br \/>\nLahko se ponovno zapre. Shranjujte v temnem, hladnem in suhem prostoru.<\/p>\n<p><strong>Opomba:<\/strong><br \/>\nDodatna hrana za mravlje.<br \/>\nSestavo, analiti\u010dne sestavine, datum uporabnosti in \u0161tevilko serije najdete v navodilih za uporabo.<\/p>\n<p>Informacijska telefonska \u0161tevilka +49 30 439703870<\/p>\n<p>Pristojni veterinarski in \u017eivilski in\u0161pektorat:<br \/>\nVeterinarski urad Steglitz<br \/>\nK\u00f6nigin-Luise-Str. 92<br \/>\n14195 Berlin<\/p>","protected":false},"excerpt":{"rendered":"<p>Dodatna hrana<\/p>","protected":false},"featured_media":4149,"comment_status":"open","ping_status":"closed","template":"","meta":{"_acf_changed":false,"content-type":"","_monsterinsights_skip_tracking":false,"_monsterinsights_sitenote_active":false,"_monsterinsights_sitenote_note":"","_monsterinsights_sitenote_category":0},"product_brand":[],"product_cat":[115,116],"product_tag":[],"class_list":{"0":"post-4145","1":"product","2":"type-product","3":"status-publish","4":"has-post-thumbnail","6":"product_cat-food-and-feeding","7":"product_cat-food","9":"first","10":"instock","11":"taxable","12":"shipping-taxable","13":"purchasable","14":"product-type-simple"},"acf":[],"aioseo_notices":[],"jetpack_sharing_enabled":true,"_links":{"self":[{"href":"https:\/\/antcube.shop\/sl\/wp-json\/wp\/v2\/product\/4145","targetHints":{"allow":["GET"]}}],"collection":[{"href":"https:\/\/antcube.shop\/sl\/wp-json\/wp\/v2\/product"}],"about":[{"href":"https:\/\/antcube.shop\/sl\/wp-json\/wp\/v2\/types\/product"}],"replies":[{"embeddable":true,"href":"https:\/\/antcube.shop\/sl\/wp-json\/wp\/v2\/comments?post=4145"}],"wp:featuredmedia":[{"embeddable":true,"href":"https:\/\/antcube.shop\/sl\/wp-json\/wp\/v2\/media\/4149"}],"wp:attachment":[{"href":"https:\/\/antcube.shop\/sl\/wp-json\/wp\/v2\/media?parent=4145"}],"wp:term":[{"taxonomy":"product_brand","embeddable":true,"href":"https:\/\/antcube.shop\/sl\/wp-json\/wp\/v2\/product_brand?post=4145"},{"taxonomy":"product_cat","embeddable":true,"href":"https:\/\/antcube.shop\/sl\/wp-json\/wp\/v2\/product_cat?post=4145"},{"taxonomy":"product_tag","embeddable":true,"href":"https:\/\/antcube.shop\/sl\/wp-json\/wp\/v2\/product_tag?post=4145"}],"curies":[{"name":"wp","href":"https:\/\/api.w.org\/{rel}","templated":true}]}}