{"id":4144,"date":"2022-02-14T15:34:20","date_gmt":"2022-02-14T14:34:20","guid":{"rendered":"https:\/\/antcube.shop\/produkt\/bodengrund-sand-lehm-beige-1000g\/"},"modified":"2026-04-10T09:16:16","modified_gmt":"2026-04-10T07:16:16","slug":"bodengrund-sand-lehm-beige-1000g","status":"publish","type":"product","link":"https:\/\/antcube.shop\/sl\/izdelek\/bodengrund-sand-lehm-beige-1000g\/","title":{"rendered":"zemlja - pe\u0161\u010deno-ilovnata me\u0161anica be\u017e barve - 1000g"},"content":{"rendered":"<p><strong>Vsebina:<\/strong> 1000g<\/p>\n<p><strong>Material:<\/strong> pesek, ilovica<\/p>\n<p><strong>Barva:<\/strong> be\u017e<\/p>\n<p><strong>Razmerje me\u0161anja:<\/strong> diggable<\/p>\n<p><strong>Opis:<\/strong> Ta pripravljena me\u0161anica peska in gline je \u010disti naravni izdelek. Obarvanost in trdnost ustvarja naravna glinasta zemlja, ki je ne\u0161kodljiva za \u017eivali.<\/p>\n<p><strong>Uporaba:<\/strong> Kopanje zemlje, lahko se uporablja za gnezdo in areno!<\/p>\n<p><strong>Opomba:<\/strong> ker gre za povsem naravni izdelek, lahko pride do manj\u0161ih razlik v barvi in strukturi, na katere ne moremo vplivati.<\/p>\n<p><strong>Pomembno:<\/strong> Pred uporabo substrat navla\u017eite, da se me\u0161anica lahko zdru\u017ei in trdno oprime v mravlji\u0161\u010du. Poleg tega lahko presuh in pra\u0161en substrat povzro\u010di zama\u0161itev dihalnih poti mravelj, v najslab\u0161em primeru pa se \u017eivali zadu\u0161ijo.<\/p>","protected":false},"excerpt":{"rendered":"<p>Naravni substrat - primeren za kopanje<\/p>","protected":false},"featured_media":5727,"comment_status":"open","ping_status":"closed","template":"","meta":{"_acf_changed":false,"content-type":"","_monsterinsights_skip_tracking":false,"_monsterinsights_sitenote_active":false,"_monsterinsights_sitenote_note":"","_monsterinsights_sitenote_category":0},"product_brand":[],"product_cat":[96],"product_tag":[],"class_list":{"0":"post-4144","1":"product","2":"type-product","3":"status-publish","4":"has-post-thumbnail","6":"product_cat-soil","8":"first","9":"instock","10":"taxable","11":"shipping-taxable","12":"purchasable","13":"product-type-simple"},"acf":[],"aioseo_notices":[],"jetpack_sharing_enabled":true,"_links":{"self":[{"href":"https:\/\/antcube.shop\/sl\/wp-json\/wp\/v2\/product\/4144","targetHints":{"allow":["GET"]}}],"collection":[{"href":"https:\/\/antcube.shop\/sl\/wp-json\/wp\/v2\/product"}],"about":[{"href":"https:\/\/antcube.shop\/sl\/wp-json\/wp\/v2\/types\/product"}],"replies":[{"embeddable":true,"href":"https:\/\/antcube.shop\/sl\/wp-json\/wp\/v2\/comments?post=4144"}],"wp:featuredmedia":[{"embeddable":true,"href":"https:\/\/antcube.shop\/sl\/wp-json\/wp\/v2\/media\/5727"}],"wp:attachment":[{"href":"https:\/\/antcube.shop\/sl\/wp-json\/wp\/v2\/media?parent=4144"}],"wp:term":[{"taxonomy":"product_brand","embeddable":true,"href":"https:\/\/antcube.shop\/sl\/wp-json\/wp\/v2\/product_brand?post=4144"},{"taxonomy":"product_cat","embeddable":true,"href":"https:\/\/antcube.shop\/sl\/wp-json\/wp\/v2\/product_cat?post=4144"},{"taxonomy":"product_tag","embeddable":true,"href":"https:\/\/antcube.shop\/sl\/wp-json\/wp\/v2\/product_tag?post=4144"}],"curies":[{"name":"wp","href":"https:\/\/api.w.org\/{rel}","templated":true}]}}