{"id":4047,"date":"2021-11-30T15:12:53","date_gmt":"2021-11-30T14:12:53","guid":{"rendered":"https:\/\/antcube.shop\/produkt\/enamel-mug\/"},"modified":"2024-12-12T12:25:27","modified_gmt":"2024-12-12T11:25:27","slug":"emajlirani-loncek","status":"publish","type":"product","link":"https:\/\/antcube.shop\/sl\/izdelek\/emajlirani-loncek\/","title":{"rendered":"Emajlirani vr\u010d"},"content":{"rendered":"<p>Vsak sre\u010den tabornik potrebuje edinstveni vr\u010d za tabornike. Je lahek, vzdr\u017eljiv in ve\u010dnamenski. Uporabite ga za svojo najljub\u0161o pija\u010do ali topel obrok in ga pritrdite na torbo, da bo na pohodu zlahka dostopen.<\/p>\n<p>- Material: Emajl<br \/>\n- Dimenzije: vi\u0161ina 3,14\u2033 (8 cm), premer 3,25\u2033 (8,25 cm)<br \/>\n- Bela prevleka s srebrnim robom<br \/>\n- Samo ro\u010dno pranje<br \/>\n- Prazen izdelek iz Kitajske<\/p>\n<p><strong>Pozor! Ne segrevajte teko\u010din ali hrane neposredno v vr\u010du - lahko se po\u0161koduje premaz.<\/strong><\/p>","protected":false},"excerpt":{"rendered":"<p>Vsak sre\u010den tabornik potrebuje edinstveni vr\u010d za tabornike. Je lahek, vzdr\u017eljiv in ve\u010dnamenski. Uporabite ga za svojo najljub\u0161o pija\u010do ali topel obrok in ga pritrdite na torbo, da bo na pohodu zlahka dostopen. - Material: Emajl - Dimenzije: vi\u0161ina 3,14\u2033 (8 cm), premer 3,25\u2033 (8,25 cm) - Bela prevleka s srebrnim robom - [...]","protected":false},"featured_media":4048,"comment_status":"open","ping_status":"closed","template":"","meta":{"_acf_changed":false,"content-type":"","_monsterinsights_skip_tracking":false,"_monsterinsights_sitenote_active":false,"_monsterinsights_sitenote_note":"","_monsterinsights_sitenote_category":0},"product_brand":[],"product_cat":[245],"product_tag":[],"class_list":{"0":"post-4047","1":"product","2":"type-product","3":"status-publish","4":"has-post-thumbnail","6":"product_cat-merchandise","8":"first","9":"instock","10":"taxable","11":"shipping-taxable","12":"purchasable","13":"product-type-simple"},"acf":[],"aioseo_notices":[],"jetpack_sharing_enabled":true,"_links":{"self":[{"href":"https:\/\/antcube.shop\/sl\/wp-json\/wp\/v2\/product\/4047","targetHints":{"allow":["GET"]}}],"collection":[{"href":"https:\/\/antcube.shop\/sl\/wp-json\/wp\/v2\/product"}],"about":[{"href":"https:\/\/antcube.shop\/sl\/wp-json\/wp\/v2\/types\/product"}],"replies":[{"embeddable":true,"href":"https:\/\/antcube.shop\/sl\/wp-json\/wp\/v2\/comments?post=4047"}],"wp:featuredmedia":[{"embeddable":true,"href":"https:\/\/antcube.shop\/sl\/wp-json\/wp\/v2\/media\/4048"}],"wp:attachment":[{"href":"https:\/\/antcube.shop\/sl\/wp-json\/wp\/v2\/media?parent=4047"}],"wp:term":[{"taxonomy":"product_brand","embeddable":true,"href":"https:\/\/antcube.shop\/sl\/wp-json\/wp\/v2\/product_brand?post=4047"},{"taxonomy":"product_cat","embeddable":true,"href":"https:\/\/antcube.shop\/sl\/wp-json\/wp\/v2\/product_cat?post=4047"},{"taxonomy":"product_tag","embeddable":true,"href":"https:\/\/antcube.shop\/sl\/wp-json\/wp\/v2\/product_tag?post=4047"}],"curies":[{"name":"wp","href":"https:\/\/api.w.org\/{rel}","templated":true}]}}