{"id":3957,"date":"2021-11-30T13:32:38","date_gmt":"2021-11-30T12:32:38","guid":{"rendered":"https:\/\/antcube.shop\/produkt\/mens-high-top-canvas-shoes\/"},"modified":"2024-12-12T12:25:45","modified_gmt":"2024-12-12T11:25:45","slug":"moski-visoki-cevlji-iz-platna","status":"publish","type":"product","link":"https:\/\/antcube.shop\/sl\/izdelek\/moski-visoki-cevlji-iz-platna\/","title":{"rendered":"Mo\u0161ki visoki zgornji platneni \u010devlji"},"content":{"rendered":"<p>S platnenimi \u010devlji High Top izbolj\u0161ajte svojo obutev. Ti ro\u010dno izdelani modni \u010devlji bodo zagotovo popestrili va\u0161o obleko. Priskrbite si jih zdaj!<\/p>\n<p>- 100% poliester, zgornja stran platna<br \/>\n- Podplat iz etilena in vinil acetata (EVA)<br \/>\n- Prepustna podloga, mehak vlo\u017eek<br \/>\n- Umetno usnje za prste<br \/>\n- Bele vezalke<br \/>\n- Oblazinjen ovratnik, vezalke spredaj<br \/>\n- Prazen izdelek iz Kitajske<\/p>\n<p><strong>Pomembno:<\/strong> Ta izdelek je na voljo v naslednjih dr\u017eavah: ZDA, Kanada, Avstralija, Nova Zelandija in Japonska. \u010ce je va\u0161 naslov dostave zunaj teh dr\u017eav, izberite drug izdelek.<\/p>\n<p><strong>Zavrnitev odgovornosti:<\/strong> \u010cevlji bodo ob odprtju \u0161katle imeli vonj po lepilu. Vonj bo izginil nekaj dni po razpakiranju \u010devljev.<\/p>","protected":false},"excerpt":{"rendered":"<p>S platnenimi \u010devlji High Top izbolj\u0161ajte svojo obutev. Ti ro\u010dno izdelani modni \u010devlji bodo zagotovo popestrili va\u0161o obleko. Priskrbite si jih zdaj! - 100% poliester, zgornja stran platna - podplat iz etilena in vinil acetata (EVA) - zra\u010dna podloga, mehak vlo\u017eek - kapa iz umetnega usnja - bele vezalke - oblazinjen ovratnik, spredaj na vezalke","protected":false},"featured_media":3975,"comment_status":"open","ping_status":"closed","template":"","meta":{"_acf_changed":false,"content-type":"","_monsterinsights_skip_tracking":false,"_monsterinsights_sitenote_active":false,"_monsterinsights_sitenote_note":"","_monsterinsights_sitenote_category":0},"product_brand":[],"product_cat":[245],"product_tag":[],"class_list":{"0":"post-3957","1":"product","2":"type-product","3":"status-publish","4":"has-post-thumbnail","6":"product_cat-merchandise","8":"first","9":"instock","10":"taxable","11":"shipping-taxable","12":"purchasable","13":"product-type-variable"},"acf":[],"aioseo_notices":[],"jetpack_sharing_enabled":true,"_links":{"self":[{"href":"https:\/\/antcube.shop\/sl\/wp-json\/wp\/v2\/product\/3957","targetHints":{"allow":["GET"]}}],"collection":[{"href":"https:\/\/antcube.shop\/sl\/wp-json\/wp\/v2\/product"}],"about":[{"href":"https:\/\/antcube.shop\/sl\/wp-json\/wp\/v2\/types\/product"}],"replies":[{"embeddable":true,"href":"https:\/\/antcube.shop\/sl\/wp-json\/wp\/v2\/comments?post=3957"}],"wp:featuredmedia":[{"embeddable":true,"href":"https:\/\/antcube.shop\/sl\/wp-json\/wp\/v2\/media\/3975"}],"wp:attachment":[{"href":"https:\/\/antcube.shop\/sl\/wp-json\/wp\/v2\/media?parent=3957"}],"wp:term":[{"taxonomy":"product_brand","embeddable":true,"href":"https:\/\/antcube.shop\/sl\/wp-json\/wp\/v2\/product_brand?post=3957"},{"taxonomy":"product_cat","embeddable":true,"href":"https:\/\/antcube.shop\/sl\/wp-json\/wp\/v2\/product_cat?post=3957"},{"taxonomy":"product_tag","embeddable":true,"href":"https:\/\/antcube.shop\/sl\/wp-json\/wp\/v2\/product_tag?post=3957"}],"curies":[{"name":"wp","href":"https:\/\/api.w.org\/{rel}","templated":true}]}}