{"id":3877,"date":"2021-11-23T18:19:27","date_gmt":"2021-11-23T17:19:27","guid":{"rendered":"https:\/\/antcube.shop\/produkt\/ameisen-spiralturm-l-30\/"},"modified":"2026-04-05T01:10:15","modified_gmt":"2026-04-04T23:10:15","slug":"ant-spiral-tower-l-30","status":"publish","type":"product","link":"https:\/\/antcube.shop\/sl\/izdelek\/ant-spiral-tower-l-30\/","title":{"rendered":"Spiralni stolp za mravlje L - 30"},"content":{"rendered":"<div><strong>Dimenzije<\/strong>: 19x19x30cm; <strong>L<\/strong> za cev 20\/16 mm<\/div>\n<div><\/div>\n<div><strong>Material<\/strong>: PMMA, PVC<\/div>\n<div><\/div>\n<div><strong>Barva<\/strong>: kristalno \u010dist, prozoren, prosojen<\/div>\n<div><\/div>\n<div><strong>Vsebina<\/strong>:<\/div>\n<div>2x spodnja \/ pokrivna plo\u0161\u010da<\/div>\n<div>2x dostop do cevi za cev 20\/16 mm<\/div>\n<div>4x cevni stolpec za cev 20\/16 mm<\/div>\n<div>10x vpenjalni zati\u010d<\/div>\n<div>5 m cevi 20\/16 mm<\/div>\n<div><strong>Opomba<\/strong>: Deli so dobavljeni kot komplet ali vti\u010dni sistem. Lepljenje ni potrebno.<\/div>\n<div><\/div>\n<div><strong>Povezava<\/strong>:<\/div>\n<div>2x cev 20\/16 mm<\/div>\n<div><\/div>\n<div><strong>Opis<\/strong>: Spiralni stolp za mravlje se uporablja za premostitev vi\u0161ine od arene do mravlji\u0161\u010da, poleg tega pa \u017eivalim omogo\u010da veliko sprehajalne poti na majhnem prostoru. Dodatna razdalja hoje simulira poti, ki jih morajo mravlje prehoditi v naravi do svojih virov hrane, in lahko pozitivno vpliva na razvoj in obna\u0161anje mravlji\u0161\u010da.<\/div>\n<div><\/div>\n<div><strong>Aplikacija<\/strong>: za mravlji\u0161\u010da velikosti <strong>L<\/strong><\/div>","protected":false},"excerpt":{"rendered":"<p>Priklju\u010dek: cev 20\/16 mm<br \/>\nVelikost <strong>L<\/strong><\/p>","protected":false},"featured_media":3879,"comment_status":"open","ping_status":"closed","template":"","meta":{"_acf_changed":false,"content-type":"","_monsterinsights_skip_tracking":false,"_monsterinsights_sitenote_active":false,"_monsterinsights_sitenote_note":"","_monsterinsights_sitenote_category":0},"product_brand":[],"product_cat":[119,256],"product_tag":[],"class_list":{"0":"post-3877","1":"product","2":"type-product","3":"status-publish","4":"has-post-thumbnail","6":"product_cat-formicarium-components","7":"product_cat-spiral-tower","9":"first","10":"instock","11":"taxable","12":"shipping-taxable","13":"purchasable","14":"product-type-simple"},"acf":[],"aioseo_notices":[],"jetpack_sharing_enabled":true,"_links":{"self":[{"href":"https:\/\/antcube.shop\/sl\/wp-json\/wp\/v2\/product\/3877","targetHints":{"allow":["GET"]}}],"collection":[{"href":"https:\/\/antcube.shop\/sl\/wp-json\/wp\/v2\/product"}],"about":[{"href":"https:\/\/antcube.shop\/sl\/wp-json\/wp\/v2\/types\/product"}],"replies":[{"embeddable":true,"href":"https:\/\/antcube.shop\/sl\/wp-json\/wp\/v2\/comments?post=3877"}],"wp:featuredmedia":[{"embeddable":true,"href":"https:\/\/antcube.shop\/sl\/wp-json\/wp\/v2\/media\/3879"}],"wp:attachment":[{"href":"https:\/\/antcube.shop\/sl\/wp-json\/wp\/v2\/media?parent=3877"}],"wp:term":[{"taxonomy":"product_brand","embeddable":true,"href":"https:\/\/antcube.shop\/sl\/wp-json\/wp\/v2\/product_brand?post=3877"},{"taxonomy":"product_cat","embeddable":true,"href":"https:\/\/antcube.shop\/sl\/wp-json\/wp\/v2\/product_cat?post=3877"},{"taxonomy":"product_tag","embeddable":true,"href":"https:\/\/antcube.shop\/sl\/wp-json\/wp\/v2\/product_tag?post=3877"}],"curies":[{"name":"wp","href":"https:\/\/api.w.org\/{rel}","templated":true}]}}