{"id":3625,"date":"2021-11-19T12:53:34","date_gmt":"2021-11-19T11:53:34","guid":{"rendered":"https:\/\/antcube.shop\/produkt\/snapback-hat\/"},"modified":"2024-12-12T12:26:44","modified_gmt":"2024-12-12T11:26:44","slug":"snapback-klobuk","status":"publish","type":"product","link":"https:\/\/antcube.shop\/sl\/izdelek\/snapback-klobuk\/","title":{"rendered":"Snapback klobuk"},"content":{"rendered":"<p>Ta klobuk je strukturiran, klasi\u010dnega kroja, z ravnim robom in polnim oklepom. Zaradi nastavljivega zapenjanja z zasko\u010dnico je klobuk udoben in ustreza ve\u010dini velikosti.<\/p>\n<p>- 80% akril, 20% volna<br \/>\n- Zelena kamufla\u017ea je iz bomba\u017ea 60% in poliestra 40%<br \/>\n- Strukturirana, \u0161estdelna, visokoprofilna<br \/>\n- 6 vezenih o\u010desc<br \/>\n- Plasti\u010dno zapiranje snap<br \/>\n- Zeleni nadzornik<br \/>\n- Obseg glave: 21\u215d\u2033-23\u215d\u2033 (54,9 cm-60 cm)<br \/>\n- Prazen izdelek iz Vietnama ali Banglade\u0161a<\/p>\n<p>&nbsp;<\/p>\n<p>Za dostavo in proizvodnjo izdelkov iz kategorije Merchandise skrbi na\u0161 partner PRINTFUL. Z naro\u010dilom enega od teh izdelkov se strinjate s splo\u0161nimi pogoji, politiko zasebnosti in politiko vra\u010danja izdelkov podjetja PRINTFUL.<\/p>\n<p><a href=\"https:\/\/www.printful.com\/policies\/terms-of-service\">Tukaj najdete splo\u0161ne pogoje poslovanja dru\u017ebe PRINTFUL.<\/a><\/p>\n<p><a href=\"https:\/\/www.printful.com\/policies\/returns\">Pravilnik o vra\u010danju izdelkov PRINTFUL najdete tukaj.<\/a><\/p>\n<p><a href=\"https:\/\/www.printful.com\/policies\/privacy\">Pravilnik o zasebnosti dru\u017ebe PRINTFUL najdete tukaj.<\/a><\/p>","protected":false},"excerpt":{"rendered":"<p>Ta klobuk je strukturiran, klasi\u010dnega kroja, z ravnim robom in polnim oklepom. Zaradi nastavljivega zapenjanja z zasko\u010dnico je klobuk udoben in ustreza ve\u010dini velikosti. - 80% akril, 20% volna - Green Camo je 60% bomba\u017e, 40% poliester - strukturiran, 6-delni, visok profil - 6 izvezenih o\u010desc - plasti\u010dno zapenjanje - zelena podloga - obseg glave: 21\u215d\u2033-23\u215d\u2033","protected":false},"featured_media":3627,"comment_status":"open","ping_status":"closed","template":"","meta":{"_acf_changed":false,"content-type":"","_monsterinsights_skip_tracking":false,"_monsterinsights_sitenote_active":false,"_monsterinsights_sitenote_note":"","_monsterinsights_sitenote_category":0},"product_brand":[],"product_cat":[245],"product_tag":[],"class_list":{"0":"post-3625","1":"product","2":"type-product","3":"status-publish","4":"has-post-thumbnail","6":"product_cat-merchandise","8":"first","9":"instock","10":"taxable","11":"shipping-taxable","12":"purchasable","13":"product-type-simple"},"acf":[],"aioseo_notices":[],"jetpack_sharing_enabled":true,"_links":{"self":[{"href":"https:\/\/antcube.shop\/sl\/wp-json\/wp\/v2\/product\/3625","targetHints":{"allow":["GET"]}}],"collection":[{"href":"https:\/\/antcube.shop\/sl\/wp-json\/wp\/v2\/product"}],"about":[{"href":"https:\/\/antcube.shop\/sl\/wp-json\/wp\/v2\/types\/product"}],"replies":[{"embeddable":true,"href":"https:\/\/antcube.shop\/sl\/wp-json\/wp\/v2\/comments?post=3625"}],"wp:featuredmedia":[{"embeddable":true,"href":"https:\/\/antcube.shop\/sl\/wp-json\/wp\/v2\/media\/3627"}],"wp:attachment":[{"href":"https:\/\/antcube.shop\/sl\/wp-json\/wp\/v2\/media?parent=3625"}],"wp:term":[{"taxonomy":"product_brand","embeddable":true,"href":"https:\/\/antcube.shop\/sl\/wp-json\/wp\/v2\/product_brand?post=3625"},{"taxonomy":"product_cat","embeddable":true,"href":"https:\/\/antcube.shop\/sl\/wp-json\/wp\/v2\/product_cat?post=3625"},{"taxonomy":"product_tag","embeddable":true,"href":"https:\/\/antcube.shop\/sl\/wp-json\/wp\/v2\/product_tag?post=3625"}],"curies":[{"name":"wp","href":"https:\/\/api.w.org\/{rel}","templated":true}]}}