{"id":3611,"date":"2021-11-19T12:49:31","date_gmt":"2021-11-19T11:49:31","guid":{"rendered":"https:\/\/antcube.shop\/produkt\/dad-hat\/"},"modified":"2024-12-12T12:26:53","modified_gmt":"2024-12-12T11:26:53","slug":"ocetovska-kapa","status":"publish","type":"product","link":"https:\/\/antcube.shop\/sl\/izdelek\/ocetovska-kapa\/","title":{"rendered":"O\u010detovski klobuk"},"content":{"rendered":"<p>O\u010detovske kape niso samo za o\u010dete. Ta ima nizek profil z nastavljivim trakom in ukrivljenim vizirjem.<\/p>\n<p>- 100% chino bomba\u017eni keper<br \/>- Zelena kamufla\u017ena barva je iz 35% chino bomba\u017enega kepra, 65% poliestra<br \/>- Nestrukturirana, \u0161estdelna, nizkoprofilna<br \/>- 6 vezenih o\u010desc<br \/>- 3 \u215b\" (7,6 cm) krona<br \/>- Nastavljiv trak s starinsko zaponko<br \/>- Prazen izdelek iz Vietnama ali Banglade\u0161a<\/p>\n<p>\u00a0<\/p>\n<p>Za dostavo in proizvodnjo izdelkov iz kategorije Merchandise skrbi na\u0161 partner PRINTFUL. Z naro\u010dilom enega od teh izdelkov se strinjate s splo\u0161nimi pogoji, politiko zasebnosti in politiko vra\u010danja izdelkov podjetja PRINTFUL.\u00a0<\/p>\n<p><a href=\"https:\/\/www.printful.com\/policies\/terms-of-service\">Tukaj najdete splo\u0161ne pogoje poslovanja dru\u017ebe PRINTFUL.<\/a><\/p>\n<p><a href=\"https:\/\/www.printful.com\/policies\/returns\">Pravilnik o vra\u010danju izdelkov PRINTFUL najdete tukaj.<\/a><\/p>\n<p><a href=\"https:\/\/www.printful.com\/policies\/privacy\">Pravilnik o zasebnosti dru\u017ebe PRINTFUL najdete tukaj.<\/a><\/p>","protected":false},"excerpt":{"rendered":"<p>O\u010detovske kape niso samo za o\u010dete. Ta ima nizek profil z nastavljivim trakom in ukrivljenim vizirjem. - 100% chino bomba\u017eni keper- Zelena kamufla\u017ena barva je 35% chino bomba\u017eni keper, 65% poliester- nestrukturiran, 6-delni, nizek profil- 6 izvezenih o\u010des- 3 \u215b\" (7,6 cm) krona- nastavljiv trak s starinsko zaponko- prazen izdelek iz Vietnama","protected":false},"featured_media":3613,"comment_status":"open","ping_status":"closed","template":"","meta":{"_acf_changed":false,"content-type":"","_monsterinsights_skip_tracking":false,"_monsterinsights_sitenote_active":false,"_monsterinsights_sitenote_note":"","_monsterinsights_sitenote_category":0},"product_brand":[],"product_cat":[245],"product_tag":[],"class_list":{"0":"post-3611","1":"product","2":"type-product","3":"status-publish","4":"has-post-thumbnail","6":"product_cat-merchandise","8":"first","9":"instock","10":"taxable","11":"shipping-taxable","12":"purchasable","13":"product-type-simple"},"acf":[],"aioseo_notices":[],"jetpack_sharing_enabled":true,"_links":{"self":[{"href":"https:\/\/antcube.shop\/sl\/wp-json\/wp\/v2\/product\/3611","targetHints":{"allow":["GET"]}}],"collection":[{"href":"https:\/\/antcube.shop\/sl\/wp-json\/wp\/v2\/product"}],"about":[{"href":"https:\/\/antcube.shop\/sl\/wp-json\/wp\/v2\/types\/product"}],"replies":[{"embeddable":true,"href":"https:\/\/antcube.shop\/sl\/wp-json\/wp\/v2\/comments?post=3611"}],"wp:featuredmedia":[{"embeddable":true,"href":"https:\/\/antcube.shop\/sl\/wp-json\/wp\/v2\/media\/3613"}],"wp:attachment":[{"href":"https:\/\/antcube.shop\/sl\/wp-json\/wp\/v2\/media?parent=3611"}],"wp:term":[{"taxonomy":"product_brand","embeddable":true,"href":"https:\/\/antcube.shop\/sl\/wp-json\/wp\/v2\/product_brand?post=3611"},{"taxonomy":"product_cat","embeddable":true,"href":"https:\/\/antcube.shop\/sl\/wp-json\/wp\/v2\/product_cat?post=3611"},{"taxonomy":"product_tag","embeddable":true,"href":"https:\/\/antcube.shop\/sl\/wp-json\/wp\/v2\/product_tag?post=3611"}],"curies":[{"name":"wp","href":"https:\/\/api.w.org\/{rel}","templated":true}]}}