{"id":3599,"date":"2021-11-19T12:47:56","date_gmt":"2021-11-19T11:47:56","guid":{"rendered":"https:\/\/antcube.shop\/produkt\/premium-eco-hoodie\/"},"modified":"2024-12-12T12:27:02","modified_gmt":"2024-12-12T11:27:02","slug":"premium-eco-hoodie","status":"publish","type":"product","link":"https:\/\/antcube.shop\/sl\/izdelek\/premium-eco-hoodie\/","title":{"rendered":"Ekolo\u0161ka majica s kapuco Premium"},"content":{"rendered":"<p>Spoznajte vrhunsko ekolo\u0161ko jopico s kapuco iz ekolo\u0161kih in recikliranih materialov. S svojim udobnim prileganjem, sprednjim \u017eepom in dvoslojno kapuco je kapuca klasi\u010den uli\u010dni kos, ki ga lahko oblikujete v ve\u010d razli\u010dnih videzov.<\/p>\n<p>- 85% organski bomba\u017e, 15% recikliran poliester<br \/>\n- Rebra: 97% organski bomba\u017e, 3% elastan<br \/>\n- Bru\u0161ena flis tkanina v notranjosti<br \/>\n- Udobno prileganje unisex<br \/>\n- Dvoslojna kapuca<br \/>\n- Plo\u0161\u010date vrvice s kovinskimi o\u010desci za vrhunski ob\u010dutek<br \/>\n- Kengurujski \u017eep<br \/>\n- Notranji in zunanji na\u0161itek za blagovno znamko<br \/>\n- Nalepka za nego, ki jo je mogo\u010de odtrgati<\/p>\n<p>&nbsp;<\/p>\n<p>Za dostavo in proizvodnjo izdelkov iz kategorije Merchandise skrbi na\u0161 partner PRINTFUL. Z naro\u010dilom enega od teh izdelkov se strinjate s splo\u0161nimi pogoji, politiko zasebnosti in politiko vra\u010danja izdelkov podjetja PRINTFUL.<\/p>\n<p><a href=\"https:\/\/www.printful.com\/policies\/terms-of-service\">Tukaj najdete splo\u0161ne pogoje poslovanja dru\u017ebe PRINTFUL.<\/a><\/p>\n<p><a href=\"https:\/\/www.printful.com\/policies\/returns\">Pravilnik o vra\u010danju izdelkov PRINTFUL najdete tukaj.<\/a><\/p>\n<p><a href=\"https:\/\/www.printful.com\/policies\/privacy\">Pravilnik o zasebnosti dru\u017ebe PRINTFUL najdete tukaj.<\/a><\/p>","protected":false},"excerpt":{"rendered":"<p>Spoznajte vrhunsko ekolo\u0161ko jopico s kapuco iz ekolo\u0161kih in recikliranih materialov. S svojim udobnim prileganjem, sprednjim \u017eepom in dvoslojno kapuco je kapuca klasi\u010den uli\u010dni kos, ki ga lahko oblikujete z ve\u010d razli\u010dnimi videzi. - 85% organski bomba\u017e, 15% recikliran poliester - rebra: 97% organski bomba\u017e, 3% elastan - notranjost iz krta\u010denega flisa","protected":false},"featured_media":3607,"comment_status":"open","ping_status":"closed","template":"","meta":{"_acf_changed":false,"content-type":"","_monsterinsights_skip_tracking":false,"_monsterinsights_sitenote_active":false,"_monsterinsights_sitenote_note":"","_monsterinsights_sitenote_category":0},"product_brand":[],"product_cat":[245],"product_tag":[],"class_list":{"0":"post-3599","1":"product","2":"type-product","3":"status-publish","4":"has-post-thumbnail","6":"product_cat-merchandise","8":"first","9":"instock","10":"taxable","11":"shipping-taxable","12":"purchasable","13":"product-type-variable"},"acf":[],"aioseo_notices":[],"jetpack_sharing_enabled":true,"_links":{"self":[{"href":"https:\/\/antcube.shop\/sl\/wp-json\/wp\/v2\/product\/3599","targetHints":{"allow":["GET"]}}],"collection":[{"href":"https:\/\/antcube.shop\/sl\/wp-json\/wp\/v2\/product"}],"about":[{"href":"https:\/\/antcube.shop\/sl\/wp-json\/wp\/v2\/types\/product"}],"replies":[{"embeddable":true,"href":"https:\/\/antcube.shop\/sl\/wp-json\/wp\/v2\/comments?post=3599"}],"wp:featuredmedia":[{"embeddable":true,"href":"https:\/\/antcube.shop\/sl\/wp-json\/wp\/v2\/media\/3607"}],"wp:attachment":[{"href":"https:\/\/antcube.shop\/sl\/wp-json\/wp\/v2\/media?parent=3599"}],"wp:term":[{"taxonomy":"product_brand","embeddable":true,"href":"https:\/\/antcube.shop\/sl\/wp-json\/wp\/v2\/product_brand?post=3599"},{"taxonomy":"product_cat","embeddable":true,"href":"https:\/\/antcube.shop\/sl\/wp-json\/wp\/v2\/product_cat?post=3599"},{"taxonomy":"product_tag","embeddable":true,"href":"https:\/\/antcube.shop\/sl\/wp-json\/wp\/v2\/product_tag?post=3599"}],"curies":[{"name":"wp","href":"https:\/\/api.w.org\/{rel}","templated":true}]}}