{"id":3575,"date":"2021-11-19T12:45:26","date_gmt":"2021-11-19T11:45:26","guid":{"rendered":"https:\/\/antcube.shop\/produkt\/unisex-organic-cotton-t-shirt\/"},"modified":"2024-12-12T12:27:10","modified_gmt":"2024-12-12T11:27:10","slug":"majica-iz-ekoloskega-bombaza-za-unisex","status":"publish","type":"product","link":"https:\/\/antcube.shop\/sl\/izdelek\/majica-iz-ekoloskega-bombaza-za-unisex\/","title":{"rendered":"Unisex majica iz organskega bomba\u017ea"},"content":{"rendered":"<p>Ta majica unisex je izdelana iz organskega bomba\u017ea 100%, ki ga je treba imeti. Je visokokakovostna, zelo udobna in najbolj prijazna do okolja.<\/p>\n<p>- 100% organski obro\u010dkasto predeni bomba\u017e<br \/>\n- Te\u017ea tkanine: 5,3 oz\/yd\u00b2 (180 g\/m\u00b2)<br \/>\n- Enotna majica<br \/>\n- Srednje prileganje<br \/>\n- Vstavljeni rokavi<br \/>\n- 1 \u00d7 1 rebro na ovratniku<br \/>\n- \u0160iroki dvojni \u0161iv na rokavih in spodnjih robovih<br \/>\n- Trak za vrat (na notranji strani, zadaj na vratu)<br \/>\n- Prazen izdelek iz Kitajske ali Banglade\u0161a<\/p>\n<p>&nbsp;<\/p>\n<p>Za dostavo in proizvodnjo izdelkov iz kategorije Merchandise skrbi na\u0161 partner PRINTFUL. Z naro\u010dilom enega od teh izdelkov se strinjate s splo\u0161nimi pogoji, politiko zasebnosti in politiko vra\u010danja izdelkov podjetja PRINTFUL.<\/p>\n<p><a href=\"https:\/\/www.printful.com\/policies\/terms-of-service\">Tukaj najdete splo\u0161ne pogoje poslovanja dru\u017ebe PRINTFUL.<\/a><\/p>\n<p><a href=\"https:\/\/www.printful.com\/policies\/returns\">Pravilnik o vra\u010danju izdelkov PRINTFUL najdete tukaj.<\/a><\/p>\n<p><a href=\"https:\/\/www.printful.com\/policies\/privacy\">Pravilnik o zasebnosti dru\u017ebe PRINTFUL najdete tukaj.<\/a><\/p>","protected":false},"excerpt":{"rendered":"<p>Ta majica unisex je izdelana iz organskega bomba\u017ea 100%, ki ga je treba imeti. Je visokokakovostna, zelo udobna in najbolj prijazna do okolja. - 100% organski bomba\u017e z obro\u010dnim predenjem - gramatura tkanine: 5,3 oz\/yd\u00b2 (180 g\/m\u00b2) - enojni jersey - srednji kroj - vdelani rokavi - 1 \u00d7 1 rebro na ovratniku - \u0161irok dvonitni zgornji \u0161iv na","protected":false},"featured_media":3582,"comment_status":"open","ping_status":"closed","template":"","meta":{"_acf_changed":false,"content-type":"","_monsterinsights_skip_tracking":false,"_monsterinsights_sitenote_active":false,"_monsterinsights_sitenote_note":"","_monsterinsights_sitenote_category":0},"product_brand":[],"product_cat":[245],"product_tag":[],"class_list":{"0":"post-3575","1":"product","2":"type-product","3":"status-publish","4":"has-post-thumbnail","6":"product_cat-merchandise","8":"first","9":"instock","10":"taxable","11":"shipping-taxable","12":"purchasable","13":"product-type-variable"},"acf":[],"aioseo_notices":[],"jetpack_sharing_enabled":true,"_links":{"self":[{"href":"https:\/\/antcube.shop\/sl\/wp-json\/wp\/v2\/product\/3575","targetHints":{"allow":["GET"]}}],"collection":[{"href":"https:\/\/antcube.shop\/sl\/wp-json\/wp\/v2\/product"}],"about":[{"href":"https:\/\/antcube.shop\/sl\/wp-json\/wp\/v2\/types\/product"}],"replies":[{"embeddable":true,"href":"https:\/\/antcube.shop\/sl\/wp-json\/wp\/v2\/comments?post=3575"}],"wp:featuredmedia":[{"embeddable":true,"href":"https:\/\/antcube.shop\/sl\/wp-json\/wp\/v2\/media\/3582"}],"wp:attachment":[{"href":"https:\/\/antcube.shop\/sl\/wp-json\/wp\/v2\/media?parent=3575"}],"wp:term":[{"taxonomy":"product_brand","embeddable":true,"href":"https:\/\/antcube.shop\/sl\/wp-json\/wp\/v2\/product_brand?post=3575"},{"taxonomy":"product_cat","embeddable":true,"href":"https:\/\/antcube.shop\/sl\/wp-json\/wp\/v2\/product_cat?post=3575"},{"taxonomy":"product_tag","embeddable":true,"href":"https:\/\/antcube.shop\/sl\/wp-json\/wp\/v2\/product_tag?post=3575"}],"curies":[{"name":"wp","href":"https:\/\/api.w.org\/{rel}","templated":true}]}}