{"id":3174,"date":"2021-11-08T12:21:44","date_gmt":"2021-11-08T11:21:44","guid":{"rendered":"https:\/\/antcube.shop\/produkt\/ytongnest-40x20-mit-arena\/"},"modified":"2026-05-08T09:02:18","modified_gmt":"2026-05-08T07:02:18","slug":"ytongnest-40x20-mit-arena","status":"publish","type":"product","link":"https:\/\/antcube.shop\/sl\/izdelek\/ytongnest-40x20-mit-arena\/","title":{"rendered":"Ytongnest - 40\u00d720 z areno"},"content":{"rendered":"<p><strong>Material:<\/strong> porobeton, steklo, plastika PMMA in PVC<\/p>\n<p><strong>Povezava:<\/strong> 1x 14 mm odprtina; 1x 27 mm odprtina<\/p>\n<p><strong>Vsebina:<\/strong><br \/>\n1x blok iz porobetona 40x20x5 cm z 20 mm globokimi komorami.<br \/>\n1x steklena plo\u0161\u010da 40\u00d720 cm z odprtino 50 mm in arena 20\u00d720 cm<br \/>\n1x okvir za mravlji\u0161\u010de 20\u00d720<br \/>\n1x pokrov za mravlji\u0161\u010de 20\u00d720<br \/>\n1x 50 mm obro\u010d s 27 mm odprtino<br \/>\n1x \u010dep za formikarij 13 mm<br \/>\n2x \u010dep Formicarium 27 mm<br \/>\n2x Formikarijev \u010dep 50 mm<\/p>\n<p><strong>Opis:<\/strong><br \/>\nYtong je blagovna znamka, sam material pa se imenuje porobeton.<br \/>\nZaradi lastnosti zadr\u017eevanja vode je material primeren za gojenje mravelj. Uporablja se lahko za gojenje \u0161tevilnih vrst mravelj, tako iz suhih kot mokrih habitatov. Odvisno od vrste mravelj je priporo\u010dljivo, da se dno komore prekrije s substratom. Nekatere vrste se tako bolje po\u010dutijo in na primer vrste mravelj iz rodu Ponerinae potrebujejo zemljo, da se njihove li\u010dinke pravilno izle\u017eejo. Ker to gnezdo \u017ee vklju\u010duje areno, se lahko uporablja kot popolna postavitev formikarija.<\/p>\n<p><strong>Nasvet:<\/strong><br \/>\nDa bi prepre\u010dili uhajanje vode iz gnezda Ytong po navla\u017eitvi obmo\u010dja gnezda in njeno nabiranje na povr\u0161ini pohi\u0161tva spodaj ali da bi hrapav material opraskal povr\u0161ine, priporo\u010damo, da naro\u010dite eno od na\u0161ih ujemajo\u010dih se steklenih kadi, ki se prilega na\u0161im gnezdom Ytong. Te so vodoodporne in tako u\u010dinkovito \u0161\u010ditijo spodnje povr\u0161ine pred po\u0161kodbami zaradi vode in praskanja.<\/p>\n<p><strong>Uporaba:<\/strong><br \/>\nZa vrste mravelj velikosti <b>M<\/b> <b>&#8211;\u00a0<\/b><b>L<\/b>.<br \/>\nPorobeton je zelo krhek in ob\u010dutljiv material. Zato je zaradi postopka izdelave nemogo\u010de prepre\u010diti, da bi se na vogalih in robovih pojavili rahli prelomi in neravnine. Zaradi tega gnezda Ytong niso primerna za zelo majhne vrste mravelj velikosti <b>S<\/b>, saj bi te vrste tu zlahka izbruhnile.<\/p>","protected":false},"excerpt":{"rendered":"<p>Povezava: 1x14mm 1x27mm<br \/>\nVelikost: <strong><span style=\"color: #339966;\">M<\/span><\/strong><strong> &#8211; <span style=\"color: #0000ff;\">L<\/span><\/strong><\/p>","protected":false},"featured_media":3011,"comment_status":"open","ping_status":"closed","template":"","meta":{"_acf_changed":false,"content-type":"","_monsterinsights_skip_tracking":false,"_monsterinsights_sitenote_active":false,"_monsterinsights_sitenote_note":"","_monsterinsights_sitenote_category":0},"product_brand":[],"product_cat":[85,86],"product_tag":[],"class_list":{"0":"post-3174","1":"product","2":"type-product","3":"status-publish","4":"has-post-thumbnail","6":"product_cat-ant-arenas","7":"product_cat-formicariums","9":"first","10":"instock","11":"taxable","12":"shipping-taxable","13":"purchasable","14":"product-type-simple"},"acf":[],"aioseo_notices":[],"jetpack_sharing_enabled":true,"_links":{"self":[{"href":"https:\/\/antcube.shop\/sl\/wp-json\/wp\/v2\/product\/3174","targetHints":{"allow":["GET"]}}],"collection":[{"href":"https:\/\/antcube.shop\/sl\/wp-json\/wp\/v2\/product"}],"about":[{"href":"https:\/\/antcube.shop\/sl\/wp-json\/wp\/v2\/types\/product"}],"replies":[{"embeddable":true,"href":"https:\/\/antcube.shop\/sl\/wp-json\/wp\/v2\/comments?post=3174"}],"wp:featuredmedia":[{"embeddable":true,"href":"https:\/\/antcube.shop\/sl\/wp-json\/wp\/v2\/media\/3011"}],"wp:attachment":[{"href":"https:\/\/antcube.shop\/sl\/wp-json\/wp\/v2\/media?parent=3174"}],"wp:term":[{"taxonomy":"product_brand","embeddable":true,"href":"https:\/\/antcube.shop\/sl\/wp-json\/wp\/v2\/product_brand?post=3174"},{"taxonomy":"product_cat","embeddable":true,"href":"https:\/\/antcube.shop\/sl\/wp-json\/wp\/v2\/product_cat?post=3174"},{"taxonomy":"product_tag","embeddable":true,"href":"https:\/\/antcube.shop\/sl\/wp-json\/wp\/v2\/product_tag?post=3174"}],"curies":[{"name":"wp","href":"https:\/\/api.w.org\/{rel}","templated":true}]}}