{"id":3168,"date":"2021-11-08T10:47:51","date_gmt":"2021-11-08T09:47:51","guid":{"rendered":"https:\/\/antcube.shop\/produkt\/glaswanne-20x20\/"},"modified":"2026-04-14T11:48:52","modified_gmt":"2026-04-14T09:48:52","slug":"glaswanne-20x20","status":"publish","type":"product","link":"https:\/\/antcube.shop\/sl\/izdelek\/glaswanne-20x20\/","title":{"rendered":"Steklena kad 20\u00d720"},"content":{"rendered":"<p><strong>Dimenzije:<\/strong> 22 x 22 x 2 cm<br \/>\n<strong>Notranja dimenzija:<\/strong> 21 x 21 x 1,6 cm<\/p>\n<p><strong>Vsebina:<\/strong><br \/>\n1x kad 22x22x2 cm iz 4 mm float stekla.<\/p>\n<p><strong>Opis:<\/strong><br \/>\nSteklena kad nima lukenj, je lepljena vodoodporno in jo je zato mogo\u010de napolniti tudi z vodo. Zasnovana je bila za na\u0161a gnezda Ytong za mravlje. Ta gnezda je mogo\u010de enostavno zalivati in premikati, ne da bi se voda nabirala na podlago (mizo, omaro itd.) ali da bi grob Ytong opraskal podlago. Po \u017eelji lahko razli\u010dna gnezda postavite v sredi\u0161\u010de kot otok.<\/p>","protected":false},"excerpt":{"rendered":"<p>Steklena kad za na\u0161e gnezdo Ytong 20\u00d720<\/p>","protected":false},"featured_media":3005,"comment_status":"open","ping_status":"closed","template":"","meta":{"_acf_changed":false,"content-type":"","_monsterinsights_skip_tracking":false,"_monsterinsights_sitenote_active":false,"_monsterinsights_sitenote_note":"","_monsterinsights_sitenote_category":0},"product_brand":[],"product_cat":[119,239],"product_tag":[],"class_list":{"0":"post-3168","1":"product","2":"type-product","3":"status-publish","4":"has-post-thumbnail","6":"product_cat-formicarium-components","7":"product_cat-useful-additions","9":"first","10":"instock","11":"taxable","12":"shipping-taxable","13":"purchasable","14":"product-type-simple"},"acf":[],"aioseo_notices":[],"jetpack_sharing_enabled":true,"_links":{"self":[{"href":"https:\/\/antcube.shop\/sl\/wp-json\/wp\/v2\/product\/3168","targetHints":{"allow":["GET"]}}],"collection":[{"href":"https:\/\/antcube.shop\/sl\/wp-json\/wp\/v2\/product"}],"about":[{"href":"https:\/\/antcube.shop\/sl\/wp-json\/wp\/v2\/types\/product"}],"replies":[{"embeddable":true,"href":"https:\/\/antcube.shop\/sl\/wp-json\/wp\/v2\/comments?post=3168"}],"wp:featuredmedia":[{"embeddable":true,"href":"https:\/\/antcube.shop\/sl\/wp-json\/wp\/v2\/media\/3005"}],"wp:attachment":[{"href":"https:\/\/antcube.shop\/sl\/wp-json\/wp\/v2\/media?parent=3168"}],"wp:term":[{"taxonomy":"product_brand","embeddable":true,"href":"https:\/\/antcube.shop\/sl\/wp-json\/wp\/v2\/product_brand?post=3168"},{"taxonomy":"product_cat","embeddable":true,"href":"https:\/\/antcube.shop\/sl\/wp-json\/wp\/v2\/product_cat?post=3168"},{"taxonomy":"product_tag","embeddable":true,"href":"https:\/\/antcube.shop\/sl\/wp-json\/wp\/v2\/product_tag?post=3168"}],"curies":[{"name":"wp","href":"https:\/\/api.w.org\/{rel}","templated":true}]}}