{"id":3162,"date":"2021-11-08T10:46:52","date_gmt":"2021-11-08T09:46:52","guid":{"rendered":"https:\/\/antcube.shop\/produkt\/antcube-eck-plattform-8x8-magnet\/"},"modified":"2026-04-14T14:05:22","modified_gmt":"2026-04-14T12:05:22","slug":"antcube-eck-plattform-8x8-magnet","status":"publish","type":"product","link":"https:\/\/antcube.shop\/sl\/izdelek\/antcube-eck-plattform-8x8-magnet\/","title":{"rendered":"ANTCUBE vogalna plo\u0161\u010dad 8\u00d78 - magnetna"},"content":{"rendered":"<p><strong>Dimenzije:<\/strong> 80 x 80 x 22 mm<\/p>\n<p><strong>Material:<\/strong> akrilno steklo<\/p>\n<p><strong>Barva:<\/strong> prozorno<\/p>\n<p><strong>Vsebina:<\/strong> 1 kos. (3 deli)<\/p>\n<p><strong>Opis:<\/strong><br \/>\nVogalno plo\u0161\u010dad ANTCUBE 8\u00d78 - magnetno je mogo\u010de s pomo\u010djo magnetov pritrditi v vsak formikarij. Posebej primerna je v na\u0161ih vi\u0161jih formikarijih ANTCUBE, saj nanjo lahko namestite krmilnice, sklede ali napajalnike.<br \/>\nKotno plo\u0161\u010dad ANTCUBE 8 \u00d7 8 - magnetno lahko premaknete na \u017eeleno vi\u0161ino ali globino tako, da jo z zunanje strani pritrdite z magneti.<\/p>\n<p><strong>Obvestilo:<\/strong><br \/>\nZaradi proizvodnega procesa so na magnetnih delih lahko manj\u0161e do srednje velike razpoke.<\/p>\n<p>&nbsp;<\/p>","protected":false},"excerpt":{"rendered":"<p>Dimenzije: Material: akrilno steklo Barva: prozorna Vsebina: 80 x 80 x 22 mm: (3 deli) Opis: 1 kos (3 deli): Vogalni podstavek ANTCUBE 8x8 - magnetni se lahko s pomo\u010djo magnetov pritrdi v vsak formikarij. Posebej primerna je v na\u0161ih vi\u0161jih formikarijih ANTCUBE, da nanjo postavite hranilnice, sklede ali napajalnike. Na spletni strani","protected":false},"featured_media":3140,"comment_status":"open","ping_status":"closed","template":"","meta":{"_acf_changed":false,"content-type":"","_monsterinsights_skip_tracking":false,"_monsterinsights_sitenote_active":false,"_monsterinsights_sitenote_note":"","_monsterinsights_sitenote_category":0},"product_brand":[],"product_cat":[119,239],"product_tag":[],"class_list":{"0":"post-3162","1":"product","2":"type-product","3":"status-publish","4":"has-post-thumbnail","6":"product_cat-formicarium-components","7":"product_cat-useful-additions","9":"first","10":"instock","11":"taxable","12":"shipping-taxable","13":"purchasable","14":"product-type-simple"},"acf":[],"aioseo_notices":[],"jetpack_sharing_enabled":true,"_links":{"self":[{"href":"https:\/\/antcube.shop\/sl\/wp-json\/wp\/v2\/product\/3162","targetHints":{"allow":["GET"]}}],"collection":[{"href":"https:\/\/antcube.shop\/sl\/wp-json\/wp\/v2\/product"}],"about":[{"href":"https:\/\/antcube.shop\/sl\/wp-json\/wp\/v2\/types\/product"}],"replies":[{"embeddable":true,"href":"https:\/\/antcube.shop\/sl\/wp-json\/wp\/v2\/comments?post=3162"}],"wp:featuredmedia":[{"embeddable":true,"href":"https:\/\/antcube.shop\/sl\/wp-json\/wp\/v2\/media\/3140"}],"wp:attachment":[{"href":"https:\/\/antcube.shop\/sl\/wp-json\/wp\/v2\/media?parent=3162"}],"wp:term":[{"taxonomy":"product_brand","embeddable":true,"href":"https:\/\/antcube.shop\/sl\/wp-json\/wp\/v2\/product_brand?post=3162"},{"taxonomy":"product_cat","embeddable":true,"href":"https:\/\/antcube.shop\/sl\/wp-json\/wp\/v2\/product_cat?post=3162"},{"taxonomy":"product_tag","embeddable":true,"href":"https:\/\/antcube.shop\/sl\/wp-json\/wp\/v2\/product_tag?post=3162"}],"curies":[{"name":"wp","href":"https:\/\/api.w.org\/{rel}","templated":true}]}}