{"id":3161,"date":"2021-11-08T10:46:44","date_gmt":"2021-11-08T09:46:44","guid":{"rendered":"https:\/\/antcube.shop\/produkt\/malvenbluten-100g-getrocknet\/"},"modified":"2026-04-02T17:28:49","modified_gmt":"2026-04-02T15:28:49","slug":"malvenbluten-100g-getrocknet","status":"publish","type":"product","link":"https:\/\/antcube.shop\/sl\/izdelek\/malvenbluten-100g-getrocknet\/","title":{"rendered":"Slezovi cvetovi 100 g - posu\u0161eni"},"content":{"rendered":"<p><strong>Vsebina:<\/strong><br \/>\n100 g posu\u0161enih cvetov sleza<\/p>\n<p><strong>Opis:<\/strong><br \/>\nCvetovi sleza kot goji\u0161\u010de za vrste mravelj, ki se razmno\u017eujejo z glivami. Gre za povsem naraven proizvod.<\/p>\n<p><strong>Uporaba:<\/strong><br \/>\nCvetovi slezov = za vrste mravelj, ki se razmno\u017eujejo z glivami.<br \/>\nSuhi cvetovi slu\u017eijo le kot goji\u0161\u010de za glivice mravelj (priporo\u010dljivo je, da hkrati ponudite sve\u017ee liste kot vla\u017eilno sredstvo).<br \/>\nPreprosto polo\u017eite ro\u017ee, ki jih \u017eelite hraniti, v komoro za suho hrano.<\/p>\n<p><strong>Shranjevanje:<\/strong><br \/>\nV suhem okolju<\/p>\n<p><strong>Vsebuje:<\/strong><br \/>\n100% posu\u0161eni cvetovi slezenovca<\/p>","protected":false},"excerpt":{"rendered":"<p>Vsebina: Opis: 100 g posu\u0161enih cvetov slezenovca: Cvetovi slezenovca kot goji\u0161\u010de za vrste mravelj, ki se razmno\u017eujejo z glivami. Gre za povsem naraven proizvod. Uporaba: Cvetovi slezenovca = za vrste mravelj, ki se razmno\u017eujejo z glivami. Suhi cvetovi slu\u017eijo le kot goji\u0161\u010de za glive mravelj (obenem ponujajo sve\u017ee liste kot vla\u017eilno sredstvo), ki so namenjeni za razmno\u017eevanje mravelj iz rodu listavcev.","protected":false},"featured_media":5483,"comment_status":"open","ping_status":"closed","template":"","meta":{"_acf_changed":false,"content-type":"","_monsterinsights_skip_tracking":false,"_monsterinsights_sitenote_active":false,"_monsterinsights_sitenote_note":"","_monsterinsights_sitenote_category":0},"product_brand":[],"product_cat":[115,116],"product_tag":[],"class_list":{"0":"post-3161","1":"product","2":"type-product","3":"status-publish","4":"has-post-thumbnail","6":"product_cat-food-and-feeding","7":"product_cat-food","9":"first","10":"instock","11":"taxable","12":"shipping-taxable","13":"purchasable","14":"product-type-simple"},"acf":[],"aioseo_notices":[],"jetpack_sharing_enabled":true,"_links":{"self":[{"href":"https:\/\/antcube.shop\/sl\/wp-json\/wp\/v2\/product\/3161","targetHints":{"allow":["GET"]}}],"collection":[{"href":"https:\/\/antcube.shop\/sl\/wp-json\/wp\/v2\/product"}],"about":[{"href":"https:\/\/antcube.shop\/sl\/wp-json\/wp\/v2\/types\/product"}],"replies":[{"embeddable":true,"href":"https:\/\/antcube.shop\/sl\/wp-json\/wp\/v2\/comments?post=3161"}],"wp:featuredmedia":[{"embeddable":true,"href":"https:\/\/antcube.shop\/sl\/wp-json\/wp\/v2\/media\/5483"}],"wp:attachment":[{"href":"https:\/\/antcube.shop\/sl\/wp-json\/wp\/v2\/media?parent=3161"}],"wp:term":[{"taxonomy":"product_brand","embeddable":true,"href":"https:\/\/antcube.shop\/sl\/wp-json\/wp\/v2\/product_brand?post=3161"},{"taxonomy":"product_cat","embeddable":true,"href":"https:\/\/antcube.shop\/sl\/wp-json\/wp\/v2\/product_cat?post=3161"},{"taxonomy":"product_tag","embeddable":true,"href":"https:\/\/antcube.shop\/sl\/wp-json\/wp\/v2\/product_tag?post=3161"}],"curies":[{"name":"wp","href":"https:\/\/api.w.org\/{rel}","templated":true}]}}