{"id":3160,"date":"2021-11-08T10:46:36","date_gmt":"2021-11-08T09:46:36","guid":{"rendered":"https:\/\/antcube.shop\/produkt\/sonnenblumenblutenblatter-100g-getrocknet\/"},"modified":"2026-04-02T17:28:47","modified_gmt":"2026-04-02T15:28:47","slug":"sonnenblumenblutenblatter-100g-getrocknet","status":"publish","type":"product","link":"https:\/\/antcube.shop\/sl\/izdelek\/sonnenblumenblutenblatter-100g-getrocknet\/","title":{"rendered":"100 g son\u010dni\u010dnih cvetnih listov - posu\u0161enih"},"content":{"rendered":"<p><strong>Vsebina:<\/strong><br \/>\n100 g posu\u0161enih son\u010dni\u010dnih cvetnih listov.<\/p>\n<p><strong>Opis:<\/strong><br \/>\nSon\u010dni\u010dni cvetni listi kot hranilno sredstvo za glive, ki rastejo pri vrstah mravelj. Gre za povsem naraven izdelek.<\/p>\n<p><strong>Uporaba:<\/strong><br \/>\nSon\u010dni\u010dni cvetni listi = za vrste mravelj, ki gojijo glive.<br \/>\nSuhi cvetni listi so le goji\u0161\u010de za glivice mravelj (priporo\u010dljivo je, da hkrati ponudite sve\u017ee liste kot vla\u017eilno sredstvo).<br \/>\nOkrasne listi\u010de, ki jih \u017eelite hraniti, preprosto polo\u017eite v komoro za suho hrano.<\/p>\n<p><strong>Shranjevanje:<\/strong><br \/>\nV suhem okolju<\/p>\n<p><strong>Vsebuje:<\/strong><br \/>\n100% posu\u0161eni cvetni listi son\u010dnic.<\/p>","protected":false},"excerpt":{"rendered":"<p>Contents: 100g dried sunflower petals. Description: Sunflower petals as a nutrient medium for fungus growing ant species. It is a purely natural product. Usage: Sunflower petals = for fungus breeding ant species. The dry petals only serve as a breeding ground for the fungus of leafcutter ants (offering fresh leafs as a moisturizer at the [&#8230;]","protected":false},"featured_media":10875,"comment_status":"open","ping_status":"closed","template":"","meta":{"_acf_changed":false,"content-type":"","_monsterinsights_skip_tracking":false,"_monsterinsights_sitenote_active":false,"_monsterinsights_sitenote_note":"","_monsterinsights_sitenote_category":0},"product_brand":[],"product_cat":[115,116],"product_tag":[],"class_list":{"0":"post-3160","1":"product","2":"type-product","3":"status-publish","4":"has-post-thumbnail","6":"product_cat-food-and-feeding","7":"product_cat-food","9":"first","10":"instock","11":"taxable","12":"shipping-taxable","13":"purchasable","14":"product-type-simple"},"acf":[],"aioseo_notices":[],"jetpack_sharing_enabled":true,"_links":{"self":[{"href":"https:\/\/antcube.shop\/sl\/wp-json\/wp\/v2\/product\/3160","targetHints":{"allow":["GET"]}}],"collection":[{"href":"https:\/\/antcube.shop\/sl\/wp-json\/wp\/v2\/product"}],"about":[{"href":"https:\/\/antcube.shop\/sl\/wp-json\/wp\/v2\/types\/product"}],"replies":[{"embeddable":true,"href":"https:\/\/antcube.shop\/sl\/wp-json\/wp\/v2\/comments?post=3160"}],"wp:featuredmedia":[{"embeddable":true,"href":"https:\/\/antcube.shop\/sl\/wp-json\/wp\/v2\/media\/10875"}],"wp:attachment":[{"href":"https:\/\/antcube.shop\/sl\/wp-json\/wp\/v2\/media?parent=3160"}],"wp:term":[{"taxonomy":"product_brand","embeddable":true,"href":"https:\/\/antcube.shop\/sl\/wp-json\/wp\/v2\/product_brand?post=3160"},{"taxonomy":"product_cat","embeddable":true,"href":"https:\/\/antcube.shop\/sl\/wp-json\/wp\/v2\/product_cat?post=3160"},{"taxonomy":"product_tag","embeddable":true,"href":"https:\/\/antcube.shop\/sl\/wp-json\/wp\/v2\/product_tag?post=3160"}],"curies":[{"name":"wp","href":"https:\/\/api.w.org\/{rel}","templated":true}]}}